{"id":18229,"date":"2025-12-03T10:10:33","date_gmt":"2025-12-03T13:10:33","guid":{"rendered":"https:\/\/www.oestepizzaparty.com.ar\/?post_type=product&#038;p=18229"},"modified":"2026-04-16T13:05:30","modified_gmt":"2026-04-16T16:05:30","slug":"harina-italiana-00-croissant-x-10kg-le-sinfonie","status":"publish","type":"product","link":"https:\/\/www.oestepizzaparty.com.ar\/?product=harina-italiana-00-croissant-x-10kg-le-sinfonie","title":{"rendered":"Harina Italiana 00 Croissant x 10kg &#8211; Le sinfonie venc 31\/10\/26"},"content":{"rendered":"<p><strong>Harina muy equilibrada ideal para hacer hojaldre reposado, croissants, hojaldres y pastas fritas blandas.<\/strong><\/p>\n<p>Harina equilibrada en elasticidad y extensibilidad para favorecer la formaci\u00f3n de una estructura maleable. Favorece el leudado largo e indirecto, promueve la laminabilidad durante los reposos largos, ofrece estabilidad en la producci\u00f3n, favorece el desarrollo voluminoso en el leudado y el horneado. Espec\u00edfico para croissants franceses, croissants italianos, masa de brioche, masa de levadura peque\u00f1a, hojaldre reposado, pasta choux enriquecida.<\/p>\n","protected":false},"excerpt":{"rendered":"<p>Harina muy equilibrada ideal para hacer hojaldre reposado, croissants, hojaldres y pastas fritas blandas. Harina equilibrada en elasticidad y extensibilidad para favorecer la formaci\u00f3n de una estructura maleable. Favorece el leudado largo e indirecto, promueve la laminabilidad durante los reposos largos, ofrece estabilidad en la producci\u00f3n, favorece el desarrollo voluminoso en el leudado y el [&hellip;]<\/p>\n","protected":false},"featured_media":18230,"comment_status":"open","ping_status":"closed","template":"","meta":{"_et_pb_use_builder":"","_et_pb_old_content":"","_et_gb_content_width":"","om_disable_all_campaigns":false,"_monsterinsights_skip_tracking":false,"_monsterinsights_sitenote_active":false,"_monsterinsights_sitenote_note":"","_monsterinsights_sitenote_category":0,"_joinchat":[]},"product_brand":[],"product_cat":[689,693,706,720],"product_tag":[],"class_list":{"0":"post-18229","1":"product","2":"type-product","3":"status-publish","4":"has-post-thumbnail","6":"product_cat-harinas","7":"product_cat-harinas-importadas","8":"product_cat-ofertas-destacadas","9":"product_cat-ofertas-especiales","11":"first","12":"outofstock","13":"taxable","14":"shipping-taxable","15":"product-type-simple"},"aioseo_notices":[],"_links":{"self":[{"href":"https:\/\/www.oestepizzaparty.com.ar\/index.php?rest_route=\/wp\/v2\/product\/18229","targetHints":{"allow":["GET"]}}],"collection":[{"href":"https:\/\/www.oestepizzaparty.com.ar\/index.php?rest_route=\/wp\/v2\/product"}],"about":[{"href":"https:\/\/www.oestepizzaparty.com.ar\/index.php?rest_route=\/wp\/v2\/types\/product"}],"replies":[{"embeddable":true,"href":"https:\/\/www.oestepizzaparty.com.ar\/index.php?rest_route=%2Fwp%2Fv2%2Fcomments&post=18229"}],"wp:featuredmedia":[{"embeddable":true,"href":"https:\/\/www.oestepizzaparty.com.ar\/index.php?rest_route=\/wp\/v2\/media\/18230"}],"wp:attachment":[{"href":"https:\/\/www.oestepizzaparty.com.ar\/index.php?rest_route=%2Fwp%2Fv2%2Fmedia&parent=18229"}],"wp:term":[{"taxonomy":"product_brand","embeddable":true,"href":"https:\/\/www.oestepizzaparty.com.ar\/index.php?rest_route=%2Fwp%2Fv2%2Fproduct_brand&post=18229"},{"taxonomy":"product_cat","embeddable":true,"href":"https:\/\/www.oestepizzaparty.com.ar\/index.php?rest_route=%2Fwp%2Fv2%2Fproduct_cat&post=18229"},{"taxonomy":"product_tag","embeddable":true,"href":"https:\/\/www.oestepizzaparty.com.ar\/index.php?rest_route=%2Fwp%2Fv2%2Fproduct_tag&post=18229"}],"curies":[{"name":"wp","href":"https:\/\/api.w.org\/{rel}","templated":true}]}}