{"id":18232,"date":"2025-12-03T10:13:34","date_gmt":"2025-12-03T13:13:34","guid":{"rendered":"https:\/\/www.oestepizzaparty.com.ar\/?post_type=product&#038;p=18232"},"modified":"2026-03-05T20:51:29","modified_gmt":"2026-03-05T23:51:29","slug":"harina-italiana-00-pan-di-spagna-x-10kg-le-sinfonie","status":"publish","type":"product","link":"https:\/\/www.oestepizzaparty.com.ar\/?product=harina-italiana-00-pan-di-spagna-x-10kg-le-sinfonie","title":{"rendered":"Harina Italiana 00 Pan Di Spagna x 10kg &#8211; Le sinfonie venc 3\/10\/26"},"content":{"rendered":"<p><strong>Harina espec\u00edfica para la producci\u00f3n de Pan di Spagna<\/strong><\/p>\n<p>Harina de trigo blando de tipo 00, capaz de conferir un soporte delicado, carente de dureza, a las masas batidas. Extensible, poco el\u00e1stica, facilita la expansi\u00f3n f\u00edsica durante la cocci\u00f3n, apta para la producci\u00f3n panadera con leudado qu\u00edmico y f\u00edsico. Admite la fermentaci\u00f3n corta.<\/p>\n<p>Ideal para: panes de molde, pancitos, panes fermentados lentamente<\/p>\n","protected":false},"excerpt":{"rendered":"<p>Harina espec\u00edfica para la producci\u00f3n de Pan di Spagna Harina de trigo blando de tipo 00, capaz de conferir un soporte delicado, carente de dureza, a las masas batidas. Extensible, poco el\u00e1stica, facilita la expansi\u00f3n f\u00edsica durante la cocci\u00f3n, apta para la producci\u00f3n panadera con leudado qu\u00edmico y f\u00edsico. Admite la fermentaci\u00f3n corta. Ideal para: [&hellip;]<\/p>\n","protected":false},"featured_media":18233,"comment_status":"open","ping_status":"closed","template":"","meta":{"_et_pb_use_builder":"","_et_pb_old_content":"","_et_gb_content_width":"","om_disable_all_campaigns":false,"_monsterinsights_skip_tracking":false,"_monsterinsights_sitenote_active":false,"_monsterinsights_sitenote_note":"","_monsterinsights_sitenote_category":0,"_joinchat":[]},"product_brand":[],"product_cat":[689,693,706,720],"product_tag":[],"class_list":{"0":"post-18232","1":"product","2":"type-product","3":"status-publish","4":"has-post-thumbnail","6":"product_cat-harinas","7":"product_cat-harinas-importadas","8":"product_cat-ofertas-destacadas","9":"product_cat-ofertas-especiales","11":"first","12":"instock","13":"sale","14":"taxable","15":"shipping-taxable","16":"purchasable","17":"product-type-simple"},"aioseo_notices":[],"_links":{"self":[{"href":"https:\/\/www.oestepizzaparty.com.ar\/index.php?rest_route=\/wp\/v2\/product\/18232","targetHints":{"allow":["GET"]}}],"collection":[{"href":"https:\/\/www.oestepizzaparty.com.ar\/index.php?rest_route=\/wp\/v2\/product"}],"about":[{"href":"https:\/\/www.oestepizzaparty.com.ar\/index.php?rest_route=\/wp\/v2\/types\/product"}],"replies":[{"embeddable":true,"href":"https:\/\/www.oestepizzaparty.com.ar\/index.php?rest_route=%2Fwp%2Fv2%2Fcomments&post=18232"}],"wp:featuredmedia":[{"embeddable":true,"href":"https:\/\/www.oestepizzaparty.com.ar\/index.php?rest_route=\/wp\/v2\/media\/18233"}],"wp:attachment":[{"href":"https:\/\/www.oestepizzaparty.com.ar\/index.php?rest_route=%2Fwp%2Fv2%2Fmedia&parent=18232"}],"wp:term":[{"taxonomy":"product_brand","embeddable":true,"href":"https:\/\/www.oestepizzaparty.com.ar\/index.php?rest_route=%2Fwp%2Fv2%2Fproduct_brand&post=18232"},{"taxonomy":"product_cat","embeddable":true,"href":"https:\/\/www.oestepizzaparty.com.ar\/index.php?rest_route=%2Fwp%2Fv2%2Fproduct_cat&post=18232"},{"taxonomy":"product_tag","embeddable":true,"href":"https:\/\/www.oestepizzaparty.com.ar\/index.php?rest_route=%2Fwp%2Fv2%2Fproduct_tag&post=18232"}],"curies":[{"name":"wp","href":"https:\/\/api.w.org\/{rel}","templated":true}]}}