{"id":18335,"date":"2025-12-18T10:23:57","date_gmt":"2025-12-18T13:23:57","guid":{"rendered":"https:\/\/www.oestepizzaparty.com.ar\/?post_type=product&#038;p=18335"},"modified":"2026-04-01T14:35:08","modified_gmt":"2026-04-01T17:35:08","slug":"harina-trigo-suave-tipo-0-mx-12-5kg-molino-casillo","status":"publish","type":"product","link":"https:\/\/www.oestepizzaparty.com.ar\/?product=harina-trigo-suave-tipo-0-mx-12-5kg-molino-casillo","title":{"rendered":"Harina Trigo Suave Tipo 0 M x 12.5kg &#8211; Molino Casillo  Venc 12\/06\/27"},"content":{"rendered":"<p>Harina Molino Casillo Trigo Suave Tipo 0 M, presentada en bolsa de 12,5 kg, elaborada con trigos italianos de primera calidad. Ideal para preparaciones que requieren una textura fina y delicada, como bizcochos, masas quebradas, galletas, pastas frescas y productos de reposter\u00eda. Su refinado proceso de molienda tipo 0 garantiza una harina blanca, suave y f\u00e1cil de trabajar, con excelente absorci\u00f3n y estabilidad. Perfecta para uso profesional en panader\u00edas, pasteler\u00edas o cocinas que buscan un resultado uniforme, ligero y con el aut\u00e9ntico sello de la tradici\u00f3n italiana.<\/p>\n","protected":false},"excerpt":{"rendered":"<p>Harina Molino Casillo Trigo Suave Tipo 0 M, presentada en bolsa de 12,5 kg, elaborada con trigos italianos de primera calidad. Ideal para preparaciones que requieren una textura fina y delicada, como bizcochos, masas quebradas, galletas, pastas frescas y productos de reposter\u00eda. Su refinado proceso de molienda tipo 0 garantiza una harina blanca, suave y [&hellip;]<\/p>\n","protected":false},"featured_media":18334,"comment_status":"open","ping_status":"closed","template":"","meta":{"_et_pb_use_builder":"","_et_pb_old_content":"","_et_gb_content_width":"","om_disable_all_campaigns":false,"_monsterinsights_skip_tracking":false,"_monsterinsights_sitenote_active":false,"_monsterinsights_sitenote_note":"","_monsterinsights_sitenote_category":0,"_joinchat":[]},"product_brand":[],"product_cat":[689,693],"product_tag":[],"class_list":{"0":"post-18335","1":"product","2":"type-product","3":"status-publish","4":"has-post-thumbnail","6":"product_cat-harinas","7":"product_cat-harinas-importadas","9":"first","10":"instock","11":"taxable","12":"shipping-taxable","13":"purchasable","14":"product-type-simple"},"aioseo_notices":[],"_links":{"self":[{"href":"https:\/\/www.oestepizzaparty.com.ar\/index.php?rest_route=\/wp\/v2\/product\/18335","targetHints":{"allow":["GET"]}}],"collection":[{"href":"https:\/\/www.oestepizzaparty.com.ar\/index.php?rest_route=\/wp\/v2\/product"}],"about":[{"href":"https:\/\/www.oestepizzaparty.com.ar\/index.php?rest_route=\/wp\/v2\/types\/product"}],"replies":[{"embeddable":true,"href":"https:\/\/www.oestepizzaparty.com.ar\/index.php?rest_route=%2Fwp%2Fv2%2Fcomments&post=18335"}],"wp:featuredmedia":[{"embeddable":true,"href":"https:\/\/www.oestepizzaparty.com.ar\/index.php?rest_route=\/wp\/v2\/media\/18334"}],"wp:attachment":[{"href":"https:\/\/www.oestepizzaparty.com.ar\/index.php?rest_route=%2Fwp%2Fv2%2Fmedia&parent=18335"}],"wp:term":[{"taxonomy":"product_brand","embeddable":true,"href":"https:\/\/www.oestepizzaparty.com.ar\/index.php?rest_route=%2Fwp%2Fv2%2Fproduct_brand&post=18335"},{"taxonomy":"product_cat","embeddable":true,"href":"https:\/\/www.oestepizzaparty.com.ar\/index.php?rest_route=%2Fwp%2Fv2%2Fproduct_cat&post=18335"},{"taxonomy":"product_tag","embeddable":true,"href":"https:\/\/www.oestepizzaparty.com.ar\/index.php?rest_route=%2Fwp%2Fv2%2Fproduct_tag&post=18335"}],"curies":[{"name":"wp","href":"https:\/\/api.w.org\/{rel}","templated":true}]}}