{"id":18344,"date":"2025-12-18T11:46:35","date_gmt":"2025-12-18T14:46:35","guid":{"rendered":"https:\/\/www.oestepizzaparty.com.ar\/?post_type=product&#038;p=18344"},"modified":"2026-04-01T14:25:25","modified_gmt":"2026-04-01T17:25:25","slug":"spicchi-di-carciofi-al-naturale-x-2-5kg-gustarosso","status":"publish","type":"product","link":"https:\/\/www.oestepizzaparty.com.ar\/?product=spicchi-di-carciofi-al-naturale-x-2-5kg-gustarosso","title":{"rendered":"Spicchi di Carciofi al Naturale x 2.5kg &#8211; Gustarosso"},"content":{"rendered":"<p>Las Alcachofas Gajo Gustarosso en envase de 2500 gramos son ideales para quienes buscan un producto vers\u00e1til y de alta calidad. Cuidadosamente cosechadas y seleccionadas, estas alcachofas conservan su frescura y sabor aut\u00e9ntico gracias a su conservaci\u00f3n natural.<\/p>\n","protected":false},"excerpt":{"rendered":"<p>Las Alcachofas Gajo Gustarosso en envase de 2500 gramos son ideales para quienes buscan un producto vers\u00e1til y de alta calidad. Cuidadosamente cosechadas y seleccionadas, estas alcachofas conservan su frescura y sabor aut\u00e9ntico gracias a su conservaci\u00f3n natural.<\/p>\n","protected":false},"featured_media":18345,"comment_status":"open","ping_status":"closed","template":"","meta":{"_et_pb_use_builder":"","_et_pb_old_content":"","_et_gb_content_width":"","om_disable_all_campaigns":false,"_monsterinsights_skip_tracking":false,"_monsterinsights_sitenote_active":false,"_monsterinsights_sitenote_note":"","_monsterinsights_sitenote_category":0,"_joinchat":[]},"product_brand":[],"product_cat":[714,717],"product_tag":[],"class_list":{"0":"post-18344","1":"product","2":"type-product","3":"status-publish","4":"has-post-thumbnail","6":"product_cat-salsas-tomates","7":"product_cat-tomates-importados","9":"first","10":"instock","11":"taxable","12":"shipping-taxable","13":"purchasable","14":"product-type-simple"},"aioseo_notices":[],"_links":{"self":[{"href":"https:\/\/www.oestepizzaparty.com.ar\/index.php?rest_route=\/wp\/v2\/product\/18344","targetHints":{"allow":["GET"]}}],"collection":[{"href":"https:\/\/www.oestepizzaparty.com.ar\/index.php?rest_route=\/wp\/v2\/product"}],"about":[{"href":"https:\/\/www.oestepizzaparty.com.ar\/index.php?rest_route=\/wp\/v2\/types\/product"}],"replies":[{"embeddable":true,"href":"https:\/\/www.oestepizzaparty.com.ar\/index.php?rest_route=%2Fwp%2Fv2%2Fcomments&post=18344"}],"wp:featuredmedia":[{"embeddable":true,"href":"https:\/\/www.oestepizzaparty.com.ar\/index.php?rest_route=\/wp\/v2\/media\/18345"}],"wp:attachment":[{"href":"https:\/\/www.oestepizzaparty.com.ar\/index.php?rest_route=%2Fwp%2Fv2%2Fmedia&parent=18344"}],"wp:term":[{"taxonomy":"product_brand","embeddable":true,"href":"https:\/\/www.oestepizzaparty.com.ar\/index.php?rest_route=%2Fwp%2Fv2%2Fproduct_brand&post=18344"},{"taxonomy":"product_cat","embeddable":true,"href":"https:\/\/www.oestepizzaparty.com.ar\/index.php?rest_route=%2Fwp%2Fv2%2Fproduct_cat&post=18344"},{"taxonomy":"product_tag","embeddable":true,"href":"https:\/\/www.oestepizzaparty.com.ar\/index.php?rest_route=%2Fwp%2Fv2%2Fproduct_tag&post=18344"}],"curies":[{"name":"wp","href":"https:\/\/api.w.org\/{rel}","templated":true}]}}