{"id":18439,"date":"2026-01-06T08:33:10","date_gmt":"2026-01-06T11:33:10","guid":{"rendered":"https:\/\/www.oestepizzaparty.com.ar\/?post_type=product&#038;p=18439"},"modified":"2026-02-12T11:58:52","modified_gmt":"2026-02-12T14:58:52","slug":"azucar-organico-25kg-san-isidro","status":"publish","type":"product","link":"https:\/\/www.oestepizzaparty.com.ar\/?product=azucar-organico-25kg-san-isidro","title":{"rendered":"Azucar Organico 25kg &#8211; San Isidro"},"content":{"rendered":"<p>Fuimos uno de los primeros ingenios en Sudam\u00e9rica en producir productos org\u00e1nicos. Cumpliendo las m\u00e1s exigentes normativas internacionales de calidad iniciamos y crecimos en el desarrollo de estos productos que responden a una demanda de consumo creciente e irreversible en poblaciones de los cinco continentes.<br \/>\nLibre de gluten Sin T.A.C.C.<\/p>\n","protected":false},"excerpt":{"rendered":"<p>Fuimos uno de los primeros ingenios en Sudam\u00e9rica en producir productos org\u00e1nicos. Cumpliendo las m\u00e1s exigentes normativas internacionales de calidad iniciamos y crecimos en el desarrollo de estos productos que responden a una demanda de consumo creciente e irreversible en poblaciones de los cinco continentes. Libre de gluten Sin T.A.C.C.<\/p>\n","protected":false},"featured_media":18440,"comment_status":"open","ping_status":"closed","template":"","meta":{"_et_pb_use_builder":"","_et_pb_old_content":"","_et_gb_content_width":"","om_disable_all_campaigns":false,"_monsterinsights_skip_tracking":false,"_monsterinsights_sitenote_active":false,"_monsterinsights_sitenote_note":"","_monsterinsights_sitenote_category":0,"_joinchat":[]},"product_brand":[],"product_cat":[748],"product_tag":[],"class_list":{"0":"post-18439","1":"product","2":"type-product","3":"status-publish","4":"has-post-thumbnail","6":"product_cat-azucares-varios","8":"first","9":"instock","10":"taxable","11":"shipping-taxable","12":"purchasable","13":"product-type-simple"},"aioseo_notices":[],"_links":{"self":[{"href":"https:\/\/www.oestepizzaparty.com.ar\/index.php?rest_route=\/wp\/v2\/product\/18439","targetHints":{"allow":["GET"]}}],"collection":[{"href":"https:\/\/www.oestepizzaparty.com.ar\/index.php?rest_route=\/wp\/v2\/product"}],"about":[{"href":"https:\/\/www.oestepizzaparty.com.ar\/index.php?rest_route=\/wp\/v2\/types\/product"}],"replies":[{"embeddable":true,"href":"https:\/\/www.oestepizzaparty.com.ar\/index.php?rest_route=%2Fwp%2Fv2%2Fcomments&post=18439"}],"wp:featuredmedia":[{"embeddable":true,"href":"https:\/\/www.oestepizzaparty.com.ar\/index.php?rest_route=\/wp\/v2\/media\/18440"}],"wp:attachment":[{"href":"https:\/\/www.oestepizzaparty.com.ar\/index.php?rest_route=%2Fwp%2Fv2%2Fmedia&parent=18439"}],"wp:term":[{"taxonomy":"product_brand","embeddable":true,"href":"https:\/\/www.oestepizzaparty.com.ar\/index.php?rest_route=%2Fwp%2Fv2%2Fproduct_brand&post=18439"},{"taxonomy":"product_cat","embeddable":true,"href":"https:\/\/www.oestepizzaparty.com.ar\/index.php?rest_route=%2Fwp%2Fv2%2Fproduct_cat&post=18439"},{"taxonomy":"product_tag","embeddable":true,"href":"https:\/\/www.oestepizzaparty.com.ar\/index.php?rest_route=%2Fwp%2Fv2%2Fproduct_tag&post=18439"}],"curies":[{"name":"wp","href":"https:\/\/api.w.org\/{rel}","templated":true}]}}