{"id":18504,"date":"2026-01-28T09:02:04","date_gmt":"2026-01-28T12:02:04","guid":{"rendered":"https:\/\/www.oestepizzaparty.com.ar\/?post_type=product&#038;p=18504"},"modified":"2026-04-15T14:02:01","modified_gmt":"2026-04-15T17:02:01","slug":"spaghetti-grossi-nro-5o-x-500gr-rummo","status":"publish","type":"product","link":"https:\/\/www.oestepizzaparty.com.ar\/?product=spaghetti-grossi-nro-5o-x-500gr-rummo","title":{"rendered":"Spaghetti Grossi Nro 5 x 500gr &#8211; Rummo  Venc 21\/07\/28"},"content":{"rendered":"<p><em><span dir=\"auto\">Impresionantemente \u201cal dente\u201d despu\u00e9s de la cocci\u00f3n,<\/span><\/em><br \/>\n<em><span dir=\"auto\">los spaghetis grossi absorben las salsas con su<\/span><\/em><br \/>\n<em><span dir=\"auto\">superficie porosa y son, por lo tanto, el acompa\u00f1amiento ideal para los<\/span><\/em><br \/>\n<em><span dir=\"auto\">sabores decisivos que se encuentran en los rag\u00faes a base de<\/span><\/em><br \/>\n<em><span dir=\"auto\">carne o mariscos.<\/span><\/em><\/p>\n","protected":false},"excerpt":{"rendered":"<p>Impresionantemente \u201cal dente\u201d despu\u00e9s de la cocci\u00f3n, los spaghetis grossi absorben las salsas con su superficie porosa y son, por lo tanto, el acompa\u00f1amiento ideal para los sabores decisivos que se encuentran en los rag\u00faes a base de carne o mariscos.<\/p>\n","protected":false},"featured_media":18510,"comment_status":"open","ping_status":"closed","template":"","meta":{"_et_pb_use_builder":"","_et_pb_old_content":"","_et_gb_content_width":"","om_disable_all_campaigns":false,"_monsterinsights_skip_tracking":false,"_monsterinsights_sitenote_active":false,"_monsterinsights_sitenote_note":"","_monsterinsights_sitenote_category":0,"_joinchat":[]},"product_brand":[],"product_cat":[711],"product_tag":[],"class_list":{"0":"post-18504","1":"product","2":"type-product","3":"status-publish","4":"has-post-thumbnail","6":"product_cat-pastas-arroces-importados","8":"first","9":"instock","10":"taxable","11":"shipping-taxable","12":"purchasable","13":"product-type-simple"},"aioseo_notices":[],"_links":{"self":[{"href":"https:\/\/www.oestepizzaparty.com.ar\/index.php?rest_route=\/wp\/v2\/product\/18504","targetHints":{"allow":["GET"]}}],"collection":[{"href":"https:\/\/www.oestepizzaparty.com.ar\/index.php?rest_route=\/wp\/v2\/product"}],"about":[{"href":"https:\/\/www.oestepizzaparty.com.ar\/index.php?rest_route=\/wp\/v2\/types\/product"}],"replies":[{"embeddable":true,"href":"https:\/\/www.oestepizzaparty.com.ar\/index.php?rest_route=%2Fwp%2Fv2%2Fcomments&post=18504"}],"wp:featuredmedia":[{"embeddable":true,"href":"https:\/\/www.oestepizzaparty.com.ar\/index.php?rest_route=\/wp\/v2\/media\/18510"}],"wp:attachment":[{"href":"https:\/\/www.oestepizzaparty.com.ar\/index.php?rest_route=%2Fwp%2Fv2%2Fmedia&parent=18504"}],"wp:term":[{"taxonomy":"product_brand","embeddable":true,"href":"https:\/\/www.oestepizzaparty.com.ar\/index.php?rest_route=%2Fwp%2Fv2%2Fproduct_brand&post=18504"},{"taxonomy":"product_cat","embeddable":true,"href":"https:\/\/www.oestepizzaparty.com.ar\/index.php?rest_route=%2Fwp%2Fv2%2Fproduct_cat&post=18504"},{"taxonomy":"product_tag","embeddable":true,"href":"https:\/\/www.oestepizzaparty.com.ar\/index.php?rest_route=%2Fwp%2Fv2%2Fproduct_tag&post=18504"}],"curies":[{"name":"wp","href":"https:\/\/api.w.org\/{rel}","templated":true}]}}