{"id":18513,"date":"2026-01-28T09:33:32","date_gmt":"2026-01-28T12:33:32","guid":{"rendered":"https:\/\/www.oestepizzaparty.com.ar\/?post_type=product&#038;p=18513"},"modified":"2026-04-15T14:00:41","modified_gmt":"2026-04-15T17:00:41","slug":"penne-rigati-nro-66-x-500gr-rummo","status":"publish","type":"product","link":"https:\/\/www.oestepizzaparty.com.ar\/?product=penne-rigati-nro-66-x-500gr-rummo","title":{"rendered":"Penne Rigati Nro 66 x 500gr &#8211; Rummo"},"content":{"rendered":"<p><em><span dir=\"auto\">El penne rigate es uno de los<\/span><br \/>\n<span dir=\"auto\">formatos m\u00e1s vers\u00e1tiles y utilizados en la cocina italiana. Estos<\/span><br \/>\n<span dir=\"auto\">tubos estriados combinan a la perfecci\u00f3n con todo tipo<\/span><br \/>\n<span dir=\"auto\">de salsas, desde las cl\u00e1sicas hasta las m\u00e1s modernas y<\/span><br \/>\n<span dir=\"auto\">creativas.<\/span><\/em><\/p>\n","protected":false},"excerpt":{"rendered":"<p>El penne rigate es uno de los formatos m\u00e1s vers\u00e1tiles y utilizados en la cocina italiana. Estos tubos estriados combinan a la perfecci\u00f3n con todo tipo de salsas, desde las cl\u00e1sicas hasta las m\u00e1s modernas y creativas.<\/p>\n","protected":false},"featured_media":18514,"comment_status":"open","ping_status":"closed","template":"","meta":{"_et_pb_use_builder":"","_et_pb_old_content":"","_et_gb_content_width":"","om_disable_all_campaigns":false,"_monsterinsights_skip_tracking":false,"_monsterinsights_sitenote_active":false,"_monsterinsights_sitenote_note":"","_monsterinsights_sitenote_category":0,"_joinchat":[]},"product_brand":[],"product_cat":[711],"product_tag":[],"class_list":{"0":"post-18513","1":"product","2":"type-product","3":"status-publish","4":"has-post-thumbnail","6":"product_cat-pastas-arroces-importados","8":"first","9":"instock","10":"taxable","11":"shipping-taxable","12":"purchasable","13":"product-type-simple"},"aioseo_notices":[],"_links":{"self":[{"href":"https:\/\/www.oestepizzaparty.com.ar\/index.php?rest_route=\/wp\/v2\/product\/18513","targetHints":{"allow":["GET"]}}],"collection":[{"href":"https:\/\/www.oestepizzaparty.com.ar\/index.php?rest_route=\/wp\/v2\/product"}],"about":[{"href":"https:\/\/www.oestepizzaparty.com.ar\/index.php?rest_route=\/wp\/v2\/types\/product"}],"replies":[{"embeddable":true,"href":"https:\/\/www.oestepizzaparty.com.ar\/index.php?rest_route=%2Fwp%2Fv2%2Fcomments&post=18513"}],"wp:featuredmedia":[{"embeddable":true,"href":"https:\/\/www.oestepizzaparty.com.ar\/index.php?rest_route=\/wp\/v2\/media\/18514"}],"wp:attachment":[{"href":"https:\/\/www.oestepizzaparty.com.ar\/index.php?rest_route=%2Fwp%2Fv2%2Fmedia&parent=18513"}],"wp:term":[{"taxonomy":"product_brand","embeddable":true,"href":"https:\/\/www.oestepizzaparty.com.ar\/index.php?rest_route=%2Fwp%2Fv2%2Fproduct_brand&post=18513"},{"taxonomy":"product_cat","embeddable":true,"href":"https:\/\/www.oestepizzaparty.com.ar\/index.php?rest_route=%2Fwp%2Fv2%2Fproduct_cat&post=18513"},{"taxonomy":"product_tag","embeddable":true,"href":"https:\/\/www.oestepizzaparty.com.ar\/index.php?rest_route=%2Fwp%2Fv2%2Fproduct_tag&post=18513"}],"curies":[{"name":"wp","href":"https:\/\/api.w.org\/{rel}","templated":true}]}}