{"id":18532,"date":"2026-01-28T11:23:22","date_gmt":"2026-01-28T14:23:22","guid":{"rendered":"https:\/\/www.oestepizzaparty.com.ar\/?post_type=product&#038;p=18532"},"modified":"2026-04-18T13:45:34","modified_gmt":"2026-04-18T16:45:34","slug":"penne-rigate-nro-66-x-400gr-rummo-sin-gluten","status":"publish","type":"product","link":"https:\/\/www.oestepizzaparty.com.ar\/?product=penne-rigate-nro-66-x-400gr-rummo-sin-gluten","title":{"rendered":"Penne Rigate Nro 66 x 400gr &#8211; Rummo SIN GLUTEN Venc 14\/07\/28"},"content":{"rendered":"<p><em><span dir=\"auto\">Ma\u00edz y arroz integral<br \/>\ncombinados magistralmente mediante vapor (M\u00e9todo de<br \/>\nLavorazione al Vapore) en una deliciosa y satisfactoria pasta sin gluten<\/p>\n<p>Nuestros Penne Rigate sin gluten son una<\/span><br \/>\n<span dir=\"auto\">de las formas de pasta italiana m\u00e1s populares para quienes prefieren la<\/span><br \/>\n<span dir=\"auto\">dieta sin gluten. Estos tubos estriados combinan<\/span><br \/>\n<span dir=\"auto\">a la perfecci\u00f3n con salsas cl\u00e1sicas y modernas.<\/span><\/em><\/p>\n","protected":false},"excerpt":{"rendered":"<p>Ma\u00edz y arroz integral combinados magistralmente mediante vapor (M\u00e9todo de Lavorazione al Vapore) en una deliciosa y satisfactoria pasta sin gluten Nuestros Penne Rigate sin gluten son una de las formas de pasta italiana m\u00e1s populares para quienes prefieren la dieta sin gluten. Estos tubos estriados combinan a la perfecci\u00f3n con salsas cl\u00e1sicas y modernas.<\/p>\n","protected":false},"featured_media":18533,"comment_status":"open","ping_status":"closed","template":"","meta":{"_et_pb_use_builder":"","_et_pb_old_content":"","_et_gb_content_width":"","om_disable_all_campaigns":false,"_monsterinsights_skip_tracking":false,"_monsterinsights_sitenote_active":false,"_monsterinsights_sitenote_note":"","_monsterinsights_sitenote_category":0,"_joinchat":[]},"product_brand":[],"product_cat":[711],"product_tag":[],"class_list":{"0":"post-18532","1":"product","2":"type-product","3":"status-publish","4":"has-post-thumbnail","6":"product_cat-pastas-arroces-importados","8":"first","9":"instock","10":"taxable","11":"shipping-taxable","12":"purchasable","13":"product-type-simple"},"aioseo_notices":[],"_links":{"self":[{"href":"https:\/\/www.oestepizzaparty.com.ar\/index.php?rest_route=\/wp\/v2\/product\/18532","targetHints":{"allow":["GET"]}}],"collection":[{"href":"https:\/\/www.oestepizzaparty.com.ar\/index.php?rest_route=\/wp\/v2\/product"}],"about":[{"href":"https:\/\/www.oestepizzaparty.com.ar\/index.php?rest_route=\/wp\/v2\/types\/product"}],"replies":[{"embeddable":true,"href":"https:\/\/www.oestepizzaparty.com.ar\/index.php?rest_route=%2Fwp%2Fv2%2Fcomments&post=18532"}],"wp:featuredmedia":[{"embeddable":true,"href":"https:\/\/www.oestepizzaparty.com.ar\/index.php?rest_route=\/wp\/v2\/media\/18533"}],"wp:attachment":[{"href":"https:\/\/www.oestepizzaparty.com.ar\/index.php?rest_route=%2Fwp%2Fv2%2Fmedia&parent=18532"}],"wp:term":[{"taxonomy":"product_brand","embeddable":true,"href":"https:\/\/www.oestepizzaparty.com.ar\/index.php?rest_route=%2Fwp%2Fv2%2Fproduct_brand&post=18532"},{"taxonomy":"product_cat","embeddable":true,"href":"https:\/\/www.oestepizzaparty.com.ar\/index.php?rest_route=%2Fwp%2Fv2%2Fproduct_cat&post=18532"},{"taxonomy":"product_tag","embeddable":true,"href":"https:\/\/www.oestepizzaparty.com.ar\/index.php?rest_route=%2Fwp%2Fv2%2Fproduct_tag&post=18532"}],"curies":[{"name":"wp","href":"https:\/\/api.w.org\/{rel}","templated":true}]}}