{"id":18547,"date":"2026-01-28T14:36:29","date_gmt":"2026-01-28T17:36:29","guid":{"rendered":"https:\/\/www.oestepizzaparty.com.ar\/?post_type=product&#038;p=18547"},"modified":"2026-01-29T14:07:14","modified_gmt":"2026-01-29T17:07:14","slug":"chutney-pera-datiles-y-cognac-110gr-snowdonia","status":"publish","type":"product","link":"https:\/\/www.oestepizzaparty.com.ar\/?product=chutney-pera-datiles-y-cognac-110gr-snowdonia","title":{"rendered":"Chutney Pera, Datiles y Cognac 110gr &#8211; Snowdonia Venc 30\/11\/27"},"content":{"rendered":"<p>Descubre el exquisito\u00a0Chutney de Pera, D\u00e1tiles y Cognac\u00a0de\u00a0Snowdonia, una deliciosa combinaci\u00f3n de sabores que transformar\u00e1 tus platos. Este chutney gourmet, en un pr\u00e1ctico envase de\u00a0<strong>110 gramos<\/strong>, es ideal para realzar el sabor de quesos, carnes y pescados.<\/p>\n","protected":false},"excerpt":{"rendered":"<p>Descubre el exquisito\u00a0Chutney de Pera, D\u00e1tiles y Cognac\u00a0de\u00a0Snowdonia, una deliciosa combinaci\u00f3n de sabores que transformar\u00e1 tus platos. Este chutney gourmet, en un pr\u00e1ctico envase de\u00a0110 gramos, es ideal para realzar el sabor de quesos, carnes y pescados.<\/p>\n","protected":false},"featured_media":18548,"comment_status":"open","ping_status":"closed","template":"","meta":{"_et_pb_use_builder":"","_et_pb_old_content":"","_et_gb_content_width":"","om_disable_all_campaigns":false,"_monsterinsights_skip_tracking":false,"_monsterinsights_sitenote_active":false,"_monsterinsights_sitenote_note":"","_monsterinsights_sitenote_category":0,"_joinchat":[]},"product_brand":[],"product_cat":[713,708],"product_tag":[],"class_list":{"0":"post-18547","1":"product","2":"type-product","3":"status-publish","4":"has-post-thumbnail","6":"product_cat-aderezos-salsas","7":"product_cat-productos-de-almacen","9":"first","10":"instock","11":"taxable","12":"shipping-taxable","13":"purchasable","14":"product-type-simple"},"aioseo_notices":[],"_links":{"self":[{"href":"https:\/\/www.oestepizzaparty.com.ar\/index.php?rest_route=\/wp\/v2\/product\/18547","targetHints":{"allow":["GET"]}}],"collection":[{"href":"https:\/\/www.oestepizzaparty.com.ar\/index.php?rest_route=\/wp\/v2\/product"}],"about":[{"href":"https:\/\/www.oestepizzaparty.com.ar\/index.php?rest_route=\/wp\/v2\/types\/product"}],"replies":[{"embeddable":true,"href":"https:\/\/www.oestepizzaparty.com.ar\/index.php?rest_route=%2Fwp%2Fv2%2Fcomments&post=18547"}],"wp:featuredmedia":[{"embeddable":true,"href":"https:\/\/www.oestepizzaparty.com.ar\/index.php?rest_route=\/wp\/v2\/media\/18548"}],"wp:attachment":[{"href":"https:\/\/www.oestepizzaparty.com.ar\/index.php?rest_route=%2Fwp%2Fv2%2Fmedia&parent=18547"}],"wp:term":[{"taxonomy":"product_brand","embeddable":true,"href":"https:\/\/www.oestepizzaparty.com.ar\/index.php?rest_route=%2Fwp%2Fv2%2Fproduct_brand&post=18547"},{"taxonomy":"product_cat","embeddable":true,"href":"https:\/\/www.oestepizzaparty.com.ar\/index.php?rest_route=%2Fwp%2Fv2%2Fproduct_cat&post=18547"},{"taxonomy":"product_tag","embeddable":true,"href":"https:\/\/www.oestepizzaparty.com.ar\/index.php?rest_route=%2Fwp%2Fv2%2Fproduct_tag&post=18547"}],"curies":[{"name":"wp","href":"https:\/\/api.w.org\/{rel}","templated":true}]}}