{"id":18549,"date":"2026-01-28T14:38:07","date_gmt":"2026-01-28T17:38:07","guid":{"rendered":"https:\/\/www.oestepizzaparty.com.ar\/?post_type=product&#038;p=18549"},"modified":"2026-01-29T14:06:49","modified_gmt":"2026-01-29T17:06:49","slug":"chutney-cebolla-caramelizada-x-110gr-snowdonia","status":"publish","type":"product","link":"https:\/\/www.oestepizzaparty.com.ar\/?product=chutney-cebolla-caramelizada-x-110gr-snowdonia","title":{"rendered":"Chutney Cebolla Caramelizada x 110gr &#8211; Snowdonia Venc 22\/09\/26"},"content":{"rendered":"<p>Este chutney de cebolla caramelizada de la reconocida marca Snowdonia es el acompa\u00f1ante ideal para realzar el sabor de tus comidas. Elaborado con cebollas cuidadosamente caramelizadas, combina un sabor dulce y ligeramente \u00e1cido que aporta un toque gourmet a cualquier plato.<\/p>\n<p>Perfecto para acompa\u00f1ar quesos, carnes fr\u00edas, hamburguesas o incluso como complemento en s\u00e1ndwiches y tapas.<\/p>\n","protected":false},"excerpt":{"rendered":"<p>Este chutney de cebolla caramelizada de la reconocida marca Snowdonia es el acompa\u00f1ante ideal para realzar el sabor de tus comidas. Elaborado con cebollas cuidadosamente caramelizadas, combina un sabor dulce y ligeramente \u00e1cido que aporta un toque gourmet a cualquier plato. Perfecto para acompa\u00f1ar quesos, carnes fr\u00edas, hamburguesas o incluso como complemento en s\u00e1ndwiches y [&hellip;]<\/p>\n","protected":false},"featured_media":18550,"comment_status":"open","ping_status":"closed","template":"","meta":{"_et_pb_use_builder":"","_et_pb_old_content":"","_et_gb_content_width":"","om_disable_all_campaigns":false,"_monsterinsights_skip_tracking":false,"_monsterinsights_sitenote_active":false,"_monsterinsights_sitenote_note":"","_monsterinsights_sitenote_category":0,"_joinchat":[]},"product_brand":[],"product_cat":[713,708],"product_tag":[],"class_list":{"0":"post-18549","1":"product","2":"type-product","3":"status-publish","4":"has-post-thumbnail","6":"product_cat-aderezos-salsas","7":"product_cat-productos-de-almacen","9":"first","10":"instock","11":"taxable","12":"shipping-taxable","13":"purchasable","14":"product-type-simple"},"aioseo_notices":[],"_links":{"self":[{"href":"https:\/\/www.oestepizzaparty.com.ar\/index.php?rest_route=\/wp\/v2\/product\/18549","targetHints":{"allow":["GET"]}}],"collection":[{"href":"https:\/\/www.oestepizzaparty.com.ar\/index.php?rest_route=\/wp\/v2\/product"}],"about":[{"href":"https:\/\/www.oestepizzaparty.com.ar\/index.php?rest_route=\/wp\/v2\/types\/product"}],"replies":[{"embeddable":true,"href":"https:\/\/www.oestepizzaparty.com.ar\/index.php?rest_route=%2Fwp%2Fv2%2Fcomments&post=18549"}],"wp:featuredmedia":[{"embeddable":true,"href":"https:\/\/www.oestepizzaparty.com.ar\/index.php?rest_route=\/wp\/v2\/media\/18550"}],"wp:attachment":[{"href":"https:\/\/www.oestepizzaparty.com.ar\/index.php?rest_route=%2Fwp%2Fv2%2Fmedia&parent=18549"}],"wp:term":[{"taxonomy":"product_brand","embeddable":true,"href":"https:\/\/www.oestepizzaparty.com.ar\/index.php?rest_route=%2Fwp%2Fv2%2Fproduct_brand&post=18549"},{"taxonomy":"product_cat","embeddable":true,"href":"https:\/\/www.oestepizzaparty.com.ar\/index.php?rest_route=%2Fwp%2Fv2%2Fproduct_cat&post=18549"},{"taxonomy":"product_tag","embeddable":true,"href":"https:\/\/www.oestepizzaparty.com.ar\/index.php?rest_route=%2Fwp%2Fv2%2Fproduct_tag&post=18549"}],"curies":[{"name":"wp","href":"https:\/\/api.w.org\/{rel}","templated":true}]}}