{"id":18571,"date":"2026-01-29T09:34:48","date_gmt":"2026-01-29T12:34:48","guid":{"rendered":"https:\/\/www.oestepizzaparty.com.ar\/?post_type=product&#038;p=18571"},"modified":"2026-03-27T12:26:22","modified_gmt":"2026-03-27T15:26:22","slug":"hummus-paprika-x-250gr-kyros","status":"publish","type":"product","link":"https:\/\/www.oestepizzaparty.com.ar\/?product=hummus-paprika-x-250gr-kyros","title":{"rendered":"Hummus Paprika x 230gr &#8211; Kyros"},"content":{"rendered":"<ul class=\"list-unstyled\">\n<li><strong>Ingredientes:<\/strong>\u00a0Agua; Garbanzos; Aceite de Girasol; Tahini (Pasta a base de Semillas de S\u00e9samo Blanco Tostado); Sal; Piment\u00f3n; Ajo; Acidulante: \u00c1cido C\u00edtrico; Conservante: Sorbato de Potasio.\u00a0<b>PUEDE CONTENER HUEVO, SULFITOS Y DERIVADOS DE LECHE.<\/b><\/li>\n<\/ul>\n","protected":false},"excerpt":{"rendered":"<p>Ingredientes:\u00a0Agua; Garbanzos; Aceite de Girasol; Tahini (Pasta a base de Semillas de S\u00e9samo Blanco Tostado); Sal; Piment\u00f3n; Ajo; Acidulante: \u00c1cido C\u00edtrico; Conservante: Sorbato de Potasio.\u00a0PUEDE CONTENER HUEVO, SULFITOS Y DERIVADOS DE LECHE.<\/p>\n","protected":false},"featured_media":18572,"comment_status":"open","ping_status":"closed","template":"","meta":{"_et_pb_use_builder":"","_et_pb_old_content":"","_et_gb_content_width":"","om_disable_all_campaigns":false,"_monsterinsights_skip_tracking":false,"_monsterinsights_sitenote_active":false,"_monsterinsights_sitenote_note":"","_monsterinsights_sitenote_category":0,"_joinchat":[]},"product_brand":[],"product_cat":[713,708],"product_tag":[],"class_list":{"0":"post-18571","1":"product","2":"type-product","3":"status-publish","4":"has-post-thumbnail","6":"product_cat-aderezos-salsas","7":"product_cat-productos-de-almacen","9":"first","10":"outofstock","11":"taxable","12":"shipping-taxable","13":"purchasable","14":"product-type-simple"},"aioseo_notices":[],"_links":{"self":[{"href":"https:\/\/www.oestepizzaparty.com.ar\/index.php?rest_route=\/wp\/v2\/product\/18571","targetHints":{"allow":["GET"]}}],"collection":[{"href":"https:\/\/www.oestepizzaparty.com.ar\/index.php?rest_route=\/wp\/v2\/product"}],"about":[{"href":"https:\/\/www.oestepizzaparty.com.ar\/index.php?rest_route=\/wp\/v2\/types\/product"}],"replies":[{"embeddable":true,"href":"https:\/\/www.oestepizzaparty.com.ar\/index.php?rest_route=%2Fwp%2Fv2%2Fcomments&post=18571"}],"wp:featuredmedia":[{"embeddable":true,"href":"https:\/\/www.oestepizzaparty.com.ar\/index.php?rest_route=\/wp\/v2\/media\/18572"}],"wp:attachment":[{"href":"https:\/\/www.oestepizzaparty.com.ar\/index.php?rest_route=%2Fwp%2Fv2%2Fmedia&parent=18571"}],"wp:term":[{"taxonomy":"product_brand","embeddable":true,"href":"https:\/\/www.oestepizzaparty.com.ar\/index.php?rest_route=%2Fwp%2Fv2%2Fproduct_brand&post=18571"},{"taxonomy":"product_cat","embeddable":true,"href":"https:\/\/www.oestepizzaparty.com.ar\/index.php?rest_route=%2Fwp%2Fv2%2Fproduct_cat&post=18571"},{"taxonomy":"product_tag","embeddable":true,"href":"https:\/\/www.oestepizzaparty.com.ar\/index.php?rest_route=%2Fwp%2Fv2%2Fproduct_tag&post=18571"}],"curies":[{"name":"wp","href":"https:\/\/api.w.org\/{rel}","templated":true}]}}