{"id":18578,"date":"2026-01-31T10:10:49","date_gmt":"2026-01-31T13:10:49","guid":{"rendered":"https:\/\/www.oestepizzaparty.com.ar\/?post_type=product&#038;p=18578"},"modified":"2026-02-13T17:29:59","modified_gmt":"2026-02-13T20:29:59","slug":"pomodori-pelati-6-x-2-5kg-antica-napoli","status":"publish","type":"product","link":"https:\/\/www.oestepizzaparty.com.ar\/?product=pomodori-pelati-6-x-2-5kg-antica-napoli","title":{"rendered":"Pomodori Pelati 6 x 2.5kg &#8211; Antica Napoli"},"content":{"rendered":"<p>\u201cAntica Napoli \u201ces una fabrica italiana la Cual produce &#8230;salsa de tomate con Los tomates de N\u00e1poles Antigua que suelen ser ecotipos tradicionales de Campania, una regi\u00f3n italiana dedicada a la producci\u00f3n de salsa de tomate de alta calidad con sabor agridulce, piel fina y pocas semillas, ideal para rag\u00fa y pizza. Cultivados en la zona de Sarnese-Nocerino, estos tomates de color rojo brillante se cosechan de julio a septiembre y conservan su aut\u00e9ntico sabor en conserva.<\/p>\n","protected":false},"excerpt":{"rendered":"<p>\u201cAntica Napoli \u201ces una fabrica italiana la Cual produce &#8230;salsa de tomate con Los tomates de N\u00e1poles Antigua que suelen ser ecotipos tradicionales de Campania, una regi\u00f3n italiana dedicada a la producci\u00f3n de salsa de tomate de alta calidad con sabor agridulce, piel fina y pocas semillas, ideal para rag\u00fa y pizza. Cultivados en la [&hellip;]<\/p>\n","protected":false},"featured_media":18577,"comment_status":"open","ping_status":"closed","template":"","meta":{"_et_pb_use_builder":"","_et_pb_old_content":"","_et_gb_content_width":"","om_disable_all_campaigns":false,"_monsterinsights_skip_tracking":false,"_monsterinsights_sitenote_active":false,"_monsterinsights_sitenote_note":"","_monsterinsights_sitenote_category":0,"_joinchat":[]},"product_brand":[],"product_cat":[714,718],"product_tag":[],"class_list":{"0":"post-18578","1":"product","2":"type-product","3":"status-publish","4":"has-post-thumbnail","6":"product_cat-salsas-tomates","7":"product_cat-tomates-importados-por-caja","9":"first","10":"instock","11":"taxable","12":"shipping-taxable","13":"purchasable","14":"product-type-simple"},"aioseo_notices":[],"_links":{"self":[{"href":"https:\/\/www.oestepizzaparty.com.ar\/index.php?rest_route=\/wp\/v2\/product\/18578","targetHints":{"allow":["GET"]}}],"collection":[{"href":"https:\/\/www.oestepizzaparty.com.ar\/index.php?rest_route=\/wp\/v2\/product"}],"about":[{"href":"https:\/\/www.oestepizzaparty.com.ar\/index.php?rest_route=\/wp\/v2\/types\/product"}],"replies":[{"embeddable":true,"href":"https:\/\/www.oestepizzaparty.com.ar\/index.php?rest_route=%2Fwp%2Fv2%2Fcomments&post=18578"}],"wp:featuredmedia":[{"embeddable":true,"href":"https:\/\/www.oestepizzaparty.com.ar\/index.php?rest_route=\/wp\/v2\/media\/18577"}],"wp:attachment":[{"href":"https:\/\/www.oestepizzaparty.com.ar\/index.php?rest_route=%2Fwp%2Fv2%2Fmedia&parent=18578"}],"wp:term":[{"taxonomy":"product_brand","embeddable":true,"href":"https:\/\/www.oestepizzaparty.com.ar\/index.php?rest_route=%2Fwp%2Fv2%2Fproduct_brand&post=18578"},{"taxonomy":"product_cat","embeddable":true,"href":"https:\/\/www.oestepizzaparty.com.ar\/index.php?rest_route=%2Fwp%2Fv2%2Fproduct_cat&post=18578"},{"taxonomy":"product_tag","embeddable":true,"href":"https:\/\/www.oestepizzaparty.com.ar\/index.php?rest_route=%2Fwp%2Fv2%2Fproduct_tag&post=18578"}],"curies":[{"name":"wp","href":"https:\/\/api.w.org\/{rel}","templated":true}]}}