{"id":18581,"date":"2026-01-31T10:30:40","date_gmt":"2026-01-31T13:30:40","guid":{"rendered":"https:\/\/www.oestepizzaparty.com.ar\/?post_type=product&#038;p=18581"},"modified":"2026-04-14T12:53:18","modified_gmt":"2026-04-14T15:53:18","slug":"queso-crema-light-300gr-philadephia","status":"publish","type":"product","link":"https:\/\/www.oestepizzaparty.com.ar\/?product=queso-crema-light-300gr-philadephia","title":{"rendered":"Queso Crema Light 300gr &#8211; Philadephia"},"content":{"rendered":"<p>El Philadelphia Light se destaca por su bajo contenido de grasas, aportando una alternativa m\u00e1s ligera que mantiene la suavidad y el sabor delicado que lo convierten en un acompa\u00f1ante vers\u00e1til para m\u00faltiples preparaciones culinarias. Perfecto para untar en panes, preparar dip saludables, o sumar cremosidad a tus recetas favoritas, este queso crema es un aliado ideal en tu dieta diaria.<\/p>\n","protected":false},"excerpt":{"rendered":"<p>El Philadelphia Light se destaca por su bajo contenido de grasas, aportando una alternativa m\u00e1s ligera que mantiene la suavidad y el sabor delicado que lo convierten en un acompa\u00f1ante vers\u00e1til para m\u00faltiples preparaciones culinarias. Perfecto para untar en panes, preparar dip saludables, o sumar cremosidad a tus recetas favoritas, este queso crema es un [&hellip;]<\/p>\n","protected":false},"featured_media":18582,"comment_status":"open","ping_status":"closed","template":"","meta":{"_et_pb_use_builder":"","_et_pb_old_content":"","_et_gb_content_width":"","om_disable_all_campaigns":false,"_monsterinsights_skip_tracking":false,"_monsterinsights_sitenote_active":false,"_monsterinsights_sitenote_note":"","_monsterinsights_sitenote_category":0,"_joinchat":[]},"product_brand":[],"product_cat":[703,706,720,699],"product_tag":[],"class_list":{"0":"post-18581","1":"product","2":"type-product","3":"status-publish","4":"has-post-thumbnail","6":"product_cat-lacteos","7":"product_cat-ofertas-destacadas","8":"product_cat-ofertas-especiales","9":"product_cat-quesos-importados","11":"first","12":"outofstock","13":"taxable","14":"shipping-taxable","15":"product-type-simple"},"aioseo_notices":[],"_links":{"self":[{"href":"https:\/\/www.oestepizzaparty.com.ar\/index.php?rest_route=\/wp\/v2\/product\/18581","targetHints":{"allow":["GET"]}}],"collection":[{"href":"https:\/\/www.oestepizzaparty.com.ar\/index.php?rest_route=\/wp\/v2\/product"}],"about":[{"href":"https:\/\/www.oestepizzaparty.com.ar\/index.php?rest_route=\/wp\/v2\/types\/product"}],"replies":[{"embeddable":true,"href":"https:\/\/www.oestepizzaparty.com.ar\/index.php?rest_route=%2Fwp%2Fv2%2Fcomments&post=18581"}],"wp:featuredmedia":[{"embeddable":true,"href":"https:\/\/www.oestepizzaparty.com.ar\/index.php?rest_route=\/wp\/v2\/media\/18582"}],"wp:attachment":[{"href":"https:\/\/www.oestepizzaparty.com.ar\/index.php?rest_route=%2Fwp%2Fv2%2Fmedia&parent=18581"}],"wp:term":[{"taxonomy":"product_brand","embeddable":true,"href":"https:\/\/www.oestepizzaparty.com.ar\/index.php?rest_route=%2Fwp%2Fv2%2Fproduct_brand&post=18581"},{"taxonomy":"product_cat","embeddable":true,"href":"https:\/\/www.oestepizzaparty.com.ar\/index.php?rest_route=%2Fwp%2Fv2%2Fproduct_cat&post=18581"},{"taxonomy":"product_tag","embeddable":true,"href":"https:\/\/www.oestepizzaparty.com.ar\/index.php?rest_route=%2Fwp%2Fv2%2Fproduct_tag&post=18581"}],"curies":[{"name":"wp","href":"https:\/\/api.w.org\/{rel}","templated":true}]}}