{"id":18601,"date":"2026-02-02T14:48:35","date_gmt":"2026-02-02T17:48:35","guid":{"rendered":"https:\/\/www.oestepizzaparty.com.ar\/?post_type=product&#038;p=18601"},"modified":"2026-04-20T11:26:19","modified_gmt":"2026-04-20T14:26:19","slug":"pomodori-pelati-x-2-5kg-dececco","status":"publish","type":"product","link":"https:\/\/www.oestepizzaparty.com.ar\/?product=pomodori-pelati-x-2-5kg-dececco","title":{"rendered":"Pomodori Pelati x 2.5kg &#8211; Dececco  Venc 1\/01\/27"},"content":{"rendered":"<p><span dir=\"auto\">Estos son los cl\u00e1sicos tomates largos del sur de Italia con un sabor dulce y un color intenso<\/span><\/p>\n<p><span dir=\"auto\">Los De Cecco Pomodori Pelati se sumergen en agua hirviendo, se pelan y se sumergen en un denso jugo de tomate que los hace ideales para preparar la base de salsas cremosas.<\/span><\/p>\n<p><span dir=\"auto\">De Cecco utiliza \u00fanicamente tomates cultivados en Italia y recogidos en su punto justo de maduraci\u00f3n para ofrecerle la fragancia y el sabor t\u00edpicos de los tomates italianos.<\/span><\/p>\n","protected":false},"excerpt":{"rendered":"<p>Estos son los cl\u00e1sicos tomates largos del sur de Italia con un sabor dulce y un color intenso Los De Cecco Pomodori Pelati se sumergen en agua hirviendo, se pelan y se sumergen en un denso jugo de tomate que los hace ideales para preparar la base de salsas cremosas. De Cecco utiliza \u00fanicamente tomates [&hellip;]<\/p>\n","protected":false},"featured_media":18602,"comment_status":"open","ping_status":"closed","template":"","meta":{"_et_pb_use_builder":"","_et_pb_old_content":"","_et_gb_content_width":"","om_disable_all_campaigns":false,"_monsterinsights_skip_tracking":false,"_monsterinsights_sitenote_active":false,"_monsterinsights_sitenote_note":"","_monsterinsights_sitenote_category":0,"_joinchat":[]},"product_brand":[],"product_cat":[714,717],"product_tag":[],"class_list":{"0":"post-18601","1":"product","2":"type-product","3":"status-publish","4":"has-post-thumbnail","6":"product_cat-salsas-tomates","7":"product_cat-tomates-importados","9":"first","10":"outofstock","11":"taxable","12":"shipping-taxable","13":"purchasable","14":"product-type-simple"},"aioseo_notices":[],"_links":{"self":[{"href":"https:\/\/www.oestepizzaparty.com.ar\/index.php?rest_route=\/wp\/v2\/product\/18601","targetHints":{"allow":["GET"]}}],"collection":[{"href":"https:\/\/www.oestepizzaparty.com.ar\/index.php?rest_route=\/wp\/v2\/product"}],"about":[{"href":"https:\/\/www.oestepizzaparty.com.ar\/index.php?rest_route=\/wp\/v2\/types\/product"}],"replies":[{"embeddable":true,"href":"https:\/\/www.oestepizzaparty.com.ar\/index.php?rest_route=%2Fwp%2Fv2%2Fcomments&post=18601"}],"wp:featuredmedia":[{"embeddable":true,"href":"https:\/\/www.oestepizzaparty.com.ar\/index.php?rest_route=\/wp\/v2\/media\/18602"}],"wp:attachment":[{"href":"https:\/\/www.oestepizzaparty.com.ar\/index.php?rest_route=%2Fwp%2Fv2%2Fmedia&parent=18601"}],"wp:term":[{"taxonomy":"product_brand","embeddable":true,"href":"https:\/\/www.oestepizzaparty.com.ar\/index.php?rest_route=%2Fwp%2Fv2%2Fproduct_brand&post=18601"},{"taxonomy":"product_cat","embeddable":true,"href":"https:\/\/www.oestepizzaparty.com.ar\/index.php?rest_route=%2Fwp%2Fv2%2Fproduct_cat&post=18601"},{"taxonomy":"product_tag","embeddable":true,"href":"https:\/\/www.oestepizzaparty.com.ar\/index.php?rest_route=%2Fwp%2Fv2%2Fproduct_tag&post=18601"}],"curies":[{"name":"wp","href":"https:\/\/api.w.org\/{rel}","templated":true}]}}