{"id":18605,"date":"2026-02-02T15:09:35","date_gmt":"2026-02-02T18:09:35","guid":{"rendered":"https:\/\/www.oestepizzaparty.com.ar\/?post_type=product&#038;p=18605"},"modified":"2026-03-16T14:53:11","modified_gmt":"2026-03-16T17:53:11","slug":"pomodori-pelati-x-400gr-dececco","status":"publish","type":"product","link":"https:\/\/www.oestepizzaparty.com.ar\/?product=pomodori-pelati-x-400gr-dececco","title":{"rendered":"PULPA FINA x 400gr &#8211; Dececco  Venc 1\/01\/28"},"content":{"rendered":"<p><span dir=\"auto\">La Polpa Fine De Cecco est\u00e1 preparada solo con tomates italianos recogidos en el justo grado de maduraci\u00f3n y cortados en trozos fin\u00edsimos<\/span><\/p>\n<p><span dir=\"auto\">Por su consistencia cremosa y homog\u00e9nea, la Polpa Fine De Cecco es el producto ideal para condimentar la pizza y la pasta al huevo, llevando as\u00ed a tu mesa el gusto intenso del tomate apenas recogido.<\/span><\/p>\n","protected":false},"excerpt":{"rendered":"<p>La Polpa Fine De Cecco est\u00e1 preparada solo con tomates italianos recogidos en el justo grado de maduraci\u00f3n y cortados en trozos fin\u00edsimos Por su consistencia cremosa y homog\u00e9nea, la Polpa Fine De Cecco es el producto ideal para condimentar la pizza y la pasta al huevo, llevando as\u00ed a tu mesa el gusto intenso [&hellip;]<\/p>\n","protected":false},"featured_media":18606,"comment_status":"open","ping_status":"closed","template":"","meta":{"_et_pb_use_builder":"","_et_pb_old_content":"","_et_gb_content_width":"","om_disable_all_campaigns":false,"_monsterinsights_skip_tracking":false,"_monsterinsights_sitenote_active":false,"_monsterinsights_sitenote_note":"","_monsterinsights_sitenote_category":0,"_joinchat":[]},"product_brand":[],"product_cat":[714,717],"product_tag":[],"class_list":{"0":"post-18605","1":"product","2":"type-product","3":"status-publish","4":"has-post-thumbnail","6":"product_cat-salsas-tomates","7":"product_cat-tomates-importados","9":"first","10":"instock","11":"taxable","12":"shipping-taxable","13":"purchasable","14":"product-type-simple"},"aioseo_notices":[],"_links":{"self":[{"href":"https:\/\/www.oestepizzaparty.com.ar\/index.php?rest_route=\/wp\/v2\/product\/18605","targetHints":{"allow":["GET"]}}],"collection":[{"href":"https:\/\/www.oestepizzaparty.com.ar\/index.php?rest_route=\/wp\/v2\/product"}],"about":[{"href":"https:\/\/www.oestepizzaparty.com.ar\/index.php?rest_route=\/wp\/v2\/types\/product"}],"replies":[{"embeddable":true,"href":"https:\/\/www.oestepizzaparty.com.ar\/index.php?rest_route=%2Fwp%2Fv2%2Fcomments&post=18605"}],"wp:featuredmedia":[{"embeddable":true,"href":"https:\/\/www.oestepizzaparty.com.ar\/index.php?rest_route=\/wp\/v2\/media\/18606"}],"wp:attachment":[{"href":"https:\/\/www.oestepizzaparty.com.ar\/index.php?rest_route=%2Fwp%2Fv2%2Fmedia&parent=18605"}],"wp:term":[{"taxonomy":"product_brand","embeddable":true,"href":"https:\/\/www.oestepizzaparty.com.ar\/index.php?rest_route=%2Fwp%2Fv2%2Fproduct_brand&post=18605"},{"taxonomy":"product_cat","embeddable":true,"href":"https:\/\/www.oestepizzaparty.com.ar\/index.php?rest_route=%2Fwp%2Fv2%2Fproduct_cat&post=18605"},{"taxonomy":"product_tag","embeddable":true,"href":"https:\/\/www.oestepizzaparty.com.ar\/index.php?rest_route=%2Fwp%2Fv2%2Fproduct_tag&post=18605"}],"curies":[{"name":"wp","href":"https:\/\/api.w.org\/{rel}","templated":true}]}}