{"id":18675,"date":"2026-02-17T09:50:46","date_gmt":"2026-02-17T12:50:46","guid":{"rendered":"https:\/\/www.oestepizzaparty.com.ar\/?post_type=product&#038;p=18675"},"modified":"2026-04-07T12:05:17","modified_gmt":"2026-04-07T15:05:17","slug":"sal-pimienta-negra-330gr-gavar","status":"publish","type":"product","link":"https:\/\/www.oestepizzaparty.com.ar\/?product=sal-pimienta-negra-330gr-gavar","title":{"rendered":"Sal Pimienta Negra 330gr &#8211; Gavar"},"content":{"rendered":"<p>Descubr\u00ed el equilibrio cl\u00e1sico que no puede faltar en tu cocina con la\u00a0<strong>Sal con Pimienta Negra Gavar<\/strong>. Este condimento combina la textura ideal de la sal entrefina con el car\u00e1cter vibrante de los granos reci\u00e9n molidos de pimienta negra, logrando un sabor \u00fanico que realza cualquier plato.<\/p>\n<p>Libre de gluten, certificada para cel\u00edacos.<\/p>\n","protected":false},"excerpt":{"rendered":"<p>Descubr\u00ed el equilibrio cl\u00e1sico que no puede faltar en tu cocina con la\u00a0Sal con Pimienta Negra Gavar. Este condimento combina la textura ideal de la sal entrefina con el car\u00e1cter vibrante de los granos reci\u00e9n molidos de pimienta negra, logrando un sabor \u00fanico que realza cualquier plato. Libre de gluten, certificada para cel\u00edacos.<\/p>\n","protected":false},"featured_media":18676,"comment_status":"open","ping_status":"closed","template":"","meta":{"_et_pb_use_builder":"","_et_pb_old_content":"","_et_gb_content_width":"","om_disable_all_campaigns":false,"_monsterinsights_skip_tracking":false,"_monsterinsights_sitenote_active":false,"_monsterinsights_sitenote_note":"","_monsterinsights_sitenote_category":0,"_joinchat":[]},"product_brand":[],"product_cat":[719,708],"product_tag":[],"class_list":{"0":"post-18675","1":"product","2":"type-product","3":"status-publish","4":"has-post-thumbnail","6":"product_cat-condimentos-especias","7":"product_cat-productos-de-almacen","9":"first","10":"instock","11":"taxable","12":"shipping-taxable","13":"purchasable","14":"product-type-simple"},"aioseo_notices":[],"_links":{"self":[{"href":"https:\/\/www.oestepizzaparty.com.ar\/index.php?rest_route=\/wp\/v2\/product\/18675","targetHints":{"allow":["GET"]}}],"collection":[{"href":"https:\/\/www.oestepizzaparty.com.ar\/index.php?rest_route=\/wp\/v2\/product"}],"about":[{"href":"https:\/\/www.oestepizzaparty.com.ar\/index.php?rest_route=\/wp\/v2\/types\/product"}],"replies":[{"embeddable":true,"href":"https:\/\/www.oestepizzaparty.com.ar\/index.php?rest_route=%2Fwp%2Fv2%2Fcomments&post=18675"}],"wp:featuredmedia":[{"embeddable":true,"href":"https:\/\/www.oestepizzaparty.com.ar\/index.php?rest_route=\/wp\/v2\/media\/18676"}],"wp:attachment":[{"href":"https:\/\/www.oestepizzaparty.com.ar\/index.php?rest_route=%2Fwp%2Fv2%2Fmedia&parent=18675"}],"wp:term":[{"taxonomy":"product_brand","embeddable":true,"href":"https:\/\/www.oestepizzaparty.com.ar\/index.php?rest_route=%2Fwp%2Fv2%2Fproduct_brand&post=18675"},{"taxonomy":"product_cat","embeddable":true,"href":"https:\/\/www.oestepizzaparty.com.ar\/index.php?rest_route=%2Fwp%2Fv2%2Fproduct_cat&post=18675"},{"taxonomy":"product_tag","embeddable":true,"href":"https:\/\/www.oestepizzaparty.com.ar\/index.php?rest_route=%2Fwp%2Fv2%2Fproduct_tag&post=18675"}],"curies":[{"name":"wp","href":"https:\/\/api.w.org\/{rel}","templated":true}]}}