{"id":18806,"date":"2026-03-06T14:50:07","date_gmt":"2026-03-06T17:50:07","guid":{"rendered":"https:\/\/www.oestepizzaparty.com.ar\/?post_type=product&#038;p=18806"},"modified":"2026-04-02T17:09:41","modified_gmt":"2026-04-02T20:09:41","slug":"fecula-de-mandioca-10-x-1kg-femag","status":"publish","type":"product","link":"https:\/\/www.oestepizzaparty.com.ar\/?product=fecula-de-mandioca-10-x-1kg-femag","title":{"rendered":"Fecula de Mandioca 10 x 1kg-Femag"},"content":{"rendered":"<p>F\u00e9cula De Mandioca Sin T.a.c.c. femag. F\u00e9cula de mandioca apto para celiaco. Ingrediente clave de la gastronom\u00eda regional. Es un alimento nutritivo delicado y de f\u00e1cil digesti\u00f3n. En panader\u00eda su uso es cada vez mayor por el auge del chipa; pero adem\u00e1s tiene utilidad como almid\u00f3n precocido para postres y es un excelente espesante utilizado para decoraciones de pasteler\u00eda, salsas, guisos, etc.<\/p>\n","protected":false},"excerpt":{"rendered":"<p>F\u00e9cula De Mandioca Sin T.a.c.c. femag. F\u00e9cula de mandioca apto para celiaco. Ingrediente clave de la gastronom\u00eda regional. Es un alimento nutritivo delicado y de f\u00e1cil digesti\u00f3n. En panader\u00eda su uso es cada vez mayor por el auge del chipa; pero adem\u00e1s tiene utilidad como almid\u00f3n precocido para postres y es un excelente espesante utilizado [&hellip;]<\/p>\n","protected":false},"featured_media":14640,"comment_status":"open","ping_status":"closed","template":"","meta":{"_et_pb_use_builder":"","_et_pb_old_content":"","_et_gb_content_width":"","om_disable_all_campaigns":false,"_monsterinsights_skip_tracking":false,"_monsterinsights_sitenote_active":false,"_monsterinsights_sitenote_note":"","_monsterinsights_sitenote_category":0,"_joinchat":[]},"product_brand":[],"product_cat":[743],"product_tag":[],"class_list":{"0":"post-18806","1":"product","2":"type-product","3":"status-publish","4":"has-post-thumbnail","6":"product_cat-harinas-varias-feculas","8":"first","9":"instock","10":"taxable","11":"shipping-taxable","12":"purchasable","13":"product-type-simple"},"aioseo_notices":[],"_links":{"self":[{"href":"https:\/\/www.oestepizzaparty.com.ar\/index.php?rest_route=\/wp\/v2\/product\/18806","targetHints":{"allow":["GET"]}}],"collection":[{"href":"https:\/\/www.oestepizzaparty.com.ar\/index.php?rest_route=\/wp\/v2\/product"}],"about":[{"href":"https:\/\/www.oestepizzaparty.com.ar\/index.php?rest_route=\/wp\/v2\/types\/product"}],"replies":[{"embeddable":true,"href":"https:\/\/www.oestepizzaparty.com.ar\/index.php?rest_route=%2Fwp%2Fv2%2Fcomments&post=18806"}],"wp:featuredmedia":[{"embeddable":true,"href":"https:\/\/www.oestepizzaparty.com.ar\/index.php?rest_route=\/wp\/v2\/media\/14640"}],"wp:attachment":[{"href":"https:\/\/www.oestepizzaparty.com.ar\/index.php?rest_route=%2Fwp%2Fv2%2Fmedia&parent=18806"}],"wp:term":[{"taxonomy":"product_brand","embeddable":true,"href":"https:\/\/www.oestepizzaparty.com.ar\/index.php?rest_route=%2Fwp%2Fv2%2Fproduct_brand&post=18806"},{"taxonomy":"product_cat","embeddable":true,"href":"https:\/\/www.oestepizzaparty.com.ar\/index.php?rest_route=%2Fwp%2Fv2%2Fproduct_cat&post=18806"},{"taxonomy":"product_tag","embeddable":true,"href":"https:\/\/www.oestepizzaparty.com.ar\/index.php?rest_route=%2Fwp%2Fv2%2Fproduct_tag&post=18806"}],"curies":[{"name":"wp","href":"https:\/\/api.w.org\/{rel}","templated":true}]}}