{"id":18833,"date":"2026-03-12T17:15:43","date_gmt":"2026-03-12T20:15:43","guid":{"rendered":"https:\/\/www.oestepizzaparty.com.ar\/?post_type=product&#038;p=18833"},"modified":"2026-05-05T18:34:29","modified_gmt":"2026-05-05T21:34:29","slug":"burrata-piccola-x-4-unidades-peso-total-280gr-arrivata","status":"publish","type":"product","link":"https:\/\/www.oestepizzaparty.com.ar\/?product=burrata-piccola-x-4-unidades-peso-total-280gr-arrivata","title":{"rendered":"Burrata piccola x 4 unidades peso total 280gr &#8211; Arrivata"},"content":{"rendered":"<p>La burrata piccola, o burratina,\u00a0<mark class=\"HxTRcb\" data-sfc-cb=\"\" data-processed=\"true\">es una versi\u00f3n m\u00e1s peque\u00f1a de la burrata tradicional<br \/>\n<strong>Ofrece una capa exterior de mozzarella y un coraz\u00f3n cremoso de\u00a0<em class=\"eujQNb\" data-sfc-cb=\"\" data-processed=\"true\">stracciatella<\/em>, caracterizada por su sabor l\u00e1cteo, textura suave y delicada, com\u00fanmente servida con aceite de oliva, tomates o albahaca<\/strong><br \/>\n<\/mark><\/p>\n","protected":false},"excerpt":{"rendered":"<p>La burrata piccola, o burratina,\u00a0es una versi\u00f3n m\u00e1s peque\u00f1a de la burrata tradicional Ofrece una capa exterior de mozzarella y un coraz\u00f3n cremoso de\u00a0stracciatella, caracterizada por su sabor l\u00e1cteo, textura suave y delicada, com\u00fanmente servida con aceite de oliva, tomates o albahaca<\/p>\n","protected":false},"featured_media":18846,"comment_status":"open","ping_status":"closed","template":"","meta":{"_et_pb_use_builder":"","_et_pb_old_content":"","_et_gb_content_width":"","om_disable_all_campaigns":false,"_monsterinsights_skip_tracking":false,"_monsterinsights_sitenote_active":false,"_monsterinsights_sitenote_note":"","_monsterinsights_sitenote_category":0,"_joinchat":[]},"product_brand":[],"product_cat":[703,772],"product_tag":[],"class_list":{"0":"post-18833","1":"product","2":"type-product","3":"status-publish","4":"has-post-thumbnail","6":"product_cat-lacteos","7":"product_cat-quesos-arrivata","9":"first","10":"outofstock","11":"taxable","12":"shipping-taxable","13":"purchasable","14":"product-type-simple"},"aioseo_notices":[],"_links":{"self":[{"href":"https:\/\/www.oestepizzaparty.com.ar\/index.php?rest_route=\/wp\/v2\/product\/18833","targetHints":{"allow":["GET"]}}],"collection":[{"href":"https:\/\/www.oestepizzaparty.com.ar\/index.php?rest_route=\/wp\/v2\/product"}],"about":[{"href":"https:\/\/www.oestepizzaparty.com.ar\/index.php?rest_route=\/wp\/v2\/types\/product"}],"replies":[{"embeddable":true,"href":"https:\/\/www.oestepizzaparty.com.ar\/index.php?rest_route=%2Fwp%2Fv2%2Fcomments&post=18833"}],"wp:featuredmedia":[{"embeddable":true,"href":"https:\/\/www.oestepizzaparty.com.ar\/index.php?rest_route=\/wp\/v2\/media\/18846"}],"wp:attachment":[{"href":"https:\/\/www.oestepizzaparty.com.ar\/index.php?rest_route=%2Fwp%2Fv2%2Fmedia&parent=18833"}],"wp:term":[{"taxonomy":"product_brand","embeddable":true,"href":"https:\/\/www.oestepizzaparty.com.ar\/index.php?rest_route=%2Fwp%2Fv2%2Fproduct_brand&post=18833"},{"taxonomy":"product_cat","embeddable":true,"href":"https:\/\/www.oestepizzaparty.com.ar\/index.php?rest_route=%2Fwp%2Fv2%2Fproduct_cat&post=18833"},{"taxonomy":"product_tag","embeddable":true,"href":"https:\/\/www.oestepizzaparty.com.ar\/index.php?rest_route=%2Fwp%2Fv2%2Fproduct_tag&post=18833"}],"curies":[{"name":"wp","href":"https:\/\/api.w.org\/{rel}","templated":true}]}}