{"id":18951,"date":"2026-03-28T09:53:11","date_gmt":"2026-03-28T12:53:11","guid":{"rendered":"https:\/\/www.oestepizzaparty.com.ar\/?post_type=product&#038;p=18951"},"modified":"2026-03-28T10:01:22","modified_gmt":"2026-03-28T13:01:22","slug":"caja-treccia-ahumada-x-190gr-arrivata","status":"publish","type":"product","link":"https:\/\/www.oestepizzaparty.com.ar\/?product=caja-treccia-ahumada-x-190gr-arrivata","title":{"rendered":"CAJA TRECCIA AHUMADA X 190GR- Arrivata"},"content":{"rendered":"<p><span id=\"E270\" class=\"qowt-font3-Arial\">Ideal para consumir en tablas de quesos, en gratinados de arroz o pastas y tambi\u00e9n cortado fino a m\u00e1quina. Queso de pasta hilada originario de Italia elaborado con leche de vaca con forma trenzada<\/span><span id=\"E271\" class=\"qowt-font3-Arial\">, l<\/span><span id=\"E272\" class=\"qowt-font3-Arial\">uego de su elaboraci\u00f3n y salado, se hace un ahumado natural logrando un sabor suave y muy especial.<\/span><span id=\"E273\" class=\"qowt-font3-Arial\">\u00a0Se recomienda consumir a temperatura ambiente.<\/span><\/p>\n","protected":false},"excerpt":{"rendered":"<p>Ideal para consumir en tablas de quesos, en gratinados de arroz o pastas y tambi\u00e9n cortado fino a m\u00e1quina. Queso de pasta hilada originario de Italia elaborado con leche de vaca con forma trenzada, luego de su elaboraci\u00f3n y salado, se hace un ahumado natural logrando un sabor suave y muy especial.\u00a0Se recomienda consumir a [&hellip;]<\/p>\n","protected":false},"featured_media":18952,"comment_status":"open","ping_status":"closed","template":"","meta":{"_et_pb_use_builder":"","_et_pb_old_content":"","_et_gb_content_width":"","om_disable_all_campaigns":false,"_monsterinsights_skip_tracking":false,"_monsterinsights_sitenote_active":false,"_monsterinsights_sitenote_note":"","_monsterinsights_sitenote_category":0,"_joinchat":[]},"product_brand":[],"product_cat":[703,772],"product_tag":[],"class_list":{"0":"post-18951","1":"product","2":"type-product","3":"status-publish","4":"has-post-thumbnail","6":"product_cat-lacteos","7":"product_cat-quesos-arrivata","9":"first","10":"instock","11":"taxable","12":"shipping-taxable","13":"purchasable","14":"product-type-simple"},"aioseo_notices":[],"_links":{"self":[{"href":"https:\/\/www.oestepizzaparty.com.ar\/index.php?rest_route=\/wp\/v2\/product\/18951","targetHints":{"allow":["GET"]}}],"collection":[{"href":"https:\/\/www.oestepizzaparty.com.ar\/index.php?rest_route=\/wp\/v2\/product"}],"about":[{"href":"https:\/\/www.oestepizzaparty.com.ar\/index.php?rest_route=\/wp\/v2\/types\/product"}],"replies":[{"embeddable":true,"href":"https:\/\/www.oestepizzaparty.com.ar\/index.php?rest_route=%2Fwp%2Fv2%2Fcomments&post=18951"}],"wp:featuredmedia":[{"embeddable":true,"href":"https:\/\/www.oestepizzaparty.com.ar\/index.php?rest_route=\/wp\/v2\/media\/18952"}],"wp:attachment":[{"href":"https:\/\/www.oestepizzaparty.com.ar\/index.php?rest_route=%2Fwp%2Fv2%2Fmedia&parent=18951"}],"wp:term":[{"taxonomy":"product_brand","embeddable":true,"href":"https:\/\/www.oestepizzaparty.com.ar\/index.php?rest_route=%2Fwp%2Fv2%2Fproduct_brand&post=18951"},{"taxonomy":"product_cat","embeddable":true,"href":"https:\/\/www.oestepizzaparty.com.ar\/index.php?rest_route=%2Fwp%2Fv2%2Fproduct_cat&post=18951"},{"taxonomy":"product_tag","embeddable":true,"href":"https:\/\/www.oestepizzaparty.com.ar\/index.php?rest_route=%2Fwp%2Fv2%2Fproduct_tag&post=18951"}],"curies":[{"name":"wp","href":"https:\/\/api.w.org\/{rel}","templated":true}]}}