{"id":18954,"date":"2026-03-28T10:10:39","date_gmt":"2026-03-28T13:10:39","guid":{"rendered":"https:\/\/www.oestepizzaparty.com.ar\/?post_type=product&#038;p=18954"},"modified":"2026-04-14T11:18:48","modified_gmt":"2026-04-14T14:18:48","slug":"stracciatella-fior-di-latte-x-200grs-arrivata","status":"publish","type":"product","link":"https:\/\/www.oestepizzaparty.com.ar\/?product=stracciatella-fior-di-latte-x-200grs-arrivata","title":{"rendered":"Stracciatella Fior Di Latte X 200Grs-Arrivata"},"content":{"rendered":"<article>\n<h2>Stracciatella Fior Di Latte x 200 Grs Arrivata &#8211; Sum\u00e1 cremosidad y sabor a tus platos<\/h2>\n<p>Eleg\u00ed una opci\u00f3n ideal para realzar recetas simples y especiales. Disfrut\u00e1 una textura suave que eleva cada preparaci\u00f3n.<\/p>\n<h3>Porque elegir Stracciatella Fior Di Latte x 200 Grs Arrivata<\/h3>\n<ul>\n<li>Textura cremosa ideal para m\u00faltiples usos<\/li>\n<li>Presentaci\u00f3n de 200 grs<\/li>\n<li>Perfecta para entradas y platos principales<\/li>\n<li>Aporta un toque especial a cada receta<\/li>\n<\/ul>\n<p>Dale protagonismo a tus comidas con un ingrediente que se siente. Compralo ahora con env\u00edo a domicilio o retiro en tienda.<\/p>\n<\/article>\n<div>\n<div class=\"v-c_descripcion_subtitle\">Ingredientes<\/div>\n<article>Leche entera, crema de leche, sal, cloruro de calcio, cuajo, ac reg ins 330, leche<\/article>\n<\/div>\n","protected":false},"excerpt":{"rendered":"<p>Stracciatella Fior Di Latte x 200 Grs Arrivata &#8211; Sum\u00e1 cremosidad y sabor a tus platos Eleg\u00ed una opci\u00f3n ideal para realzar recetas simples y especiales. Disfrut\u00e1 una textura suave que eleva cada preparaci\u00f3n. Porque elegir Stracciatella Fior Di Latte x 200 Grs Arrivata Textura cremosa ideal para m\u00faltiples usos Presentaci\u00f3n de 200 grs Perfecta [&hellip;]<\/p>\n","protected":false},"featured_media":18955,"comment_status":"open","ping_status":"closed","template":"","meta":{"_et_pb_use_builder":"","_et_pb_old_content":"","_et_gb_content_width":"","om_disable_all_campaigns":false,"_monsterinsights_skip_tracking":false,"_monsterinsights_sitenote_active":false,"_monsterinsights_sitenote_note":"","_monsterinsights_sitenote_category":0,"_joinchat":[]},"product_brand":[],"product_cat":[703,772],"product_tag":[],"class_list":{"0":"post-18954","1":"product","2":"type-product","3":"status-publish","4":"has-post-thumbnail","6":"product_cat-lacteos","7":"product_cat-quesos-arrivata","9":"first","10":"outofstock","11":"taxable","12":"shipping-taxable","13":"purchasable","14":"product-type-simple"},"aioseo_notices":[],"_links":{"self":[{"href":"https:\/\/www.oestepizzaparty.com.ar\/index.php?rest_route=\/wp\/v2\/product\/18954","targetHints":{"allow":["GET"]}}],"collection":[{"href":"https:\/\/www.oestepizzaparty.com.ar\/index.php?rest_route=\/wp\/v2\/product"}],"about":[{"href":"https:\/\/www.oestepizzaparty.com.ar\/index.php?rest_route=\/wp\/v2\/types\/product"}],"replies":[{"embeddable":true,"href":"https:\/\/www.oestepizzaparty.com.ar\/index.php?rest_route=%2Fwp%2Fv2%2Fcomments&post=18954"}],"wp:featuredmedia":[{"embeddable":true,"href":"https:\/\/www.oestepizzaparty.com.ar\/index.php?rest_route=\/wp\/v2\/media\/18955"}],"wp:attachment":[{"href":"https:\/\/www.oestepizzaparty.com.ar\/index.php?rest_route=%2Fwp%2Fv2%2Fmedia&parent=18954"}],"wp:term":[{"taxonomy":"product_brand","embeddable":true,"href":"https:\/\/www.oestepizzaparty.com.ar\/index.php?rest_route=%2Fwp%2Fv2%2Fproduct_brand&post=18954"},{"taxonomy":"product_cat","embeddable":true,"href":"https:\/\/www.oestepizzaparty.com.ar\/index.php?rest_route=%2Fwp%2Fv2%2Fproduct_cat&post=18954"},{"taxonomy":"product_tag","embeddable":true,"href":"https:\/\/www.oestepizzaparty.com.ar\/index.php?rest_route=%2Fwp%2Fv2%2Fproduct_tag&post=18954"}],"curies":[{"name":"wp","href":"https:\/\/api.w.org\/{rel}","templated":true}]}}