{"id":18997,"date":"2026-04-01T12:17:54","date_gmt":"2026-04-01T15:17:54","guid":{"rendered":"https:\/\/www.oestepizzaparty.com.ar\/?post_type=product&#038;p=18997"},"modified":"2026-04-14T13:02:53","modified_gmt":"2026-04-14T16:02:53","slug":"aceto-balsamico-x-500ml-cristo-de-los-cerros","status":"publish","type":"product","link":"https:\/\/www.oestepizzaparty.com.ar\/?product=aceto-balsamico-x-500ml-cristo-de-los-cerros","title":{"rendered":"Aceto Balsamico X 500ml -Cristo de los Cerros"},"content":{"rendered":"<p style=\"font-weight: 600 !important;\">Descripci\u00f3n<\/p>\n<p><b>Aceto bals\u00e1mico &#8211; <\/b><strong>Cristo de los Cerros 500 ml<\/strong><\/p>\n<p>Es perfecto para condimentar las ensaladas, queda estupendamente en vinagretas, mezclando proporcionalmente una cucharada de aceto bals\u00e1mico, una de aceite de oliva y una de mostaza de Dij\u00f3n. Si quer\u00e9s darle un toque m\u00e1s dulz\u00f3n, se puede incluir una cucharada de miel.<\/p>\n<p>Adem\u00e1s, podemos utilizarlo para aderezar platos de carne, verduras y ensaladas de hoja verde. Cuando utilizamos el aceto bals\u00e1mico para cocinar platos calientes, hay que a\u00f1adirlo en el plato justo antes de quitar la comida del fuego. De esta forma, haremos que los alimentos se impregnen con su sabor sin perder su especial aroma.<\/p>\n","protected":false},"excerpt":{"rendered":"<p>Descripci\u00f3n Aceto bals\u00e1mico &#8211; Cristo de los Cerros 500 ml Es perfecto para condimentar las ensaladas, queda estupendamente en vinagretas, mezclando proporcionalmente una cucharada de aceto bals\u00e1mico, una de aceite de oliva y una de mostaza de Dij\u00f3n. Si quer\u00e9s darle un toque m\u00e1s dulz\u00f3n, se puede incluir una cucharada de miel. Adem\u00e1s, podemos utilizarlo [&hellip;]<\/p>\n","protected":false},"featured_media":18996,"comment_status":"open","ping_status":"closed","template":"","meta":{"_et_pb_use_builder":"","_et_pb_old_content":"","_et_gb_content_width":"","om_disable_all_campaigns":false,"_monsterinsights_skip_tracking":false,"_monsterinsights_sitenote_active":false,"_monsterinsights_sitenote_note":"","_monsterinsights_sitenote_category":0,"_joinchat":[]},"product_brand":[],"product_cat":[753,708],"product_tag":[],"class_list":{"0":"post-18997","1":"product","2":"type-product","3":"status-publish","4":"has-post-thumbnail","6":"product_cat-aceites-vinagres-nacionales","7":"product_cat-productos-de-almacen","9":"first","10":"instock","11":"taxable","12":"shipping-taxable","13":"purchasable","14":"product-type-simple"},"aioseo_notices":[],"_links":{"self":[{"href":"https:\/\/www.oestepizzaparty.com.ar\/index.php?rest_route=\/wp\/v2\/product\/18997","targetHints":{"allow":["GET"]}}],"collection":[{"href":"https:\/\/www.oestepizzaparty.com.ar\/index.php?rest_route=\/wp\/v2\/product"}],"about":[{"href":"https:\/\/www.oestepizzaparty.com.ar\/index.php?rest_route=\/wp\/v2\/types\/product"}],"replies":[{"embeddable":true,"href":"https:\/\/www.oestepizzaparty.com.ar\/index.php?rest_route=%2Fwp%2Fv2%2Fcomments&post=18997"}],"wp:featuredmedia":[{"embeddable":true,"href":"https:\/\/www.oestepizzaparty.com.ar\/index.php?rest_route=\/wp\/v2\/media\/18996"}],"wp:attachment":[{"href":"https:\/\/www.oestepizzaparty.com.ar\/index.php?rest_route=%2Fwp%2Fv2%2Fmedia&parent=18997"}],"wp:term":[{"taxonomy":"product_brand","embeddable":true,"href":"https:\/\/www.oestepizzaparty.com.ar\/index.php?rest_route=%2Fwp%2Fv2%2Fproduct_brand&post=18997"},{"taxonomy":"product_cat","embeddable":true,"href":"https:\/\/www.oestepizzaparty.com.ar\/index.php?rest_route=%2Fwp%2Fv2%2Fproduct_cat&post=18997"},{"taxonomy":"product_tag","embeddable":true,"href":"https:\/\/www.oestepizzaparty.com.ar\/index.php?rest_route=%2Fwp%2Fv2%2Fproduct_tag&post=18997"}],"curies":[{"name":"wp","href":"https:\/\/api.w.org\/{rel}","templated":true}]}}