{"id":18999,"date":"2026-04-01T12:22:55","date_gmt":"2026-04-01T15:22:55","guid":{"rendered":"https:\/\/www.oestepizzaparty.com.ar\/?post_type=product&#038;p=18999"},"modified":"2026-04-01T12:23:06","modified_gmt":"2026-04-01T15:23:06","slug":"aceto-balsamico-reduccion-premium-x-500ml-alcaraz","status":"publish","type":"product","link":"https:\/\/www.oestepizzaparty.com.ar\/?product=aceto-balsamico-reduccion-premium-x-500ml-alcaraz","title":{"rendered":"Aceto Bals\u00e1mico Reducci\u00f3n Premium X 500ml-Alcaraz"},"content":{"rendered":"<h2>Descripci\u00f3n<\/h2>\n<div id=\"dslc-theme-content\">\n<div id=\"dslc-theme-content-inner\">\n<h4>Elaboramos este aceto con una reducci\u00f3n de mosto de uva del corredor productivo en Mendoza, a\u00f1ejado en barricas de roble. Notas de ciruela, frutilla y vainilla.<\/h4>\n<\/div>\n<\/div>\n","protected":false},"excerpt":{"rendered":"<p>Descripci\u00f3n Elaboramos este aceto con una reducci\u00f3n de mosto de uva del corredor productivo en Mendoza, a\u00f1ejado en barricas de roble. Notas de ciruela, frutilla y vainilla.<\/p>\n","protected":false},"featured_media":19000,"comment_status":"open","ping_status":"closed","template":"","meta":{"_et_pb_use_builder":"","_et_pb_old_content":"","_et_gb_content_width":"","om_disable_all_campaigns":false,"_monsterinsights_skip_tracking":false,"_monsterinsights_sitenote_active":false,"_monsterinsights_sitenote_note":"","_monsterinsights_sitenote_category":0,"_joinchat":[]},"product_brand":[],"product_cat":[753,708],"product_tag":[],"class_list":{"0":"post-18999","1":"product","2":"type-product","3":"status-publish","4":"has-post-thumbnail","6":"product_cat-aceites-vinagres-nacionales","7":"product_cat-productos-de-almacen","9":"first","10":"instock","11":"taxable","12":"shipping-taxable","13":"purchasable","14":"product-type-simple"},"aioseo_notices":[],"_links":{"self":[{"href":"https:\/\/www.oestepizzaparty.com.ar\/index.php?rest_route=\/wp\/v2\/product\/18999","targetHints":{"allow":["GET"]}}],"collection":[{"href":"https:\/\/www.oestepizzaparty.com.ar\/index.php?rest_route=\/wp\/v2\/product"}],"about":[{"href":"https:\/\/www.oestepizzaparty.com.ar\/index.php?rest_route=\/wp\/v2\/types\/product"}],"replies":[{"embeddable":true,"href":"https:\/\/www.oestepizzaparty.com.ar\/index.php?rest_route=%2Fwp%2Fv2%2Fcomments&post=18999"}],"wp:featuredmedia":[{"embeddable":true,"href":"https:\/\/www.oestepizzaparty.com.ar\/index.php?rest_route=\/wp\/v2\/media\/19000"}],"wp:attachment":[{"href":"https:\/\/www.oestepizzaparty.com.ar\/index.php?rest_route=%2Fwp%2Fv2%2Fmedia&parent=18999"}],"wp:term":[{"taxonomy":"product_brand","embeddable":true,"href":"https:\/\/www.oestepizzaparty.com.ar\/index.php?rest_route=%2Fwp%2Fv2%2Fproduct_brand&post=18999"},{"taxonomy":"product_cat","embeddable":true,"href":"https:\/\/www.oestepizzaparty.com.ar\/index.php?rest_route=%2Fwp%2Fv2%2Fproduct_cat&post=18999"},{"taxonomy":"product_tag","embeddable":true,"href":"https:\/\/www.oestepizzaparty.com.ar\/index.php?rest_route=%2Fwp%2Fv2%2Fproduct_tag&post=18999"}],"curies":[{"name":"wp","href":"https:\/\/api.w.org\/{rel}","templated":true}]}}