{"id":19032,"date":"2026-04-07T08:37:09","date_gmt":"2026-04-07T11:37:09","guid":{"rendered":"https:\/\/www.oestepizzaparty.com.ar\/?post_type=product&#038;p=19032"},"modified":"2026-04-07T08:43:27","modified_gmt":"2026-04-07T11:43:27","slug":"ciao-authentica-polpa-di-pomodoro-x-400gr","status":"publish","type":"product","link":"https:\/\/www.oestepizzaparty.com.ar\/?product=ciao-authentica-polpa-di-pomodoro-x-400gr","title":{"rendered":"Ciao Authentica Polpa di Pomodoro x 400gr"},"content":{"rendered":"<p>La pulpa fina Authentica es uno de nuestros productos originales ya apreciado en todo el mundo. Nuestro tomate pelado, triturado en trozos y mezclado con jugo de tomate parcialmente evaporado, se convierte en Authentica: nuestra verdadera salsa. Dise\u00f1ado para la pizza, pero no s\u00f3lo, Authentica es un producto extremadamente vers\u00e1til y sencillo, apto para todas las preparaciones.<\/p>\n","protected":false},"excerpt":{"rendered":"<p>La pulpa fina Authentica es uno de nuestros productos originales ya apreciado en todo el mundo. Nuestro tomate pelado, triturado en trozos y mezclado con jugo de tomate parcialmente evaporado, se convierte en Authentica: nuestra verdadera salsa. Dise\u00f1ado para la pizza, pero no s\u00f3lo, Authentica es un producto extremadamente vers\u00e1til y sencillo, apto para todas [&hellip;]<\/p>\n","protected":false},"featured_media":19033,"comment_status":"open","ping_status":"closed","template":"","meta":{"_et_pb_use_builder":"","_et_pb_old_content":"","_et_gb_content_width":"","om_disable_all_campaigns":false,"_monsterinsights_skip_tracking":false,"_monsterinsights_sitenote_active":false,"_monsterinsights_sitenote_note":"","_monsterinsights_sitenote_category":0,"_joinchat":[]},"product_brand":[],"product_cat":[717],"product_tag":[],"class_list":{"0":"post-19032","1":"product","2":"type-product","3":"status-publish","4":"has-post-thumbnail","6":"product_cat-tomates-importados","8":"first","9":"instock","10":"taxable","11":"shipping-taxable","12":"purchasable","13":"product-type-simple"},"aioseo_notices":[],"_links":{"self":[{"href":"https:\/\/www.oestepizzaparty.com.ar\/index.php?rest_route=\/wp\/v2\/product\/19032","targetHints":{"allow":["GET"]}}],"collection":[{"href":"https:\/\/www.oestepizzaparty.com.ar\/index.php?rest_route=\/wp\/v2\/product"}],"about":[{"href":"https:\/\/www.oestepizzaparty.com.ar\/index.php?rest_route=\/wp\/v2\/types\/product"}],"replies":[{"embeddable":true,"href":"https:\/\/www.oestepizzaparty.com.ar\/index.php?rest_route=%2Fwp%2Fv2%2Fcomments&post=19032"}],"wp:featuredmedia":[{"embeddable":true,"href":"https:\/\/www.oestepizzaparty.com.ar\/index.php?rest_route=\/wp\/v2\/media\/19033"}],"wp:attachment":[{"href":"https:\/\/www.oestepizzaparty.com.ar\/index.php?rest_route=%2Fwp%2Fv2%2Fmedia&parent=19032"}],"wp:term":[{"taxonomy":"product_brand","embeddable":true,"href":"https:\/\/www.oestepizzaparty.com.ar\/index.php?rest_route=%2Fwp%2Fv2%2Fproduct_brand&post=19032"},{"taxonomy":"product_cat","embeddable":true,"href":"https:\/\/www.oestepizzaparty.com.ar\/index.php?rest_route=%2Fwp%2Fv2%2Fproduct_cat&post=19032"},{"taxonomy":"product_tag","embeddable":true,"href":"https:\/\/www.oestepizzaparty.com.ar\/index.php?rest_route=%2Fwp%2Fv2%2Fproduct_tag&post=19032"}],"curies":[{"name":"wp","href":"https:\/\/api.w.org\/{rel}","templated":true}]}}