{"id":19070,"date":"2026-04-10T12:41:03","date_gmt":"2026-04-10T15:41:03","guid":{"rendered":"https:\/\/www.oestepizzaparty.com.ar\/?post_type=product&#038;p=19070"},"modified":"2026-04-24T17:05:14","modified_gmt":"2026-04-24T20:05:14","slug":"risotto-formaggio-x-175gr-casa-rinaldi","status":"publish","type":"product","link":"https:\/\/www.oestepizzaparty.com.ar\/?product=risotto-formaggio-x-175gr-casa-rinaldi","title":{"rendered":"Risotto Formaggio x 175gr &#8211; Casa Rinaldi"},"content":{"rendered":"<p>Listo para cocinar, este risotto con queso es un primer plato con una cremosidad \u00fanica. Es sabroso y delicado a la vez; su sabor se realza al m\u00e1ximo a\u00f1adiendo queso parmesano y una gota de aceto antes de servir.<\/p>\n","protected":false},"excerpt":{"rendered":"<p>Listo para cocinar, este risotto con queso es un primer plato con una cremosidad \u00fanica. Es sabroso y delicado a la vez; su sabor se realza al m\u00e1ximo a\u00f1adiendo queso parmesano y una gota de aceto antes de servir.<\/p>\n","protected":false},"featured_media":19072,"comment_status":"open","ping_status":"closed","template":"","meta":{"_et_pb_use_builder":"","_et_pb_old_content":"","_et_gb_content_width":"","om_disable_all_campaigns":false,"_monsterinsights_skip_tracking":false,"_monsterinsights_sitenote_active":false,"_monsterinsights_sitenote_note":"","_monsterinsights_sitenote_category":0,"_joinchat":[]},"product_brand":[],"product_cat":[711,708],"product_tag":[],"class_list":{"0":"post-19070","1":"product","2":"type-product","3":"status-publish","4":"has-post-thumbnail","6":"product_cat-pastas-arroces-importados","7":"product_cat-productos-de-almacen","9":"first","10":"instock","11":"taxable","12":"shipping-taxable","13":"purchasable","14":"product-type-simple"},"aioseo_notices":[],"_links":{"self":[{"href":"https:\/\/www.oestepizzaparty.com.ar\/index.php?rest_route=\/wp\/v2\/product\/19070","targetHints":{"allow":["GET"]}}],"collection":[{"href":"https:\/\/www.oestepizzaparty.com.ar\/index.php?rest_route=\/wp\/v2\/product"}],"about":[{"href":"https:\/\/www.oestepizzaparty.com.ar\/index.php?rest_route=\/wp\/v2\/types\/product"}],"replies":[{"embeddable":true,"href":"https:\/\/www.oestepizzaparty.com.ar\/index.php?rest_route=%2Fwp%2Fv2%2Fcomments&post=19070"}],"wp:featuredmedia":[{"embeddable":true,"href":"https:\/\/www.oestepizzaparty.com.ar\/index.php?rest_route=\/wp\/v2\/media\/19072"}],"wp:attachment":[{"href":"https:\/\/www.oestepizzaparty.com.ar\/index.php?rest_route=%2Fwp%2Fv2%2Fmedia&parent=19070"}],"wp:term":[{"taxonomy":"product_brand","embeddable":true,"href":"https:\/\/www.oestepizzaparty.com.ar\/index.php?rest_route=%2Fwp%2Fv2%2Fproduct_brand&post=19070"},{"taxonomy":"product_cat","embeddable":true,"href":"https:\/\/www.oestepizzaparty.com.ar\/index.php?rest_route=%2Fwp%2Fv2%2Fproduct_cat&post=19070"},{"taxonomy":"product_tag","embeddable":true,"href":"https:\/\/www.oestepizzaparty.com.ar\/index.php?rest_route=%2Fwp%2Fv2%2Fproduct_tag&post=19070"}],"curies":[{"name":"wp","href":"https:\/\/api.w.org\/{rel}","templated":true}]}}