{"id":19091,"date":"2026-04-11T08:30:49","date_gmt":"2026-04-11T11:30:49","guid":{"rendered":"https:\/\/www.oestepizzaparty.com.ar\/?post_type=product&#038;p=19091"},"modified":"2026-04-11T11:22:53","modified_gmt":"2026-04-11T14:22:53","slug":"lata-detroit-25-x-35","status":"publish","type":"product","link":"https:\/\/www.oestepizzaparty.com.ar\/?product=lata-detroit-25-x-35","title":{"rendered":"Lata Detroit 25 x 35"},"content":{"rendered":"<p><strong data-start=\"0\" data-end=\"85\">Acero al Carbono Reforzada<\/strong><\/p>\n<p>Molde profesional para pizza estilo Detroit, dise\u00f1ado para lograr el rasgo principal de este formato: queso hasta el per\u00edmetro para que funda contra las paredes y caramelice\/crispee el borde (efecto\u00a0<em data-start=\"286\" data-end=\"293\">frico<\/em>). Su geometr\u00eda con bordes en \u00e1ngulo y aleta alta de 60 mm favorece pizzas m\u00e1s altas, con buena miga y estructura, y una operaci\u00f3n estable en hornos de uso intensivo.<\/p>\n<p>&nbsp;<\/p>\n","protected":false},"excerpt":{"rendered":"<p>Acero al Carbono Reforzada Molde profesional para pizza estilo Detroit, dise\u00f1ado para lograr el rasgo principal de este formato: queso hasta el per\u00edmetro para que funda contra las paredes y caramelice\/crispee el borde (efecto\u00a0frico). Su geometr\u00eda con bordes en \u00e1ngulo y aleta alta de 60 mm favorece pizzas m\u00e1s altas, con buena miga y estructura, [&hellip;]<\/p>\n","protected":false},"featured_media":19090,"comment_status":"open","ping_status":"closed","template":"","meta":{"_et_pb_use_builder":"","_et_pb_old_content":"","_et_gb_content_width":"","om_disable_all_campaigns":false,"_monsterinsights_skip_tracking":false,"_monsterinsights_sitenote_active":false,"_monsterinsights_sitenote_note":"","_monsterinsights_sitenote_category":0,"_joinchat":[]},"product_brand":[],"product_cat":[700,702],"product_tag":[],"class_list":{"0":"post-19091","1":"product","2":"type-product","3":"status-publish","4":"has-post-thumbnail","6":"product_cat-equipamiento","7":"product_cat-herramientas-de-trabajo","9":"first","10":"instock","11":"taxable","12":"shipping-taxable","13":"purchasable","14":"product-type-simple"},"aioseo_notices":[],"_links":{"self":[{"href":"https:\/\/www.oestepizzaparty.com.ar\/index.php?rest_route=\/wp\/v2\/product\/19091","targetHints":{"allow":["GET"]}}],"collection":[{"href":"https:\/\/www.oestepizzaparty.com.ar\/index.php?rest_route=\/wp\/v2\/product"}],"about":[{"href":"https:\/\/www.oestepizzaparty.com.ar\/index.php?rest_route=\/wp\/v2\/types\/product"}],"replies":[{"embeddable":true,"href":"https:\/\/www.oestepizzaparty.com.ar\/index.php?rest_route=%2Fwp%2Fv2%2Fcomments&post=19091"}],"wp:featuredmedia":[{"embeddable":true,"href":"https:\/\/www.oestepizzaparty.com.ar\/index.php?rest_route=\/wp\/v2\/media\/19090"}],"wp:attachment":[{"href":"https:\/\/www.oestepizzaparty.com.ar\/index.php?rest_route=%2Fwp%2Fv2%2Fmedia&parent=19091"}],"wp:term":[{"taxonomy":"product_brand","embeddable":true,"href":"https:\/\/www.oestepizzaparty.com.ar\/index.php?rest_route=%2Fwp%2Fv2%2Fproduct_brand&post=19091"},{"taxonomy":"product_cat","embeddable":true,"href":"https:\/\/www.oestepizzaparty.com.ar\/index.php?rest_route=%2Fwp%2Fv2%2Fproduct_cat&post=19091"},{"taxonomy":"product_tag","embeddable":true,"href":"https:\/\/www.oestepizzaparty.com.ar\/index.php?rest_route=%2Fwp%2Fv2%2Fproduct_tag&post=19091"}],"curies":[{"name":"wp","href":"https:\/\/api.w.org\/{rel}","templated":true}]}}