{"id":19098,"date":"2026-04-11T09:21:18","date_gmt":"2026-04-11T12:21:18","guid":{"rendered":"https:\/\/www.oestepizzaparty.com.ar\/?post_type=product&#038;p=19098"},"modified":"2026-04-18T15:30:58","modified_gmt":"2026-04-18T18:30:58","slug":"peperoncino-deshidratado-x-5gr-san-giorgio","status":"publish","type":"product","link":"https:\/\/www.oestepizzaparty.com.ar\/?product=peperoncino-deshidratado-x-5gr-san-giorgio","title":{"rendered":"Peperoncino Deshidratado x 5gr-San Giorgio"},"content":{"rendered":"<p>El Peperoncino Entero Deshidratado San Giorgio es la elecci\u00f3n perfecta para quienes buscan a\u00f1adir un toque de picante y sabor a sus platillos. Este producto, presentado en un pr\u00e1ctico envase de 5 gramos, conserva la esencia y el aroma de los chiles frescos, permitiendo que cada bocado sea una explosi\u00f3n de sabor. Ideal para realzar salsas, guisos y marinados, el peperoncino deshidratado es un ingrediente vers\u00e1til que se adapta a diversas recetas. Su formato entero permite una f\u00e1cil manipulaci\u00f3n y dosificaci\u00f3n, asegurando que puedas disfrutar de su picor en la medida que desees.<\/p>\n","protected":false},"excerpt":{"rendered":"<p>El Peperoncino Entero Deshidratado San Giorgio es la elecci\u00f3n perfecta para quienes buscan a\u00f1adir un toque de picante y sabor a sus platillos. Este producto, presentado en un pr\u00e1ctico envase de 5 gramos, conserva la esencia y el aroma de los chiles frescos, permitiendo que cada bocado sea una explosi\u00f3n de sabor. Ideal para realzar [&hellip;]<\/p>\n","protected":false},"featured_media":19101,"comment_status":"open","ping_status":"closed","template":"","meta":{"_et_pb_use_builder":"","_et_pb_old_content":"","_et_gb_content_width":"","om_disable_all_campaigns":false,"_monsterinsights_skip_tracking":false,"_monsterinsights_sitenote_active":false,"_monsterinsights_sitenote_note":"","_monsterinsights_sitenote_category":0,"_joinchat":[]},"product_brand":[],"product_cat":[719,708],"product_tag":[],"class_list":{"0":"post-19098","1":"product","2":"type-product","3":"status-publish","4":"has-post-thumbnail","6":"product_cat-condimentos-especias","7":"product_cat-productos-de-almacen","9":"first","10":"instock","11":"taxable","12":"shipping-taxable","13":"purchasable","14":"product-type-simple"},"aioseo_notices":[],"_links":{"self":[{"href":"https:\/\/www.oestepizzaparty.com.ar\/index.php?rest_route=\/wp\/v2\/product\/19098","targetHints":{"allow":["GET"]}}],"collection":[{"href":"https:\/\/www.oestepizzaparty.com.ar\/index.php?rest_route=\/wp\/v2\/product"}],"about":[{"href":"https:\/\/www.oestepizzaparty.com.ar\/index.php?rest_route=\/wp\/v2\/types\/product"}],"replies":[{"embeddable":true,"href":"https:\/\/www.oestepizzaparty.com.ar\/index.php?rest_route=%2Fwp%2Fv2%2Fcomments&post=19098"}],"wp:featuredmedia":[{"embeddable":true,"href":"https:\/\/www.oestepizzaparty.com.ar\/index.php?rest_route=\/wp\/v2\/media\/19101"}],"wp:attachment":[{"href":"https:\/\/www.oestepizzaparty.com.ar\/index.php?rest_route=%2Fwp%2Fv2%2Fmedia&parent=19098"}],"wp:term":[{"taxonomy":"product_brand","embeddable":true,"href":"https:\/\/www.oestepizzaparty.com.ar\/index.php?rest_route=%2Fwp%2Fv2%2Fproduct_brand&post=19098"},{"taxonomy":"product_cat","embeddable":true,"href":"https:\/\/www.oestepizzaparty.com.ar\/index.php?rest_route=%2Fwp%2Fv2%2Fproduct_cat&post=19098"},{"taxonomy":"product_tag","embeddable":true,"href":"https:\/\/www.oestepizzaparty.com.ar\/index.php?rest_route=%2Fwp%2Fv2%2Fproduct_tag&post=19098"}],"curies":[{"name":"wp","href":"https:\/\/api.w.org\/{rel}","templated":true}]}}