{"id":19103,"date":"2026-04-11T09:26:29","date_gmt":"2026-04-11T12:26:29","guid":{"rendered":"https:\/\/www.oestepizzaparty.com.ar\/?post_type=product&#038;p=19103"},"modified":"2026-04-29T10:57:49","modified_gmt":"2026-04-29T13:57:49","slug":"peperoncinos-enteros-x15gr-san-giorgio","status":"publish","type":"product","link":"https:\/\/www.oestepizzaparty.com.ar\/?product=peperoncinos-enteros-x15gr-san-giorgio","title":{"rendered":"Peperoncinos enteros x15gr- San Giorgio"},"content":{"rendered":"<p>Sobre Peperoncino San Giorgio Entero Sobre (italia)x15grms. Descripci\u00f3n del Producto: El Peperoncino San Giorgio Entero es un imprescindible en la cocina italiana, conocido por su intenso sabor y su caracter\u00edstico toque picante. Esta presentaci\u00f3n en sobre de 15 gramos te permite disfrutar de la aut\u00e9ntica esencia de Italia en cada platillo que prepares. &#8212; Detalle del Producto: Especificaciones b\u00e1sicas: &#8211; Peso: 15 gramos &#8211; Tipo: Peperoncino San Giorgio Entero &#8211; Origen: Italia Caracter\u00edsticas: &#8211; Intenso sabor picante &#8211; Aporta un toque distintivo a tus recetas &#8211; Calidad premium Usos: El Peperoncino San Giorgio Entero es ideal para sazonar pastas, pizzas, salsas, carnes y cualquier platillo al que desees a\u00f1adir un toque de picante y sabor aut\u00e9nticamente italiano. Conservaci\u00f3n: Para conservar todas sus propiedades y aroma, se recomienda guardar el producto en un lugar fresco y seco, protegido de la luz directa del sol. Beneficios: &#8211; Aporta un sabor \u00fanico a tus platos &#8211; Ayuda a estimular el apetito &#8211; Ideal para amantes de la comida picante Historia: El Peperoncino San Giorgio tiene sus ra\u00edces en la tradici\u00f3n culinaria italiana, donde se ha utilizado durante siglos para realzar el sabor de los platos m\u00e1s emblem\u00e1ticos de la gastronom\u00eda italiana. Su calidad y versatilidad lo convierten en un ingrediente imprescindible en cualquier despensa gourmet.<\/p>\n","protected":false},"excerpt":{"rendered":"<p>Sobre Peperoncino San Giorgio Entero Sobre (italia)x15grms. Descripci\u00f3n del Producto: El Peperoncino San Giorgio Entero es un imprescindible en la cocina italiana, conocido por su intenso sabor y su caracter\u00edstico toque picante. Esta presentaci\u00f3n en sobre de 15 gramos te permite disfrutar de la aut\u00e9ntica esencia de Italia en cada platillo que prepares. &#8212; Detalle [&hellip;]<\/p>\n","protected":false},"featured_media":19100,"comment_status":"open","ping_status":"closed","template":"","meta":{"_et_pb_use_builder":"","_et_pb_old_content":"","_et_gb_content_width":"","om_disable_all_campaigns":false,"_monsterinsights_skip_tracking":false,"_monsterinsights_sitenote_active":false,"_monsterinsights_sitenote_note":"","_monsterinsights_sitenote_category":0,"_joinchat":[]},"product_brand":[],"product_cat":[719,708],"product_tag":[],"class_list":{"0":"post-19103","1":"product","2":"type-product","3":"status-publish","4":"has-post-thumbnail","6":"product_cat-condimentos-especias","7":"product_cat-productos-de-almacen","9":"first","10":"instock","11":"taxable","12":"shipping-taxable","13":"purchasable","14":"product-type-simple"},"aioseo_notices":[],"_links":{"self":[{"href":"https:\/\/www.oestepizzaparty.com.ar\/index.php?rest_route=\/wp\/v2\/product\/19103","targetHints":{"allow":["GET"]}}],"collection":[{"href":"https:\/\/www.oestepizzaparty.com.ar\/index.php?rest_route=\/wp\/v2\/product"}],"about":[{"href":"https:\/\/www.oestepizzaparty.com.ar\/index.php?rest_route=\/wp\/v2\/types\/product"}],"replies":[{"embeddable":true,"href":"https:\/\/www.oestepizzaparty.com.ar\/index.php?rest_route=%2Fwp%2Fv2%2Fcomments&post=19103"}],"wp:featuredmedia":[{"embeddable":true,"href":"https:\/\/www.oestepizzaparty.com.ar\/index.php?rest_route=\/wp\/v2\/media\/19100"}],"wp:attachment":[{"href":"https:\/\/www.oestepizzaparty.com.ar\/index.php?rest_route=%2Fwp%2Fv2%2Fmedia&parent=19103"}],"wp:term":[{"taxonomy":"product_brand","embeddable":true,"href":"https:\/\/www.oestepizzaparty.com.ar\/index.php?rest_route=%2Fwp%2Fv2%2Fproduct_brand&post=19103"},{"taxonomy":"product_cat","embeddable":true,"href":"https:\/\/www.oestepizzaparty.com.ar\/index.php?rest_route=%2Fwp%2Fv2%2Fproduct_cat&post=19103"},{"taxonomy":"product_tag","embeddable":true,"href":"https:\/\/www.oestepizzaparty.com.ar\/index.php?rest_route=%2Fwp%2Fv2%2Fproduct_tag&post=19103"}],"curies":[{"name":"wp","href":"https:\/\/api.w.org\/{rel}","templated":true}]}}