{"id":19227,"date":"2026-05-06T11:26:03","date_gmt":"2026-05-06T14:26:03","guid":{"rendered":"https:\/\/www.oestepizzaparty.com.ar\/?post_type=product&#038;p=19227"},"modified":"2026-05-06T11:27:46","modified_gmt":"2026-05-06T14:27:46","slug":"harinisma-espelta-integral-doypack-x-1kg-fraccionada-por-nosotros","status":"publish","type":"product","link":"https:\/\/www.oestepizzaparty.com.ar\/?product=harinisma-espelta-integral-doypack-x-1kg-fraccionada-por-nosotros","title":{"rendered":"Harinisima Espelta Integral DOYPACK x 1kg Fraccionada por nosotros"},"content":{"rendered":"<p>La espelta ofrece un gluten m\u00e1s suave, una fermentaci\u00f3n equilibrada y un perfil arom\u00e1tico caracter\u00edstico, con notas naturalmente dulces y r\u00fasticas.<br \/>\nCombinada con molienda integral, permite elaborar panes con miga densa, sabor profundo y una textura distintiva, muy valorada en panificados modernos.<\/p>\n<p>Una harina pensada para procesos profesionales que buscan diferenciarse con calidad t\u00e9cnica.<\/p>\n","protected":false},"excerpt":{"rendered":"<p>La espelta ofrece un gluten m\u00e1s suave, una fermentaci\u00f3n equilibrada y un perfil arom\u00e1tico caracter\u00edstico, con notas naturalmente dulces y r\u00fasticas. Combinada con molienda integral, permite elaborar panes con miga densa, sabor profundo y una textura distintiva, muy valorada en panificados modernos. Una harina pensada para procesos profesionales que buscan diferenciarse con calidad t\u00e9cnica.<\/p>\n","protected":false},"featured_media":18490,"comment_status":"open","ping_status":"closed","template":"","meta":{"_et_pb_use_builder":"","_et_pb_old_content":"","_et_gb_content_width":"","om_disable_all_campaigns":false,"_monsterinsights_skip_tracking":false,"_monsterinsights_sitenote_active":false,"_monsterinsights_sitenote_note":"","_monsterinsights_sitenote_category":0,"_joinchat":[]},"product_brand":[],"product_cat":[689,735],"product_tag":[],"class_list":{"0":"post-19227","1":"product","2":"type-product","3":"status-publish","4":"has-post-thumbnail","6":"product_cat-harinas","7":"product_cat-molino-campodonico","9":"first","10":"instock","11":"taxable","12":"shipping-taxable","13":"purchasable","14":"product-type-simple"},"aioseo_notices":[],"_links":{"self":[{"href":"https:\/\/www.oestepizzaparty.com.ar\/index.php?rest_route=\/wp\/v2\/product\/19227","targetHints":{"allow":["GET"]}}],"collection":[{"href":"https:\/\/www.oestepizzaparty.com.ar\/index.php?rest_route=\/wp\/v2\/product"}],"about":[{"href":"https:\/\/www.oestepizzaparty.com.ar\/index.php?rest_route=\/wp\/v2\/types\/product"}],"replies":[{"embeddable":true,"href":"https:\/\/www.oestepizzaparty.com.ar\/index.php?rest_route=%2Fwp%2Fv2%2Fcomments&post=19227"}],"wp:featuredmedia":[{"embeddable":true,"href":"https:\/\/www.oestepizzaparty.com.ar\/index.php?rest_route=\/wp\/v2\/media\/18490"}],"wp:attachment":[{"href":"https:\/\/www.oestepizzaparty.com.ar\/index.php?rest_route=%2Fwp%2Fv2%2Fmedia&parent=19227"}],"wp:term":[{"taxonomy":"product_brand","embeddable":true,"href":"https:\/\/www.oestepizzaparty.com.ar\/index.php?rest_route=%2Fwp%2Fv2%2Fproduct_brand&post=19227"},{"taxonomy":"product_cat","embeddable":true,"href":"https:\/\/www.oestepizzaparty.com.ar\/index.php?rest_route=%2Fwp%2Fv2%2Fproduct_cat&post=19227"},{"taxonomy":"product_tag","embeddable":true,"href":"https:\/\/www.oestepizzaparty.com.ar\/index.php?rest_route=%2Fwp%2Fv2%2Fproduct_tag&post=19227"}],"curies":[{"name":"wp","href":"https:\/\/api.w.org\/{rel}","templated":true}]}}