{"id":1987,"date":"2020-10-22T19:30:39","date_gmt":"2020-10-22T22:30:39","guid":{"rendered":"https:\/\/www.oestepizzaparty.com.ar\/?post_type=product&#038;p=1987"},"modified":"2026-03-21T13:28:29","modified_gmt":"2026-03-21T16:28:29","slug":"aceitunas-stabz-espana-x-200gs-rellenas-con-salmon-en-pasta","status":"publish","type":"product","link":"https:\/\/www.oestepizzaparty.com.ar\/?product=aceitunas-stabz-espana-x-200gs-rellenas-con-salmon-en-pasta","title":{"rendered":"Aceitunas STABZ Espa\u00f1a x 200gs Rellenas con Salm\u00f3n en pasta"},"content":{"rendered":"<p>Las aceitunas rellenas son uno de los m\u00e1s grandes inventos espa\u00f1oles. St\u00e4bz desarroll\u00f3 una gama de productos espa\u00f1oles de la m\u00e1s alta calidad, incluyendo aceitunas rellenas con salm\u00f3n, anchoa, alcaparra, at\u00fan, lim\u00f3n, jalape\u00f1o y pimiento suave.<\/p>\n","protected":false},"excerpt":{"rendered":"<p>Las aceitunas rellenas son uno de los m\u00e1s grandes inventos espa\u00f1oles. St\u00e4bz desarroll\u00f3 una gama de productos espa\u00f1oles de la m\u00e1s alta calidad, incluyendo aceitunas rellenas con salm\u00f3n, anchoa, alcaparra, at\u00fan, lim\u00f3n, jalape\u00f1o y pimiento suave.<\/p>\n","protected":false},"featured_media":13867,"comment_status":"open","ping_status":"closed","template":"","meta":{"_et_pb_use_builder":"","_et_pb_old_content":"","_et_gb_content_width":"","om_disable_all_campaigns":false,"_monsterinsights_skip_tracking":false,"_monsterinsights_sitenote_active":false,"_monsterinsights_sitenote_note":"","_monsterinsights_sitenote_category":0,"_joinchat":[]},"product_brand":[],"product_cat":[709,708],"product_tag":[],"class_list":{"0":"post-1987","1":"product","2":"type-product","3":"status-publish","4":"has-post-thumbnail","6":"product_cat-aceitunas-conservas","7":"product_cat-productos-de-almacen","9":"first","10":"outofstock","11":"taxable","12":"shipping-taxable","13":"product-type-simple"},"aioseo_notices":[],"_links":{"self":[{"href":"https:\/\/www.oestepizzaparty.com.ar\/index.php?rest_route=\/wp\/v2\/product\/1987","targetHints":{"allow":["GET"]}}],"collection":[{"href":"https:\/\/www.oestepizzaparty.com.ar\/index.php?rest_route=\/wp\/v2\/product"}],"about":[{"href":"https:\/\/www.oestepizzaparty.com.ar\/index.php?rest_route=\/wp\/v2\/types\/product"}],"replies":[{"embeddable":true,"href":"https:\/\/www.oestepizzaparty.com.ar\/index.php?rest_route=%2Fwp%2Fv2%2Fcomments&post=1987"}],"wp:featuredmedia":[{"embeddable":true,"href":"https:\/\/www.oestepizzaparty.com.ar\/index.php?rest_route=\/wp\/v2\/media\/13867"}],"wp:attachment":[{"href":"https:\/\/www.oestepizzaparty.com.ar\/index.php?rest_route=%2Fwp%2Fv2%2Fmedia&parent=1987"}],"wp:term":[{"taxonomy":"product_brand","embeddable":true,"href":"https:\/\/www.oestepizzaparty.com.ar\/index.php?rest_route=%2Fwp%2Fv2%2Fproduct_brand&post=1987"},{"taxonomy":"product_cat","embeddable":true,"href":"https:\/\/www.oestepizzaparty.com.ar\/index.php?rest_route=%2Fwp%2Fv2%2Fproduct_cat&post=1987"},{"taxonomy":"product_tag","embeddable":true,"href":"https:\/\/www.oestepizzaparty.com.ar\/index.php?rest_route=%2Fwp%2Fv2%2Fproduct_tag&post=1987"}],"curies":[{"name":"wp","href":"https:\/\/api.w.org\/{rel}","templated":true}]}}