{"id":2001,"date":"2020-10-22T19:43:02","date_gmt":"2020-10-22T22:43:02","guid":{"rendered":"https:\/\/www.oestepizzaparty.com.ar\/?post_type=product&#038;p=2001"},"modified":"2026-04-29T11:22:32","modified_gmt":"2026-04-29T14:22:32","slug":"pepinillos-agridulces-herr-kukumber-x-1700ml-850gs-alemania","status":"publish","type":"product","link":"https:\/\/www.oestepizzaparty.com.ar\/?product=pepinillos-agridulces-herr-kukumber-x-1700ml-850gs-alemania","title":{"rendered":"Pepinillos Agridulces Herr Kukumber x 1700ml (850gs) Alemania Venc 27\/08\/28"},"content":{"rendered":"<p>Pepinos agridulces en vinagre de origen alem\u00e1n. Ideales para comer directamente del frasco y para acompa\u00f1ar s\u00e1ndwiches, hamburguesas, salchichas y tostadas, ensaladas y elaborar salsas, como por ejemplo la salsa t\u00e1rtara.<\/p>\n","protected":false},"excerpt":{"rendered":"<p>Pepinos agridulces en vinagre de origen alem\u00e1n. Ideales para comer directamente del frasco y para acompa\u00f1ar s\u00e1ndwiches, hamburguesas, salchichas y tostadas, ensaladas y elaborar salsas, como por ejemplo la salsa t\u00e1rtara.<\/p>\n","protected":false},"featured_media":5027,"comment_status":"open","ping_status":"closed","template":"","meta":{"_et_pb_use_builder":"","_et_pb_old_content":"","_et_gb_content_width":"","om_disable_all_campaigns":false,"_monsterinsights_skip_tracking":false,"_monsterinsights_sitenote_active":false,"_monsterinsights_sitenote_note":"","_monsterinsights_sitenote_category":0,"_joinchat":[]},"product_brand":[],"product_cat":[709,708],"product_tag":[],"class_list":{"0":"post-2001","1":"product","2":"type-product","3":"status-publish","4":"has-post-thumbnail","6":"product_cat-aceitunas-conservas","7":"product_cat-productos-de-almacen","9":"first","10":"outofstock","11":"taxable","12":"shipping-taxable","13":"purchasable","14":"product-type-simple"},"aioseo_notices":[],"_links":{"self":[{"href":"https:\/\/www.oestepizzaparty.com.ar\/index.php?rest_route=\/wp\/v2\/product\/2001","targetHints":{"allow":["GET"]}}],"collection":[{"href":"https:\/\/www.oestepizzaparty.com.ar\/index.php?rest_route=\/wp\/v2\/product"}],"about":[{"href":"https:\/\/www.oestepizzaparty.com.ar\/index.php?rest_route=\/wp\/v2\/types\/product"}],"replies":[{"embeddable":true,"href":"https:\/\/www.oestepizzaparty.com.ar\/index.php?rest_route=%2Fwp%2Fv2%2Fcomments&post=2001"}],"wp:featuredmedia":[{"embeddable":true,"href":"https:\/\/www.oestepizzaparty.com.ar\/index.php?rest_route=\/wp\/v2\/media\/5027"}],"wp:attachment":[{"href":"https:\/\/www.oestepizzaparty.com.ar\/index.php?rest_route=%2Fwp%2Fv2%2Fmedia&parent=2001"}],"wp:term":[{"taxonomy":"product_brand","embeddable":true,"href":"https:\/\/www.oestepizzaparty.com.ar\/index.php?rest_route=%2Fwp%2Fv2%2Fproduct_brand&post=2001"},{"taxonomy":"product_cat","embeddable":true,"href":"https:\/\/www.oestepizzaparty.com.ar\/index.php?rest_route=%2Fwp%2Fv2%2Fproduct_cat&post=2001"},{"taxonomy":"product_tag","embeddable":true,"href":"https:\/\/www.oestepizzaparty.com.ar\/index.php?rest_route=%2Fwp%2Fv2%2Fproduct_tag&post=2001"}],"curies":[{"name":"wp","href":"https:\/\/api.w.org\/{rel}","templated":true}]}}