{"id":2270,"date":"2020-11-20T16:18:51","date_gmt":"2020-11-20T19:18:51","guid":{"rendered":"https:\/\/www.oestepizzaparty.com.ar\/?post_type=product&#038;p=2270"},"modified":"2026-03-29T10:17:58","modified_gmt":"2026-03-29T13:17:58","slug":"pomodorini-datterini-strianese-x-400gs","status":"publish","type":"product","link":"https:\/\/www.oestepizzaparty.com.ar\/?product=pomodorini-datterini-strianese-x-400gs","title":{"rendered":"Pomodorini Datterini Strianese x 400gs PEQUE\u00d1OS TOMATES ENTEROS Venc 31\/12\/26"},"content":{"rendered":"<p dir=\"ltr\"><strong>\u00a1Estos son algunos de los MEJORES tomates enlatados que encontrar\u00e1s! Se seleccionan a mano cuando estan\u00a0maduros para preservar sus sabores frescos y su color rojo brillante. Los tomates Datterini (d\u00e1tiles peque\u00f1os) son conocidos por su forma alargada y peque\u00f1a y su sabor dulce. Se pueden\u00a0usar\u00a0para sus platos favoritos y aderezos de pizza.<\/strong><\/p>\n<p dir=\"ltr\"><strong>Producto de Italia<\/strong><\/p>\n","protected":false},"excerpt":{"rendered":"<p>\u00a1Estos son algunos de los MEJORES tomates enlatados que encontrar\u00e1s! Se seleccionan a mano cuando estan\u00a0maduros para preservar sus sabores frescos y su color rojo brillante. Los tomates Datterini (d\u00e1tiles peque\u00f1os) son conocidos por su forma alargada y peque\u00f1a y su sabor dulce. Se pueden\u00a0usar\u00a0para sus platos favoritos y aderezos de pizza. Producto de Italia<\/p>\n","protected":false},"featured_media":11560,"comment_status":"open","ping_status":"closed","template":"","meta":{"_et_pb_use_builder":"","_et_pb_old_content":"","_et_gb_content_width":"","om_disable_all_campaigns":false,"_monsterinsights_skip_tracking":false,"_monsterinsights_sitenote_active":false,"_monsterinsights_sitenote_note":"","_monsterinsights_sitenote_category":0,"_joinchat":[]},"product_brand":[],"product_cat":[714,717],"product_tag":[],"class_list":{"0":"post-2270","1":"product","2":"type-product","3":"status-publish","4":"has-post-thumbnail","6":"product_cat-salsas-tomates","7":"product_cat-tomates-importados","9":"first","10":"instock","11":"taxable","12":"shipping-taxable","13":"purchasable","14":"product-type-simple"},"aioseo_notices":[],"_links":{"self":[{"href":"https:\/\/www.oestepizzaparty.com.ar\/index.php?rest_route=\/wp\/v2\/product\/2270","targetHints":{"allow":["GET"]}}],"collection":[{"href":"https:\/\/www.oestepizzaparty.com.ar\/index.php?rest_route=\/wp\/v2\/product"}],"about":[{"href":"https:\/\/www.oestepizzaparty.com.ar\/index.php?rest_route=\/wp\/v2\/types\/product"}],"replies":[{"embeddable":true,"href":"https:\/\/www.oestepizzaparty.com.ar\/index.php?rest_route=%2Fwp%2Fv2%2Fcomments&post=2270"}],"wp:featuredmedia":[{"embeddable":true,"href":"https:\/\/www.oestepizzaparty.com.ar\/index.php?rest_route=\/wp\/v2\/media\/11560"}],"wp:attachment":[{"href":"https:\/\/www.oestepizzaparty.com.ar\/index.php?rest_route=%2Fwp%2Fv2%2Fmedia&parent=2270"}],"wp:term":[{"taxonomy":"product_brand","embeddable":true,"href":"https:\/\/www.oestepizzaparty.com.ar\/index.php?rest_route=%2Fwp%2Fv2%2Fproduct_brand&post=2270"},{"taxonomy":"product_cat","embeddable":true,"href":"https:\/\/www.oestepizzaparty.com.ar\/index.php?rest_route=%2Fwp%2Fv2%2Fproduct_cat&post=2270"},{"taxonomy":"product_tag","embeddable":true,"href":"https:\/\/www.oestepizzaparty.com.ar\/index.php?rest_route=%2Fwp%2Fv2%2Fproduct_tag&post=2270"}],"curies":[{"name":"wp","href":"https:\/\/api.w.org\/{rel}","templated":true}]}}