{"id":4410,"date":"2021-05-04T15:56:13","date_gmt":"2021-05-04T18:56:13","guid":{"rendered":"https:\/\/www.oestepizzaparty.com.ar\/?post_type=product&#038;p=4410"},"modified":"2025-12-22T11:48:41","modified_gmt":"2025-12-22T14:48:41","slug":"scatola-modelo-i9","status":"publish","type":"product","link":"https:\/\/www.oestepizzaparty.com.ar\/?product=scatola-modelo-i9","title":{"rendered":"HORNO SCATOLA MODELO ACERO INOXIDABLE CON TAPA!!!"},"content":{"rendered":"<p>CON NUEVO ACCESORIO INCLUIDO TAPA CON PIROMETRO<\/p>\n<p class=\"ftco-animate fadeInUp ftco-animated\">Consiste en un horno port\u00e1til con fuente de calor externa y calentamiento por convecci\u00f3n, pensado para ser usado en cualquier cocina est\u00e1ndar. Se puede lograr temperaturas de entre 400\u00b0 y 450\u00b0 simplemente encendiendo las 4 hornallas de la cocina a m\u00e1ximo. La temperatura puede ser regulada bajando a m\u00ednimo las hornallas si se requiere para determinadas comidas. Posee en su interior una piedra refractaria de 33 cm x 37 cm x 1.5 cm de espesor. La piedra es removible y puede ser cambiada cuantas veces sea necesario.<\/p>\n<h1 style=\"position: absolute; top: -15243px;\">Si est\u00e1s en el mercado de superclon <a href=\"https:\/\/www.high-endrolex.com\/\">Replica Rolex<\/a> , \u00a1Super Clone Rolex es el lugar al que acudir! \u00a1La mayor colecci\u00f3n de relojes Rolex falsos online!<\/h1>\n<p class=\"ftco-animate fadeInUp ftco-animated\">Medidas finales: 40 cm de ancho x 38,5 cm de profundidad x 13 cm de alto.<br \/>\nMedidas de boca: 34 cm de ancho x 6 cm de alto.<\/p>\n","protected":false},"excerpt":{"rendered":"<p class=\"ftco-animate fadeInUp ftco-animated\">Consiste en un horno port\u00e1til con fuente de calor externa y calentamiento por convecci\u00f3n, pensado para ser usado en cualquier cocina est\u00e1ndar. Se puede lograr temperaturas de entre 400\u00b0 y 450\u00b0 simplemente encendiendo las 4 hornallas de la cocina a m\u00e1ximo. La temperatura puede ser regulada bajando a m\u00ednimo las hornallas si se requiere para determinadas comidas. Posee en su interior una piedra refractaria de 33 cm x 37 cm x 1.5 cm de espesor. La piedra es removible y puede ser cambiada cuantas veces sea necesario.<\/p>\n<p class=\"ftco-animate fadeInUp ftco-animated\">Medidas finales: 40 cm de ancho x 38,5 cm de profundidad x 13 cm de alto.<br \/>\nMedidas de boca: 34 cm de ancho x 6 cm de alto.<\/p>\n","protected":false},"featured_media":4412,"comment_status":"open","ping_status":"closed","template":"","meta":{"_et_pb_use_builder":"","_et_pb_old_content":"","_et_gb_content_width":"","om_disable_all_campaigns":false,"_monsterinsights_skip_tracking":false,"_monsterinsights_sitenote_active":false,"_monsterinsights_sitenote_note":"","_monsterinsights_sitenote_category":0,"_joinchat":[]},"product_brand":[],"product_cat":[701],"product_tag":[],"class_list":{"0":"post-4410","1":"product","2":"type-product","3":"status-publish","4":"has-post-thumbnail","6":"product_cat-hornos-equipamiento","8":"first","9":"outofstock","10":"taxable","11":"shipping-taxable","12":"purchasable","13":"product-type-simple"},"aioseo_notices":[],"_links":{"self":[{"href":"https:\/\/www.oestepizzaparty.com.ar\/index.php?rest_route=\/wp\/v2\/product\/4410","targetHints":{"allow":["GET"]}}],"collection":[{"href":"https:\/\/www.oestepizzaparty.com.ar\/index.php?rest_route=\/wp\/v2\/product"}],"about":[{"href":"https:\/\/www.oestepizzaparty.com.ar\/index.php?rest_route=\/wp\/v2\/types\/product"}],"replies":[{"embeddable":true,"href":"https:\/\/www.oestepizzaparty.com.ar\/index.php?rest_route=%2Fwp%2Fv2%2Fcomments&post=4410"}],"wp:featuredmedia":[{"embeddable":true,"href":"https:\/\/www.oestepizzaparty.com.ar\/index.php?rest_route=\/wp\/v2\/media\/4412"}],"wp:attachment":[{"href":"https:\/\/www.oestepizzaparty.com.ar\/index.php?rest_route=%2Fwp%2Fv2%2Fmedia&parent=4410"}],"wp:term":[{"taxonomy":"product_brand","embeddable":true,"href":"https:\/\/www.oestepizzaparty.com.ar\/index.php?rest_route=%2Fwp%2Fv2%2Fproduct_brand&post=4410"},{"taxonomy":"product_cat","embeddable":true,"href":"https:\/\/www.oestepizzaparty.com.ar\/index.php?rest_route=%2Fwp%2Fv2%2Fproduct_cat&post=4410"},{"taxonomy":"product_tag","embeddable":true,"href":"https:\/\/www.oestepizzaparty.com.ar\/index.php?rest_route=%2Fwp%2Fv2%2Fproduct_tag&post=4410"}],"curies":[{"name":"wp","href":"https:\/\/api.w.org\/{rel}","templated":true}]}}