{"id":4783,"date":"2021-05-13T16:09:56","date_gmt":"2021-05-13T19:09:56","guid":{"rendered":"https:\/\/www.oestepizzaparty.com.ar\/?post_type=product&#038;p=4783"},"modified":"2026-04-21T14:05:28","modified_gmt":"2026-04-21T17:05:28","slug":"mutti-polpa-finissima-x-400-grs","status":"publish","type":"product","link":"https:\/\/www.oestepizzaparty.com.ar\/?product=mutti-polpa-finissima-x-400-grs","title":{"rendered":"MUTTI &#8211; POLPA FINISSIMA X 400 GRS. Venc 31\/08\/27"},"content":{"rendered":"<p dir=\"ltr\">El tomate triturado de Mutti mantiene toda la frescura del tomate reci\u00e9n recogido. Es un producto \u00fanico porque combina jugo del tomate y pulpa triturada en trozos muy peque\u00f1os. Es una elecci\u00f3n ideal para recetas de pescado o platos que lleven tomate crudo, ya que mantiene el aroma, el sabor ligeramente herb\u00e1ceo y el color rojo intenso de los tomates maduros en verano.<\/p>\n<p dir=\"ltr\">Producto de Italia<\/p>\n","protected":false},"excerpt":{"rendered":"<p dir=\"ltr\">El tomate triturado de Mutti mantiene toda la frescura del tomate reci\u00e9n recogido. Es un producto \u00fanico porque combina jugo del tomate y pulpa triturada en trozos muy peque\u00f1os. Es una elecci\u00f3n ideal para recetas de pescado o platos que lleven tomate crudo, ya que mantiene el aroma, el sabor ligeramente herb\u00e1ceo y el color rojo intenso de los tomates maduros en verano.<\/p>\n<p dir=\"ltr\">Producto de Italia<\/p>\n","protected":false},"featured_media":4784,"comment_status":"open","ping_status":"closed","template":"","meta":{"_et_pb_use_builder":"","_et_pb_old_content":"","_et_gb_content_width":"","om_disable_all_campaigns":false,"_monsterinsights_skip_tracking":false,"_monsterinsights_sitenote_active":false,"_monsterinsights_sitenote_note":"","_monsterinsights_sitenote_category":0,"_joinchat":[]},"product_brand":[],"product_cat":[714,717],"product_tag":[],"class_list":{"0":"post-4783","1":"product","2":"type-product","3":"status-publish","4":"has-post-thumbnail","6":"product_cat-salsas-tomates","7":"product_cat-tomates-importados","9":"first","10":"instock","11":"taxable","12":"shipping-taxable","13":"purchasable","14":"product-type-simple"},"aioseo_notices":[],"_links":{"self":[{"href":"https:\/\/www.oestepizzaparty.com.ar\/index.php?rest_route=\/wp\/v2\/product\/4783","targetHints":{"allow":["GET"]}}],"collection":[{"href":"https:\/\/www.oestepizzaparty.com.ar\/index.php?rest_route=\/wp\/v2\/product"}],"about":[{"href":"https:\/\/www.oestepizzaparty.com.ar\/index.php?rest_route=\/wp\/v2\/types\/product"}],"replies":[{"embeddable":true,"href":"https:\/\/www.oestepizzaparty.com.ar\/index.php?rest_route=%2Fwp%2Fv2%2Fcomments&post=4783"}],"wp:featuredmedia":[{"embeddable":true,"href":"https:\/\/www.oestepizzaparty.com.ar\/index.php?rest_route=\/wp\/v2\/media\/4784"}],"wp:attachment":[{"href":"https:\/\/www.oestepizzaparty.com.ar\/index.php?rest_route=%2Fwp%2Fv2%2Fmedia&parent=4783"}],"wp:term":[{"taxonomy":"product_brand","embeddable":true,"href":"https:\/\/www.oestepizzaparty.com.ar\/index.php?rest_route=%2Fwp%2Fv2%2Fproduct_brand&post=4783"},{"taxonomy":"product_cat","embeddable":true,"href":"https:\/\/www.oestepizzaparty.com.ar\/index.php?rest_route=%2Fwp%2Fv2%2Fproduct_cat&post=4783"},{"taxonomy":"product_tag","embeddable":true,"href":"https:\/\/www.oestepizzaparty.com.ar\/index.php?rest_route=%2Fwp%2Fv2%2Fproduct_tag&post=4783"}],"curies":[{"name":"wp","href":"https:\/\/api.w.org\/{rel}","templated":true}]}}