{"id":4787,"date":"2021-05-13T16:14:01","date_gmt":"2021-05-13T19:14:01","guid":{"rendered":"https:\/\/www.oestepizzaparty.com.ar\/?post_type=product&#038;p=4787"},"modified":"2026-04-30T11:36:31","modified_gmt":"2026-04-30T14:36:31","slug":"mutti-pomodori-pelati-x-2500-grs","status":"publish","type":"product","link":"https:\/\/www.oestepizzaparty.com.ar\/?product=mutti-pomodori-pelati-x-2500-grs","title":{"rendered":"MUTTI &#8211; POMODORI PELATI x 2500 GRS. Venc 31\/08\/27"},"content":{"rendered":"<p dir=\"ltr\">Los tomates pelados Mutti se recolectan en plena \u00e9poca estival y se pelan delicadamente al vapor para captar todos los sabores y aromas del tomate fresco. Tienen un alto contenido en pulpa y vienen ba\u00f1ados en una cremosa salsa de tomate. Gracias a estas dos texturas, son particularmente vers\u00e1tiles. Ideales para realzar recetas t\u00edpicamente mediterr\u00e1neas, pero tambi\u00e9n para dejar volar nuestra imaginaci\u00f3n en la cocina.<\/p>\n<p dir=\"ltr\">Producto de Italia<\/p>\n","protected":false},"excerpt":{"rendered":"<p dir=\"ltr\">Los tomates pelados Mutti se recolectan en plena \u00e9poca estival y se pelan delicadamente al vapor para captar todos los sabores y aromas del tomate fresco. Tienen un alto contenido en pulpa y vienen ba\u00f1ados en una cremosa salsa de tomate. Gracias a estas dos texturas, son particularmente vers\u00e1tiles. Ideales para realzar recetas t\u00edpicamente mediterr\u00e1neas, pero tambi\u00e9n para dejar volar nuestra imaginaci\u00f3n en la cocina.<\/p>\n<p dir=\"ltr\">Producto de Italia<\/p>\n","protected":false},"featured_media":4788,"comment_status":"open","ping_status":"closed","template":"","meta":{"_et_pb_use_builder":"","_et_pb_old_content":"","_et_gb_content_width":"","om_disable_all_campaigns":false,"_monsterinsights_skip_tracking":false,"_monsterinsights_sitenote_active":false,"_monsterinsights_sitenote_note":"","_monsterinsights_sitenote_category":0,"_joinchat":[]},"product_brand":[],"product_cat":[714,717],"product_tag":[],"class_list":{"0":"post-4787","1":"product","2":"type-product","3":"status-publish","4":"has-post-thumbnail","6":"product_cat-salsas-tomates","7":"product_cat-tomates-importados","9":"first","10":"instock","11":"taxable","12":"shipping-taxable","13":"purchasable","14":"product-type-simple"},"aioseo_notices":[],"_links":{"self":[{"href":"https:\/\/www.oestepizzaparty.com.ar\/index.php?rest_route=\/wp\/v2\/product\/4787","targetHints":{"allow":["GET"]}}],"collection":[{"href":"https:\/\/www.oestepizzaparty.com.ar\/index.php?rest_route=\/wp\/v2\/product"}],"about":[{"href":"https:\/\/www.oestepizzaparty.com.ar\/index.php?rest_route=\/wp\/v2\/types\/product"}],"replies":[{"embeddable":true,"href":"https:\/\/www.oestepizzaparty.com.ar\/index.php?rest_route=%2Fwp%2Fv2%2Fcomments&post=4787"}],"wp:featuredmedia":[{"embeddable":true,"href":"https:\/\/www.oestepizzaparty.com.ar\/index.php?rest_route=\/wp\/v2\/media\/4788"}],"wp:attachment":[{"href":"https:\/\/www.oestepizzaparty.com.ar\/index.php?rest_route=%2Fwp%2Fv2%2Fmedia&parent=4787"}],"wp:term":[{"taxonomy":"product_brand","embeddable":true,"href":"https:\/\/www.oestepizzaparty.com.ar\/index.php?rest_route=%2Fwp%2Fv2%2Fproduct_brand&post=4787"},{"taxonomy":"product_cat","embeddable":true,"href":"https:\/\/www.oestepizzaparty.com.ar\/index.php?rest_route=%2Fwp%2Fv2%2Fproduct_cat&post=4787"},{"taxonomy":"product_tag","embeddable":true,"href":"https:\/\/www.oestepizzaparty.com.ar\/index.php?rest_route=%2Fwp%2Fv2%2Fproduct_tag&post=4787"}],"curies":[{"name":"wp","href":"https:\/\/api.w.org\/{rel}","templated":true}]}}