{"id":5028,"date":"2021-05-27T16:59:39","date_gmt":"2021-05-27T19:59:39","guid":{"rendered":"https:\/\/www.oestepizzaparty.com.ar\/?post_type=product&#038;p=5028"},"modified":"2025-01-01T07:22:32","modified_gmt":"2025-01-01T10:22:32","slug":"pepinos-agrid-herr-kukumber-x-720-ml-360gr-origen-alemania","status":"publish","type":"product","link":"https:\/\/www.oestepizzaparty.com.ar\/?product=pepinos-agrid-herr-kukumber-x-720-ml-360gr-origen-alemania","title":{"rendered":"PEPINILLOS \u00abHERR KUKUMBER\u00bb FRASCO 720gr.  (ORIGEN ALEMANIA)"},"content":{"rendered":"<p>Pepinos agridulces en vinagre de origen alem\u00e1n. Ideales para comer directamente del frasco y para acompa\u00f1ar s\u00e1ndwiches, hamburguesas, salchichas y tostadas, ensaladas y elaborar salsas, como por ejemplo la salsa t\u00e1rtara.<\/p>\n","protected":false},"excerpt":{"rendered":"<p>Pepinos agridulces en vinagre de origen alem\u00e1n. Ideales para comer directamente del frasco y para acompa\u00f1ar s\u00e1ndwiches, hamburguesas, salchichas y tostadas, ensaladas y elaborar salsas, como por ejemplo la salsa t\u00e1rtara.<\/p>\n","protected":false},"featured_media":5029,"comment_status":"open","ping_status":"closed","template":"","meta":{"_et_pb_use_builder":"","_et_pb_old_content":"","_et_gb_content_width":"","om_disable_all_campaigns":false,"_monsterinsights_skip_tracking":false,"_monsterinsights_sitenote_active":false,"_monsterinsights_sitenote_note":"","_monsterinsights_sitenote_category":0,"_joinchat":[]},"product_brand":[],"product_cat":[709,708],"product_tag":[],"class_list":{"0":"post-5028","1":"product","2":"type-product","3":"status-publish","4":"has-post-thumbnail","6":"product_cat-aceitunas-conservas","7":"product_cat-productos-de-almacen","9":"first","10":"outofstock","11":"taxable","12":"shipping-taxable","13":"product-type-simple"},"aioseo_notices":[],"_links":{"self":[{"href":"https:\/\/www.oestepizzaparty.com.ar\/index.php?rest_route=\/wp\/v2\/product\/5028","targetHints":{"allow":["GET"]}}],"collection":[{"href":"https:\/\/www.oestepizzaparty.com.ar\/index.php?rest_route=\/wp\/v2\/product"}],"about":[{"href":"https:\/\/www.oestepizzaparty.com.ar\/index.php?rest_route=\/wp\/v2\/types\/product"}],"replies":[{"embeddable":true,"href":"https:\/\/www.oestepizzaparty.com.ar\/index.php?rest_route=%2Fwp%2Fv2%2Fcomments&post=5028"}],"wp:featuredmedia":[{"embeddable":true,"href":"https:\/\/www.oestepizzaparty.com.ar\/index.php?rest_route=\/wp\/v2\/media\/5029"}],"wp:attachment":[{"href":"https:\/\/www.oestepizzaparty.com.ar\/index.php?rest_route=%2Fwp%2Fv2%2Fmedia&parent=5028"}],"wp:term":[{"taxonomy":"product_brand","embeddable":true,"href":"https:\/\/www.oestepizzaparty.com.ar\/index.php?rest_route=%2Fwp%2Fv2%2Fproduct_brand&post=5028"},{"taxonomy":"product_cat","embeddable":true,"href":"https:\/\/www.oestepizzaparty.com.ar\/index.php?rest_route=%2Fwp%2Fv2%2Fproduct_cat&post=5028"},{"taxonomy":"product_tag","embeddable":true,"href":"https:\/\/www.oestepizzaparty.com.ar\/index.php?rest_route=%2Fwp%2Fv2%2Fproduct_tag&post=5028"}],"curies":[{"name":"wp","href":"https:\/\/api.w.org\/{rel}","templated":true}]}}