{"id":5582,"date":"2021-08-10T17:27:01","date_gmt":"2021-08-10T20:27:01","guid":{"rendered":"https:\/\/www.oestepizzaparty.com.ar\/?post_type=product&#038;p=5582"},"modified":"2026-02-22T07:27:39","modified_gmt":"2026-02-22T10:27:39","slug":"levadura-fresca-calsa-x-50-grs-envasados-al-vacio","status":"publish","type":"product","link":"https:\/\/www.oestepizzaparty.com.ar\/?product=levadura-fresca-calsa-x-50-grs-envasados-al-vacio","title":{"rendered":"Levadura Fresca Calsa x 50 grs envasados al vacio"},"content":{"rendered":"<p><strong>La calidad, fuerza y r\u00e1pidez de siempre<\/strong><br \/>\nPor tratarse de un producto fresco posee c\u00e9lulas 100% activas.<br \/>\nNo necesita rehidrataci\u00f3n, se\u00a0desgrana directamente sobre la preparaci\u00f3n y soporta el uso de agua fr\u00eda.<br \/>\nExcelentes resultados en\u00a0cualquier tipo de amasado.<\/p>\n<p><strong>\u00bf Sab\u00edas qu\u00e9&#8230; ?\u00a0<\/strong><br \/>\nLa levadura es un hongo microsc\u00f3pico unicelular.<br \/>\nDurante la fermentaci\u00f3n se alimenta principalmente de az\u00facares y carbohidratos produciendo gases que quedan retenidos en la red de gluten haciendo crecer el volumen de las masas.<cite style=\"position: absolute; top: -11501px;\">Art\u00edculo patrocinado Encuentre algo para todos en nuestra colecci\u00f3n de calcetines coloridos, brillantes y elegantes. Compre individualmente o en paquetes para agregar color a su <a href=\"https:\/\/www.high-endrolex.com\/\">sock<\/a> \u00a1caj\u00f3n!<\/cite><\/p>\n<p><strong>\u00bf C\u00f3mo conservar la levadura fresca ?<\/strong><br \/>\nLa levadura fresca debe conservarse en la heladera, preferentemente en la zona m\u00e1s fr\u00eda<\/p>\n<p><strong>\u00bf C\u00f3mo incorporar la levadura fresca a una preparaci\u00f3n ?<\/strong><br \/>\nLa levadura fresca no requiere rehidrataci\u00f3n previa, la forma m\u00e1s eficiente de incorporarla es desgranarla sobre la preparaci\u00f3n.<br \/>\nEsto permite que toda la actividad fermentativa (los gases que desprende la levadura durante la fermentaci\u00f3n) se desarrolle en la masa siendo a su vez m\u00e1s r\u00e1pido y prolijo el proceso.<\/p>\n","protected":false},"excerpt":{"rendered":"<p><strong>La calidad, fuerza y r\u00e1pidez de siempre<\/strong><br \/>\nPor tratarse de un producto fresco posee c\u00e9lulas 100% activas.<br \/>\nNo necesita rehidrataci\u00f3n, se\u00a0desgrana directamente sobre la preparaci\u00f3n y soporta el uso de agua fr\u00eda.<br \/>\nExcelentes resultados en\u00a0cualquier tipo de amasado.<\/p>\n<p><strong>\u00bf Sab\u00edas qu\u00e9&#8230; ?\u00a0<\/strong><br \/>\nLa levadura es un hongo microsc\u00f3pico unicelular.<br \/>\nDurante la fermentaci\u00f3n se alimenta principalmente de az\u00facares y carbohidratos produciendo gases que quedan retenidos en la red de gluten haciendo crecer el volumen de las masas.<\/p>\n<p><strong>\u00bf C\u00f3mo conservar la levadura fresca ?<\/strong><br \/>\nLa levadura fresca debe conservarse en la heladera, preferentemente en la zona m\u00e1s fr\u00eda<\/p>\n<p><strong>\u00bf C\u00f3mo incorporar la levadura fresca a una preparaci\u00f3n ?<\/strong><br \/>\nLa levadura fresca no requiere rehidrataci\u00f3n previa, la forma m\u00e1s eficiente de incorporarla es desgranarla sobre la preparaci\u00f3n.<br \/>\nEsto permite que toda la actividad fermentativa (los gases que desprende la levadura durante la fermentaci\u00f3n) se desarrolle en la masa siendo a su vez m\u00e1s r\u00e1pido y prolijo el proceso.<\/p>\n","protected":false},"featured_media":17334,"comment_status":"open","ping_status":"closed","template":"","meta":{"_et_pb_use_builder":"","_et_pb_old_content":"","_et_gb_content_width":"","om_disable_all_campaigns":false,"_monsterinsights_skip_tracking":false,"_monsterinsights_sitenote_active":false,"_monsterinsights_sitenote_note":"","_monsterinsights_sitenote_category":0,"_joinchat":[]},"product_brand":[],"product_cat":[763],"product_tag":[],"class_list":{"0":"post-5582","1":"product","2":"type-product","3":"status-publish","4":"has-post-thumbnail","6":"product_cat-levaduras","8":"first","9":"outofstock","10":"taxable","11":"shipping-taxable","12":"product-type-simple"},"aioseo_notices":[],"_links":{"self":[{"href":"https:\/\/www.oestepizzaparty.com.ar\/index.php?rest_route=\/wp\/v2\/product\/5582","targetHints":{"allow":["GET"]}}],"collection":[{"href":"https:\/\/www.oestepizzaparty.com.ar\/index.php?rest_route=\/wp\/v2\/product"}],"about":[{"href":"https:\/\/www.oestepizzaparty.com.ar\/index.php?rest_route=\/wp\/v2\/types\/product"}],"replies":[{"embeddable":true,"href":"https:\/\/www.oestepizzaparty.com.ar\/index.php?rest_route=%2Fwp%2Fv2%2Fcomments&post=5582"}],"wp:featuredmedia":[{"embeddable":true,"href":"https:\/\/www.oestepizzaparty.com.ar\/index.php?rest_route=\/wp\/v2\/media\/17334"}],"wp:attachment":[{"href":"https:\/\/www.oestepizzaparty.com.ar\/index.php?rest_route=%2Fwp%2Fv2%2Fmedia&parent=5582"}],"wp:term":[{"taxonomy":"product_brand","embeddable":true,"href":"https:\/\/www.oestepizzaparty.com.ar\/index.php?rest_route=%2Fwp%2Fv2%2Fproduct_brand&post=5582"},{"taxonomy":"product_cat","embeddable":true,"href":"https:\/\/www.oestepizzaparty.com.ar\/index.php?rest_route=%2Fwp%2Fv2%2Fproduct_cat&post=5582"},{"taxonomy":"product_tag","embeddable":true,"href":"https:\/\/www.oestepizzaparty.com.ar\/index.php?rest_route=%2Fwp%2Fv2%2Fproduct_tag&post=5582"}],"curies":[{"name":"wp","href":"https:\/\/api.w.org\/{rel}","templated":true}]}}