{"id":5720,"date":"2021-09-08T15:55:27","date_gmt":"2021-09-08T18:55:27","guid":{"rendered":"https:\/\/www.oestepizzaparty.com.ar\/?post_type=product&#038;p=5720"},"modified":"2026-04-09T12:24:20","modified_gmt":"2026-04-09T15:24:20","slug":"ajo-en-polvo-badia-x-85grs-origen-usa","status":"publish","type":"product","link":"https:\/\/www.oestepizzaparty.com.ar\/?product=ajo-en-polvo-badia-x-85grs-origen-usa","title":{"rendered":"AJO EN POLVO BADIA X 155GRS (ORIGEN USA)"},"content":{"rendered":"<p>Uno de los m\u00e1s \u00fatiles y apetecidos condimentos es el ajo, por su caracter\u00edstico sabor y sus atribuidas virtudes medicinales. Es el compa\u00f1ero ideal de pastas, arroces, aves, carnes, mariscos y verduras. Cada 1\/8 de cucharadita de ajo en Polvo Badia equivale a 1 diente de ajo fresco.<\/p>\n","protected":false},"excerpt":{"rendered":"<p>Uno de los m\u00e1s \u00fatiles y apetecidos condimentos es el ajo, por su caracter\u00edstico sabor y sus atribuidas virtudes medicinales. Es el compa\u00f1ero ideal de pastas, arroces, aves, carnes, mariscos y verduras. Cada 1\/8 de cucharadita de ajo en Polvo Badia equivale a 1 diente de ajo fresco.<\/p>\n","protected":false},"featured_media":5721,"comment_status":"open","ping_status":"closed","template":"","meta":{"_et_pb_use_builder":"","_et_pb_old_content":"","_et_gb_content_width":"","om_disable_all_campaigns":false,"_monsterinsights_skip_tracking":false,"_monsterinsights_sitenote_active":false,"_monsterinsights_sitenote_note":"","_monsterinsights_sitenote_category":0,"_joinchat":[]},"product_brand":[],"product_cat":[719,708],"product_tag":[],"class_list":{"0":"post-5720","1":"product","2":"type-product","3":"status-publish","4":"has-post-thumbnail","6":"product_cat-condimentos-especias","7":"product_cat-productos-de-almacen","9":"first","10":"instock","11":"taxable","12":"shipping-taxable","13":"purchasable","14":"product-type-simple"},"aioseo_notices":[],"_links":{"self":[{"href":"https:\/\/www.oestepizzaparty.com.ar\/index.php?rest_route=\/wp\/v2\/product\/5720","targetHints":{"allow":["GET"]}}],"collection":[{"href":"https:\/\/www.oestepizzaparty.com.ar\/index.php?rest_route=\/wp\/v2\/product"}],"about":[{"href":"https:\/\/www.oestepizzaparty.com.ar\/index.php?rest_route=\/wp\/v2\/types\/product"}],"replies":[{"embeddable":true,"href":"https:\/\/www.oestepizzaparty.com.ar\/index.php?rest_route=%2Fwp%2Fv2%2Fcomments&post=5720"}],"wp:featuredmedia":[{"embeddable":true,"href":"https:\/\/www.oestepizzaparty.com.ar\/index.php?rest_route=\/wp\/v2\/media\/5721"}],"wp:attachment":[{"href":"https:\/\/www.oestepizzaparty.com.ar\/index.php?rest_route=%2Fwp%2Fv2%2Fmedia&parent=5720"}],"wp:term":[{"taxonomy":"product_brand","embeddable":true,"href":"https:\/\/www.oestepizzaparty.com.ar\/index.php?rest_route=%2Fwp%2Fv2%2Fproduct_brand&post=5720"},{"taxonomy":"product_cat","embeddable":true,"href":"https:\/\/www.oestepizzaparty.com.ar\/index.php?rest_route=%2Fwp%2Fv2%2Fproduct_cat&post=5720"},{"taxonomy":"product_tag","embeddable":true,"href":"https:\/\/www.oestepizzaparty.com.ar\/index.php?rest_route=%2Fwp%2Fv2%2Fproduct_tag&post=5720"}],"curies":[{"name":"wp","href":"https:\/\/api.w.org\/{rel}","templated":true}]}}