{"id":5949,"date":"2021-10-01T15:06:52","date_gmt":"2021-10-01T18:06:52","guid":{"rendered":"https:\/\/www.oestepizzaparty.com.ar\/?post_type=product&#038;p=5949"},"modified":"2026-02-20T08:49:44","modified_gmt":"2026-02-20T11:49:44","slug":"familia-zuccardi-arauco-x-500ml","status":"publish","type":"product","link":"https:\/\/www.oestepizzaparty.com.ar\/?product=familia-zuccardi-arauco-x-500ml","title":{"rendered":"FAMILIA ZUCCARDI ARAUCO X 500m"},"content":{"rendered":"<p>FAMILIA ZUCCARDI ARAUCO<br \/>\nFamilia Zuccardi presenta su renovada l\u00ednea de aceites de oliva, un producto que une al olivo con el mundo de la gastronom\u00eda y combina de manera ideal el esp\u00edritu de innovaci\u00f3n que caracteriza a nuestros productos con una alt\u00edsima calidad, que resalta el concepto de varietales en los aceites.<\/p>\n<p>Esta variedad es originaria de Argentina, y tambi\u00e9n se conoce como Criolla por ser la m\u00e1s cultivada a lo largo de todo el pa\u00eds.<br \/>\nEl aceite de esta variedad es equilibrado e intenso, y su perfil organol\u00e9ptico es verde, muy fresco y complejo. Presenta notas de hoja de tomate, r\u00facula, alcaucil, hierbas y pasto reci\u00e9n cortado. Su alto contenido de componentes antioxidantes naturales lo dota de una gran frescura en boca, con gran presencia de amargos y picantes.<br \/>\nRecomendamos su maridaje con carnes rojas, quesos de pasta dura y preparaciones especiadas y picantes.<\/p>\n","protected":false},"excerpt":{"rendered":"<p>FAMILIA ZUCCARDI ARAUCO<br \/>\nFamilia Zuccardi presenta su renovada l\u00ednea de aceites de oliva, un producto que une al olivo con el mundo de la gastronom\u00eda y combina de manera ideal el esp\u00edritu de innovaci\u00f3n que caracteriza a nuestros productos con una alt\u00edsima calidad, que resalta el concepto de varietales en los aceites.<\/p>\n<p>Esta variedad es originaria de Argentina, y tambi\u00e9n se conoce como Criolla por ser la m\u00e1s cultivada a lo largo de todo el pa\u00eds.<br \/>\nEl aceite de esta variedad es equilibrado e intenso, y su perfil organol\u00e9ptico es verde, muy fresco y complejo. Presenta notas de hoja de tomate, r\u00facula, alcaucil, hierbas y pasto reci\u00e9n cortado. Su alto contenido de componentes antioxidantes naturales lo dota de una gran frescura en boca, con gran presencia de amargos y picantes.<br \/>\nRecomendamos su maridaje con carnes rojas, quesos de pasta dura y preparaciones especiadas y picantes.<\/p>\n","protected":false},"featured_media":5950,"comment_status":"open","ping_status":"closed","template":"","meta":{"_et_pb_use_builder":"","_et_pb_old_content":"","_et_gb_content_width":"","om_disable_all_campaigns":false,"_monsterinsights_skip_tracking":false,"_monsterinsights_sitenote_active":false,"_monsterinsights_sitenote_note":"","_monsterinsights_sitenote_category":0,"_joinchat":[]},"product_brand":[],"product_cat":[753],"product_tag":[],"class_list":{"0":"post-5949","1":"product","2":"type-product","3":"status-publish","4":"has-post-thumbnail","6":"product_cat-aceites-vinagres-nacionales","8":"first","9":"instock","10":"taxable","11":"shipping-taxable","12":"purchasable","13":"product-type-simple"},"aioseo_notices":[],"_links":{"self":[{"href":"https:\/\/www.oestepizzaparty.com.ar\/index.php?rest_route=\/wp\/v2\/product\/5949","targetHints":{"allow":["GET"]}}],"collection":[{"href":"https:\/\/www.oestepizzaparty.com.ar\/index.php?rest_route=\/wp\/v2\/product"}],"about":[{"href":"https:\/\/www.oestepizzaparty.com.ar\/index.php?rest_route=\/wp\/v2\/types\/product"}],"replies":[{"embeddable":true,"href":"https:\/\/www.oestepizzaparty.com.ar\/index.php?rest_route=%2Fwp%2Fv2%2Fcomments&post=5949"}],"wp:featuredmedia":[{"embeddable":true,"href":"https:\/\/www.oestepizzaparty.com.ar\/index.php?rest_route=\/wp\/v2\/media\/5950"}],"wp:attachment":[{"href":"https:\/\/www.oestepizzaparty.com.ar\/index.php?rest_route=%2Fwp%2Fv2%2Fmedia&parent=5949"}],"wp:term":[{"taxonomy":"product_brand","embeddable":true,"href":"https:\/\/www.oestepizzaparty.com.ar\/index.php?rest_route=%2Fwp%2Fv2%2Fproduct_brand&post=5949"},{"taxonomy":"product_cat","embeddable":true,"href":"https:\/\/www.oestepizzaparty.com.ar\/index.php?rest_route=%2Fwp%2Fv2%2Fproduct_cat&post=5949"},{"taxonomy":"product_tag","embeddable":true,"href":"https:\/\/www.oestepizzaparty.com.ar\/index.php?rest_route=%2Fwp%2Fv2%2Fproduct_tag&post=5949"}],"curies":[{"name":"wp","href":"https:\/\/api.w.org\/{rel}","templated":true}]}}