{"id":5955,"date":"2021-10-01T15:18:49","date_gmt":"2021-10-01T18:18:49","guid":{"rendered":"https:\/\/www.oestepizzaparty.com.ar\/?post_type=product&#038;p=5955"},"modified":"2026-04-14T10:49:29","modified_gmt":"2026-04-14T13:49:29","slug":"familia-zuccardi-aceite-de-oliva-picual-500-ml","status":"publish","type":"product","link":"https:\/\/www.oestepizzaparty.com.ar\/?product=familia-zuccardi-aceite-de-oliva-picual-500-ml","title":{"rendered":"Familia Zuccardi Aceite de oliva Picual 500 ml"},"content":{"rendered":"<p>Esta variedad es originaria de la zona de Andaluc\u00eda, Espa\u00f1a.<\/p>\n<p>El aceite de esta variedad se carateriza por su perfil organol\u00e9ptico fresco y frutado, que recuerda a hierbas arom\u00e1ticas, manana verde y tomate. De gran armon\u00eda y frescura, sus amargos y picantes tienen una intensidad media.<\/p>\n<p>Maridaje: Pescados frescos, pastas y ensaladas con hojas verdes y c\u00edtricos.<\/p>\n<p>PRESENTACION: 500 ml<\/p>\n","protected":false},"excerpt":{"rendered":"<p>Esta variedad es originaria de la zona de Andaluc\u00eda, Espa\u00f1a.<\/p>\n<p>El aceite de esta variedad se carateriza por su perfil organol\u00e9ptico fresco y frutado, que recuerda a hierbas arom\u00e1ticas, manana verde y tomate. De gran armon\u00eda y frescura, sus amargos y picantes tienen una intensidad media.<\/p>\n<p>Maridaje: Pescados frescos, pastas y ensaladas con hojas verdes y c\u00edtricos.<\/p>\n<p>PRESENTACION: 500 ml<\/p>\n","protected":false},"featured_media":5956,"comment_status":"open","ping_status":"closed","template":"","meta":{"_et_pb_use_builder":"","_et_pb_old_content":"","_et_gb_content_width":"","om_disable_all_campaigns":false,"_monsterinsights_skip_tracking":false,"_monsterinsights_sitenote_active":false,"_monsterinsights_sitenote_note":"","_monsterinsights_sitenote_category":0,"_joinchat":[]},"product_brand":[],"product_cat":[753],"product_tag":[],"class_list":{"0":"post-5955","1":"product","2":"type-product","3":"status-publish","4":"has-post-thumbnail","6":"product_cat-aceites-vinagres-nacionales","8":"first","9":"instock","10":"taxable","11":"shipping-taxable","12":"purchasable","13":"product-type-simple"},"aioseo_notices":[],"_links":{"self":[{"href":"https:\/\/www.oestepizzaparty.com.ar\/index.php?rest_route=\/wp\/v2\/product\/5955","targetHints":{"allow":["GET"]}}],"collection":[{"href":"https:\/\/www.oestepizzaparty.com.ar\/index.php?rest_route=\/wp\/v2\/product"}],"about":[{"href":"https:\/\/www.oestepizzaparty.com.ar\/index.php?rest_route=\/wp\/v2\/types\/product"}],"replies":[{"embeddable":true,"href":"https:\/\/www.oestepizzaparty.com.ar\/index.php?rest_route=%2Fwp%2Fv2%2Fcomments&post=5955"}],"wp:featuredmedia":[{"embeddable":true,"href":"https:\/\/www.oestepizzaparty.com.ar\/index.php?rest_route=\/wp\/v2\/media\/5956"}],"wp:attachment":[{"href":"https:\/\/www.oestepizzaparty.com.ar\/index.php?rest_route=%2Fwp%2Fv2%2Fmedia&parent=5955"}],"wp:term":[{"taxonomy":"product_brand","embeddable":true,"href":"https:\/\/www.oestepizzaparty.com.ar\/index.php?rest_route=%2Fwp%2Fv2%2Fproduct_brand&post=5955"},{"taxonomy":"product_cat","embeddable":true,"href":"https:\/\/www.oestepizzaparty.com.ar\/index.php?rest_route=%2Fwp%2Fv2%2Fproduct_cat&post=5955"},{"taxonomy":"product_tag","embeddable":true,"href":"https:\/\/www.oestepizzaparty.com.ar\/index.php?rest_route=%2Fwp%2Fv2%2Fproduct_tag&post=5955"}],"curies":[{"name":"wp","href":"https:\/\/api.w.org\/{rel}","templated":true}]}}