{"id":6070,"date":"2021-10-08T12:13:34","date_gmt":"2021-10-08T15:13:34","guid":{"rendered":"https:\/\/www.oestepizzaparty.com.ar\/?post_type=product&#038;p=6070"},"modified":"2026-05-02T14:52:30","modified_gmt":"2026-05-02T17:52:30","slug":"harina-0000-chacabuco-1kg","status":"publish","type":"product","link":"https:\/\/www.oestepizzaparty.com.ar\/?product=harina-0000-chacabuco-1kg","title":{"rendered":"TIPO 0000 X 1kg\u2013 MOLINO CHACABUCO"},"content":{"rendered":"<p>La harina Chacabuco 0000 es obtenida a partir de la cuidadosa selecci\u00f3n de nuestros mejores trigos. Es el producto natural m\u00e1s indicado para la elaboraci\u00f3n de pizzas, pastas y pasteler\u00eda. Su refinada calidad la hace ideal para preparar toda clase de platos que requieran una harina pensada especialmente para la alta cocina.<\/p>\n","protected":false},"excerpt":{"rendered":"<p>La harina Chacabuco 0000 es obtenida a partir de la cuidadosa selecci\u00f3n de nuestros mejores trigos. Es el producto natural m\u00e1s indicado para la elaboraci\u00f3n de pizzas, pastas y pasteler\u00eda. Su refinada calidad la hace ideal para preparar toda clase de platos que requieran una harina pensada especialmente para la alta cocina.<\/p>\n","protected":false},"featured_media":14606,"comment_status":"open","ping_status":"closed","template":"","meta":{"_et_pb_use_builder":"","_et_pb_old_content":"","_et_gb_content_width":"","om_disable_all_campaigns":false,"_monsterinsights_skip_tracking":false,"_monsterinsights_sitenote_active":false,"_monsterinsights_sitenote_note":"","_monsterinsights_sitenote_category":0,"_joinchat":[]},"product_brand":[],"product_cat":[732],"product_tag":[],"class_list":{"0":"post-6070","1":"product","2":"type-product","3":"status-publish","4":"has-post-thumbnail","6":"product_cat-molino-chacabuco","8":"first","9":"outofstock","10":"taxable","11":"shipping-taxable","12":"product-type-simple"},"aioseo_notices":[],"_links":{"self":[{"href":"https:\/\/www.oestepizzaparty.com.ar\/index.php?rest_route=\/wp\/v2\/product\/6070","targetHints":{"allow":["GET"]}}],"collection":[{"href":"https:\/\/www.oestepizzaparty.com.ar\/index.php?rest_route=\/wp\/v2\/product"}],"about":[{"href":"https:\/\/www.oestepizzaparty.com.ar\/index.php?rest_route=\/wp\/v2\/types\/product"}],"replies":[{"embeddable":true,"href":"https:\/\/www.oestepizzaparty.com.ar\/index.php?rest_route=%2Fwp%2Fv2%2Fcomments&post=6070"}],"wp:featuredmedia":[{"embeddable":true,"href":"https:\/\/www.oestepizzaparty.com.ar\/index.php?rest_route=\/wp\/v2\/media\/14606"}],"wp:attachment":[{"href":"https:\/\/www.oestepizzaparty.com.ar\/index.php?rest_route=%2Fwp%2Fv2%2Fmedia&parent=6070"}],"wp:term":[{"taxonomy":"product_brand","embeddable":true,"href":"https:\/\/www.oestepizzaparty.com.ar\/index.php?rest_route=%2Fwp%2Fv2%2Fproduct_brand&post=6070"},{"taxonomy":"product_cat","embeddable":true,"href":"https:\/\/www.oestepizzaparty.com.ar\/index.php?rest_route=%2Fwp%2Fv2%2Fproduct_cat&post=6070"},{"taxonomy":"product_tag","embeddable":true,"href":"https:\/\/www.oestepizzaparty.com.ar\/index.php?rest_route=%2Fwp%2Fv2%2Fproduct_tag&post=6070"}],"curies":[{"name":"wp","href":"https:\/\/api.w.org\/{rel}","templated":true}]}}