{"id":6108,"date":"2021-10-15T09:04:39","date_gmt":"2021-10-15T12:04:39","guid":{"rendered":"https:\/\/www.oestepizzaparty.com.ar\/?post_type=product&#038;p=6108"},"modified":"2025-09-23T10:30:03","modified_gmt":"2025-09-23T13:30:03","slug":"mostaza-maille-dijon-original-el-sabor-original-200ml","status":"publish","type":"product","link":"https:\/\/www.oestepizzaparty.com.ar\/?product=mostaza-maille-dijon-original-el-sabor-original-200ml","title":{"rendered":"Mostaza Maille Dijon Original El sabor original 200ml."},"content":{"rendered":"<p><strong>PICANTE, SABROSA, AUT\u00c9NTICA<\/strong><\/p>\n<p>La legendaria mostaza francesa de Maille, en su textura original, creada para realzar los sabores y sorprender a tus sentidos. Nuestras semillas de mostaza cuidadosamente seleccionadas se cortan finamente, no se trituran, para garantizar la textura m\u00e1s suave posible. Te transporta en un instante al coraz\u00f3n de Borgo\u00f1a, dando una dimensi\u00f3n completamente nueva a muchos platos, desde los m\u00e1s simples hasta los m\u00e1s sofisticados, brind\u00e1ndoles ligereza y refinamiento.<\/p>\n<p>Un ingrediente esencial para tu armario de especias y condimentos; un producto imprescindible para los entusiastas de la cocina.<\/p>\n<p>De sabor intenso, ligeramente picante y con una suave textura cremosa.<\/p>\n<p>Combina a la perfecci\u00f3n con carnes rojas, carnes blancas, asados, salsas, vinagretas y pastas.<\/p>\n","protected":false},"excerpt":{"rendered":"<p><strong>PICANTE, SABROSA, AUT\u00c9NTICA<\/strong><\/p>\n<p>La legendaria mostaza francesa de Maille, en su textura original, creada para realzar los sabores y sorprender a tus sentidos. Nuestras semillas de mostaza cuidadosamente seleccionadas se cortan finamente, no se trituran, para garantizar la textura m\u00e1s suave posible. Te transporta en un instante al coraz\u00f3n de Borgo\u00f1a, dando una dimensi\u00f3n completamente nueva a muchos platos, desde los m\u00e1s simples hasta los m\u00e1s sofisticados, brind\u00e1ndoles ligereza y refinamiento.<\/p>\n<p>Un ingrediente esencial para tu armario de especias y condimentos; un producto imprescindible para los entusiastas de la cocina.<\/p>\n<p>De sabor intenso, ligeramente picante y con una suave textura cremosa.<\/p>\n<p>Combina a la perfecci\u00f3n con carnes rojas, carnes blancas, asados, salsas, vinagretas y pastas.<\/p>\n","protected":false},"featured_media":6109,"comment_status":"open","ping_status":"closed","template":"","meta":{"_et_pb_use_builder":"","_et_pb_old_content":"","_et_gb_content_width":"","om_disable_all_campaigns":false,"_monsterinsights_skip_tracking":false,"_monsterinsights_sitenote_active":false,"_monsterinsights_sitenote_note":"","_monsterinsights_sitenote_category":0,"_joinchat":[]},"product_brand":[],"product_cat":[713],"product_tag":[],"class_list":{"0":"post-6108","1":"product","2":"type-product","3":"status-publish","4":"has-post-thumbnail","6":"product_cat-aderezos-salsas","8":"first","9":"outofstock","10":"taxable","11":"shipping-taxable","12":"product-type-simple"},"aioseo_notices":[],"_links":{"self":[{"href":"https:\/\/www.oestepizzaparty.com.ar\/index.php?rest_route=\/wp\/v2\/product\/6108","targetHints":{"allow":["GET"]}}],"collection":[{"href":"https:\/\/www.oestepizzaparty.com.ar\/index.php?rest_route=\/wp\/v2\/product"}],"about":[{"href":"https:\/\/www.oestepizzaparty.com.ar\/index.php?rest_route=\/wp\/v2\/types\/product"}],"replies":[{"embeddable":true,"href":"https:\/\/www.oestepizzaparty.com.ar\/index.php?rest_route=%2Fwp%2Fv2%2Fcomments&post=6108"}],"wp:featuredmedia":[{"embeddable":true,"href":"https:\/\/www.oestepizzaparty.com.ar\/index.php?rest_route=\/wp\/v2\/media\/6109"}],"wp:attachment":[{"href":"https:\/\/www.oestepizzaparty.com.ar\/index.php?rest_route=%2Fwp%2Fv2%2Fmedia&parent=6108"}],"wp:term":[{"taxonomy":"product_brand","embeddable":true,"href":"https:\/\/www.oestepizzaparty.com.ar\/index.php?rest_route=%2Fwp%2Fv2%2Fproduct_brand&post=6108"},{"taxonomy":"product_cat","embeddable":true,"href":"https:\/\/www.oestepizzaparty.com.ar\/index.php?rest_route=%2Fwp%2Fv2%2Fproduct_cat&post=6108"},{"taxonomy":"product_tag","embeddable":true,"href":"https:\/\/www.oestepizzaparty.com.ar\/index.php?rest_route=%2Fwp%2Fv2%2Fproduct_tag&post=6108"}],"curies":[{"name":"wp","href":"https:\/\/api.w.org\/{rel}","templated":true}]}}