{"id":6133,"date":"2021-10-24T08:34:25","date_gmt":"2021-10-24T11:34:25","guid":{"rendered":"https:\/\/www.oestepizzaparty.com.ar\/?post_type=product&#038;p=6133"},"modified":"2026-03-21T14:56:03","modified_gmt":"2026-03-21T17:56:03","slug":"lena-seleccionada-15kg-para-hornos","status":"publish","type":"product","link":"https:\/\/www.oestepizzaparty.com.ar\/?product=lena-seleccionada-15kg-para-hornos","title":{"rendered":"LE\u00d1A SELECCIONADA 15KG PARA HORNOS"},"content":{"rendered":"<p>La bolsa contiene 15kg de le\u00f1a seleccionada especialmente para peque\u00f1os hornos para la elaboraci\u00f3n de pizza napolitana, seleccionada y cortada por el rey de la le\u00f1a, contiene gran variante de peque\u00f1os trozos que favorece todo lo que este estilo de pizza necesita, calorias, llama y perfumes en tu horno.<\/p>\n","protected":false},"excerpt":{"rendered":"<p>La bolsa contiene 15kg de le\u00f1a seleccionada especialmente para peque\u00f1os hornos para la elaboraci\u00f3n de pizza napolitana, seleccionada y cortada por el rey de la le\u00f1a, contiene gran variante de peque\u00f1os trozos que favorece todo lo que este estilo de pizza necesita, calorias, llama y perfumes en tu horno.<\/p>\n","protected":false},"featured_media":6134,"comment_status":"open","ping_status":"closed","template":"","meta":{"_et_pb_use_builder":"","_et_pb_old_content":"","_et_gb_content_width":"","om_disable_all_campaigns":false,"_monsterinsights_skip_tracking":false,"_monsterinsights_sitenote_active":false,"_monsterinsights_sitenote_note":"","_monsterinsights_sitenote_category":0,"_joinchat":[]},"product_brand":[],"product_cat":[702],"product_tag":[],"class_list":{"0":"post-6133","1":"product","2":"type-product","3":"status-publish","4":"has-post-thumbnail","6":"product_cat-herramientas-de-trabajo","8":"first","9":"outofstock","10":"taxable","11":"shipping-taxable","12":"product-type-simple"},"aioseo_notices":[],"_links":{"self":[{"href":"https:\/\/www.oestepizzaparty.com.ar\/index.php?rest_route=\/wp\/v2\/product\/6133","targetHints":{"allow":["GET"]}}],"collection":[{"href":"https:\/\/www.oestepizzaparty.com.ar\/index.php?rest_route=\/wp\/v2\/product"}],"about":[{"href":"https:\/\/www.oestepizzaparty.com.ar\/index.php?rest_route=\/wp\/v2\/types\/product"}],"replies":[{"embeddable":true,"href":"https:\/\/www.oestepizzaparty.com.ar\/index.php?rest_route=%2Fwp%2Fv2%2Fcomments&post=6133"}],"wp:featuredmedia":[{"embeddable":true,"href":"https:\/\/www.oestepizzaparty.com.ar\/index.php?rest_route=\/wp\/v2\/media\/6134"}],"wp:attachment":[{"href":"https:\/\/www.oestepizzaparty.com.ar\/index.php?rest_route=%2Fwp%2Fv2%2Fmedia&parent=6133"}],"wp:term":[{"taxonomy":"product_brand","embeddable":true,"href":"https:\/\/www.oestepizzaparty.com.ar\/index.php?rest_route=%2Fwp%2Fv2%2Fproduct_brand&post=6133"},{"taxonomy":"product_cat","embeddable":true,"href":"https:\/\/www.oestepizzaparty.com.ar\/index.php?rest_route=%2Fwp%2Fv2%2Fproduct_cat&post=6133"},{"taxonomy":"product_tag","embeddable":true,"href":"https:\/\/www.oestepizzaparty.com.ar\/index.php?rest_route=%2Fwp%2Fv2%2Fproduct_tag&post=6133"}],"curies":[{"name":"wp","href":"https:\/\/api.w.org\/{rel}","templated":true}]}}