{"id":6237,"date":"2021-11-04T13:54:31","date_gmt":"2021-11-04T16:54:31","guid":{"rendered":"https:\/\/www.oestepizzaparty.com.ar\/?post_type=product&#038;p=6237"},"modified":"2026-04-28T13:29:56","modified_gmt":"2026-04-28T16:29:56","slug":"harina-chacabuco-semolin-10-x-1kg","status":"publish","type":"product","link":"https:\/\/www.oestepizzaparty.com.ar\/?product=harina-chacabuco-semolin-10-x-1kg","title":{"rendered":"PACK 10 x 1kg SEMOL\u00cdN &#8211; MOLINO CHACABUCO VENC 24\/07\/26"},"content":{"rendered":"<p>Harina Chacabuco Semolin 10 x 1kg<br \/>\nEl Semol\u00edn de Trigo Pan Chacabuco\u00ae es obtenido del coraz\u00f3n del grano de trigo. Gracias a que sus part\u00edculas son de mayor tama\u00f1o que la harina tradicional, se libera menor cantidad de almid\u00f3n en el agua durante la cocci\u00f3n, haci\u00e9ndolo perfecto para la elaboraci\u00f3n de pastas al dente. Tambi\u00e9n pod\u00e9s aplicarlo para dar crocancia a los panes r\u00fasticos y a las masas para pizzas espolvoreando con semol\u00edn en lugar de hacerlo con harina o con aceite.<\/p>\n<p>&nbsp;<\/p>\n","protected":false},"excerpt":{"rendered":"<p>Harina Chacabuco Semolin 10 x 1kg El Semol\u00edn de Trigo Pan Chacabuco\u00ae es obtenido del coraz\u00f3n del grano de trigo. Gracias a que sus part\u00edculas son de mayor tama\u00f1o que la harina tradicional, se libera menor cantidad de almid\u00f3n en el agua durante la cocci\u00f3n, haci\u00e9ndolo perfecto para la elaboraci\u00f3n de pastas al dente. Tambi\u00e9n [&hellip;]<\/p>\n","protected":false},"featured_media":6066,"comment_status":"open","ping_status":"closed","template":"","meta":{"_et_pb_use_builder":"","_et_pb_old_content":"","_et_gb_content_width":"","om_disable_all_campaigns":false,"_monsterinsights_skip_tracking":false,"_monsterinsights_sitenote_active":false,"_monsterinsights_sitenote_note":"","_monsterinsights_sitenote_category":0,"_joinchat":[]},"product_brand":[],"product_cat":[732],"product_tag":[],"class_list":{"0":"post-6237","1":"product","2":"type-product","3":"status-publish","4":"has-post-thumbnail","6":"product_cat-molino-chacabuco","8":"first","9":"instock","10":"taxable","11":"shipping-taxable","12":"purchasable","13":"product-type-simple"},"aioseo_notices":[],"_links":{"self":[{"href":"https:\/\/www.oestepizzaparty.com.ar\/index.php?rest_route=\/wp\/v2\/product\/6237","targetHints":{"allow":["GET"]}}],"collection":[{"href":"https:\/\/www.oestepizzaparty.com.ar\/index.php?rest_route=\/wp\/v2\/product"}],"about":[{"href":"https:\/\/www.oestepizzaparty.com.ar\/index.php?rest_route=\/wp\/v2\/types\/product"}],"replies":[{"embeddable":true,"href":"https:\/\/www.oestepizzaparty.com.ar\/index.php?rest_route=%2Fwp%2Fv2%2Fcomments&post=6237"}],"wp:featuredmedia":[{"embeddable":true,"href":"https:\/\/www.oestepizzaparty.com.ar\/index.php?rest_route=\/wp\/v2\/media\/6066"}],"wp:attachment":[{"href":"https:\/\/www.oestepizzaparty.com.ar\/index.php?rest_route=%2Fwp%2Fv2%2Fmedia&parent=6237"}],"wp:term":[{"taxonomy":"product_brand","embeddable":true,"href":"https:\/\/www.oestepizzaparty.com.ar\/index.php?rest_route=%2Fwp%2Fv2%2Fproduct_brand&post=6237"},{"taxonomy":"product_cat","embeddable":true,"href":"https:\/\/www.oestepizzaparty.com.ar\/index.php?rest_route=%2Fwp%2Fv2%2Fproduct_cat&post=6237"},{"taxonomy":"product_tag","embeddable":true,"href":"https:\/\/www.oestepizzaparty.com.ar\/index.php?rest_route=%2Fwp%2Fv2%2Fproduct_tag&post=6237"}],"curies":[{"name":"wp","href":"https:\/\/api.w.org\/{rel}","templated":true}]}}