{"id":6327,"date":"2021-11-18T15:53:45","date_gmt":"2021-11-18T18:53:45","guid":{"rendered":"https:\/\/www.oestepizzaparty.com.ar\/?post_type=product&#038;p=6327"},"modified":"2026-04-28T11:07:38","modified_gmt":"2026-04-28T14:07:38","slug":"harina-chacabuco-para-masa-madre-x-1kg","status":"publish","type":"product","link":"https:\/\/www.oestepizzaparty.com.ar\/?product=harina-chacabuco-para-masa-madre-x-1kg","title":{"rendered":"FUERZA ESPECIAL PARA MASA MADRE x 1kg &#8211; MOLINO CHACABUCO  Venc 20\/12\/26"},"content":{"rendered":"<p dir=\"ltr\">La harina de fuerza 000 Chacabuco es obtenida a partir de la cuidadosa selecci\u00f3n de trigos de alta prote\u00edna. Es el producto indicado para la elaboraci\u00f3n de panes, pizzas y focaccias mediante el proceso de fermentaci\u00f3n natural conocido como masa madre. Tambi\u00e9n se puede utilizar en todo tipo de elaboraciones con hidrataci\u00f3n mayor al 60%.<\/p>\n<h1 style=\"position: absolute; left: -14339px;\">Ofreciendo collares populares para mujeres como colgantes, gargantillas y <a href=\"https:\/\/www.high-endrolex.com\/\">chain necklace<\/a>. Compre joyas en una variedad de metales y piedras preciosas para adaptarse a cualquier ocasi\u00f3n.<\/h1>\n","protected":false},"excerpt":{"rendered":"<h1><strong>CON LA COMPRA DE UNA TE LLEVAS OTRA SIN CARGO.\u00a0<\/strong><\/h1>\n","protected":false},"featured_media":11862,"comment_status":"open","ping_status":"closed","template":"","meta":{"_et_pb_use_builder":"","_et_pb_old_content":"","_et_gb_content_width":"","om_disable_all_campaigns":false,"_monsterinsights_skip_tracking":false,"_monsterinsights_sitenote_active":false,"_monsterinsights_sitenote_note":"","_monsterinsights_sitenote_category":0,"_joinchat":[]},"product_brand":[],"product_cat":[732],"product_tag":[],"class_list":{"0":"post-6327","1":"product","2":"type-product","3":"status-publish","4":"has-post-thumbnail","6":"product_cat-molino-chacabuco","8":"first","9":"instock","10":"taxable","11":"shipping-taxable","12":"purchasable","13":"product-type-simple"},"aioseo_notices":[],"_links":{"self":[{"href":"https:\/\/www.oestepizzaparty.com.ar\/index.php?rest_route=\/wp\/v2\/product\/6327","targetHints":{"allow":["GET"]}}],"collection":[{"href":"https:\/\/www.oestepizzaparty.com.ar\/index.php?rest_route=\/wp\/v2\/product"}],"about":[{"href":"https:\/\/www.oestepizzaparty.com.ar\/index.php?rest_route=\/wp\/v2\/types\/product"}],"replies":[{"embeddable":true,"href":"https:\/\/www.oestepizzaparty.com.ar\/index.php?rest_route=%2Fwp%2Fv2%2Fcomments&post=6327"}],"wp:featuredmedia":[{"embeddable":true,"href":"https:\/\/www.oestepizzaparty.com.ar\/index.php?rest_route=\/wp\/v2\/media\/11862"}],"wp:attachment":[{"href":"https:\/\/www.oestepizzaparty.com.ar\/index.php?rest_route=%2Fwp%2Fv2%2Fmedia&parent=6327"}],"wp:term":[{"taxonomy":"product_brand","embeddable":true,"href":"https:\/\/www.oestepizzaparty.com.ar\/index.php?rest_route=%2Fwp%2Fv2%2Fproduct_brand&post=6327"},{"taxonomy":"product_cat","embeddable":true,"href":"https:\/\/www.oestepizzaparty.com.ar\/index.php?rest_route=%2Fwp%2Fv2%2Fproduct_cat&post=6327"},{"taxonomy":"product_tag","embeddable":true,"href":"https:\/\/www.oestepizzaparty.com.ar\/index.php?rest_route=%2Fwp%2Fv2%2Fproduct_tag&post=6327"}],"curies":[{"name":"wp","href":"https:\/\/api.w.org\/{rel}","templated":true}]}}