{"id":7882,"date":"2022-01-31T10:53:33","date_gmt":"2022-01-31T13:53:33","guid":{"rendered":"https:\/\/www.oestepizzaparty.com.ar\/?post_type=product&#038;p=7882"},"modified":"2026-04-22T20:19:29","modified_gmt":"2026-04-22T23:19:29","slug":"levadura-seca-instant-success-500-grs","status":"publish","type":"product","link":"https:\/\/www.oestepizzaparty.com.ar\/?product=levadura-seca-instant-success-500-grs","title":{"rendered":"LEVADURA SECA INSTANT SUCCESS 500 GRS (PLATEADA MASAS SALADA)"},"content":{"rendered":"<div class=\"wpb_text_column wpb_content_element \">\n<div class=\"wpb_wrapper\">\n<h2>Instant Success\u00a0\u00ae<\/h2>\n<\/div>\n<\/div>\n<div class=\"wpb_single_image wpb_content_element vc_align_left\">\n<div class=\"wpb_wrapper\">\n<div class=\"vc_single_image-wrapper vc_box_border_grey\"><img loading=\"lazy\" decoding=\"async\" class=\"vc_single_image-img attachment-thumbnail\" src=\"https:\/\/www.lesaffreargentina.com.ar\/wp-content\/uploads\/2016\/09\/Line_turquaise-150x3.jpg\" sizes=\"(max-width: 150px) 100vw, 150px\" srcset=\"https:\/\/www.lesaffreargentina.com.ar\/wp-content\/uploads\/2016\/09\/Line_turquaise-150x3.jpg 150w, https:\/\/www.lesaffreargentina.com.ar\/wp-content\/uploads\/2016\/09\/Line_turquaise.jpg 166w\" alt=\"\" width=\"150\" height=\"3\" \/><\/div>\n<\/div>\n<\/div>\n<div class=\"vc_empty_space\"><\/div>\n<div class=\"wpb_text_column wpb_content_element \">\n<div class=\"wpb_wrapper\">\n<p>Su r\u00e1pido arranque en la fermentaci\u00f3n la hacen particulamente apta para los procesos de panificaci\u00f3n.<\/p>\n<\/div>\n<\/div>\n<div class=\"vc_empty_space\"><\/div>\n<div class=\"wpb_text_column wpb_content_element \">\n<div class=\"wpb_wrapper\">\n<h3>Poder de fermentaci\u00f3n<\/h3>\n<\/div>\n<\/div>\n<div class=\"wpb_text_column wpb_content_element \">\n<div class=\"wpb_wrapper\">\n<p>El poder de fermentaci\u00f3n corresponde a la aptitud de la levadura para fermentar la masa. Se eval\u00faa midiendo el desprendimiento de gas carb\u00f3nico producido por una cantidad de levadura, la que<strong>\u00a0Lesaffre Argentina<\/strong>\u00a0adapta a las necesidades de los panaderos de la regi\u00f3n.<\/p>\n<\/div>\n<\/div>\n<div class=\"vc_empty_space\"><\/div>\n<div class=\"wpb_text_column wpb_content_element \">\n<div class=\"wpb_wrapper\">\n<h3>Modo de empleo<\/h3>\n<\/div>\n<\/div>\n<div class=\"wpb_text_column wpb_content_element \">\n<div class=\"wpb_wrapper\">\n<p>Se incorpora a la harina al comienzo o al final del amasado, seg\u00fan las necesidades del proceso.<\/p>\n<\/div>\n<\/div>\n<div class=\"vc_empty_space\"><\/div>\n<div class=\"wpb_text_column wpb_content_element \">\n<div class=\"wpb_wrapper\">\n<h3>Dosificaci\u00f3n<\/h3>\n<\/div>\n<\/div>\n<div class=\"wpb_text_column wpb_content_element \">\n<div class=\"wpb_wrapper\">\n<p>Las dosis var\u00edan seg\u00fan las f\u00f3rmulas de panificaci\u00f3n practicadas.<\/p>\n<\/div>\n<\/div>\n<div class=\"vc_empty_space\"><\/div>\n<div class=\"wpb_text_column wpb_content_element \">\n<div class=\"wpb_wrapper\">\n<h3>Ejemplos<\/h3>\n<\/div>\n<\/div>\n<div class=\"wpb_text_column wpb_content_element \">\n<div class=\"wpb_wrapper\">\n<p>Trabajo directo, diagramas cortos.<br \/>\n<strong>\u2013\u00a0<\/strong>Masa tipo pan franc\u00e9s, sin az\u00facar ni materia grasa: 1 a 2% del peso de la harina.<br \/>\n<strong>\u2013\u00a0<\/strong>Masa con az\u00facar: 3 a 5% del peso de la harina.<br \/>\n<strong>\u2013\u00a0<\/strong>En congelados: 5 a 8% del peso de la harina.<\/p>\n<\/div>\n<\/div>\n<div class=\"vc_empty_space\"><\/div>\n<div class=\"wpb_text_column wpb_content_element \">\n<div class=\"wpb_wrapper\">\n<h3>Conservaci\u00f3n<\/h3>\n<\/div>\n<\/div>\n<div class=\"wpb_text_column wpb_content_element \">\n<div class=\"wpb_wrapper\">\n<p>Con el fin de lograr \u00f3ptimos resultados,<strong>\u00a0Instant Success<\/strong>\u00a0debe almacenarse en fr\u00edo, a una temperatura comprendida entre +2\u00b0C y + 8\u00b0C. La temperatura ideal es de + 4\u00b0C.<br \/>\nEn estas condiciones, conserva sus propiedades hasta un mes despu\u00e9s de su producci\u00f3n.<\/p>\n<\/div>\n<\/div>\n","protected":false},"excerpt":{"rendered":"<p>Instant Success\u00a0\u00ae Su r\u00e1pido arranque en la fermentaci\u00f3n la hacen particulamente apta para los procesos de panificaci\u00f3n. Poder de fermentaci\u00f3n El poder de fermentaci\u00f3n corresponde a la aptitud de la levadura para fermentar la masa. Se eval\u00faa midiendo el desprendimiento de gas carb\u00f3nico producido por una cantidad de levadura, la que\u00a0Lesaffre Argentina\u00a0adapta a las necesidades [&hellip;]<\/p>\n","protected":false},"featured_media":7884,"comment_status":"open","ping_status":"closed","template":"","meta":{"_et_pb_use_builder":"","_et_pb_old_content":"","_et_gb_content_width":"","om_disable_all_campaigns":false,"_monsterinsights_skip_tracking":false,"_monsterinsights_sitenote_active":false,"_monsterinsights_sitenote_note":"","_monsterinsights_sitenote_category":0,"_joinchat":[]},"product_brand":[],"product_cat":[763],"product_tag":[],"class_list":{"0":"post-7882","1":"product","2":"type-product","3":"status-publish","4":"has-post-thumbnail","6":"product_cat-levaduras","8":"first","9":"outofstock","10":"taxable","11":"shipping-taxable","12":"purchasable","13":"product-type-simple"},"aioseo_notices":[],"_links":{"self":[{"href":"https:\/\/www.oestepizzaparty.com.ar\/index.php?rest_route=\/wp\/v2\/product\/7882","targetHints":{"allow":["GET"]}}],"collection":[{"href":"https:\/\/www.oestepizzaparty.com.ar\/index.php?rest_route=\/wp\/v2\/product"}],"about":[{"href":"https:\/\/www.oestepizzaparty.com.ar\/index.php?rest_route=\/wp\/v2\/types\/product"}],"replies":[{"embeddable":true,"href":"https:\/\/www.oestepizzaparty.com.ar\/index.php?rest_route=%2Fwp%2Fv2%2Fcomments&post=7882"}],"wp:featuredmedia":[{"embeddable":true,"href":"https:\/\/www.oestepizzaparty.com.ar\/index.php?rest_route=\/wp\/v2\/media\/7884"}],"wp:attachment":[{"href":"https:\/\/www.oestepizzaparty.com.ar\/index.php?rest_route=%2Fwp%2Fv2%2Fmedia&parent=7882"}],"wp:term":[{"taxonomy":"product_brand","embeddable":true,"href":"https:\/\/www.oestepizzaparty.com.ar\/index.php?rest_route=%2Fwp%2Fv2%2Fproduct_brand&post=7882"},{"taxonomy":"product_cat","embeddable":true,"href":"https:\/\/www.oestepizzaparty.com.ar\/index.php?rest_route=%2Fwp%2Fv2%2Fproduct_cat&post=7882"},{"taxonomy":"product_tag","embeddable":true,"href":"https:\/\/www.oestepizzaparty.com.ar\/index.php?rest_route=%2Fwp%2Fv2%2Fproduct_tag&post=7882"}],"curies":[{"name":"wp","href":"https:\/\/api.w.org\/{rel}","templated":true}]}}