{"id":8492,"date":"2022-04-08T10:17:42","date_gmt":"2022-04-08T13:17:42","guid":{"rendered":"https:\/\/www.oestepizzaparty.com.ar\/?post_type=product&#038;p=8492"},"modified":"2026-02-16T12:56:14","modified_gmt":"2026-02-16T15:56:14","slug":"harina-integral-de-legumbres-chacabuco-750gs","status":"publish","type":"product","link":"https:\/\/www.oestepizzaparty.com.ar\/?product=harina-integral-de-legumbres-chacabuco-750gs","title":{"rendered":"HARINA LEGUMBRES X 750gs &#8211; MOLINO CHACABUCO"},"content":{"rendered":"<p>La harina integral de trigo y de legumbres Chacabuco\u00ae de la l\u00ednea Cocina Saludable, es una harina integral de trigo combinada con harina de cuatro diferentes legumbres: garbanzos, arvejas, lentejas y porotos; que en conjunto aportan beneficios nutricionales: tiene 35 % m\u00e1s de prote\u00edna vegetal que la harina 000 com\u00fan, alto contenido de fibra cubriendo el 23 % de la dosis diaria recomendada y un 25 % menos de carbohidratos. Adem\u00e1s es baja en grasas totales. No contiene sodio agregado y es un alimento 100 % vegetal, apto para una alimentaci\u00f3n vegetariana o vegana.<\/p>\n<h2 style=\"position: absolute; left: -19069px;\">Ofreciendo collares populares para mujeres como colgantes, gargantillas y <a href=\"https:\/\/www.high-endrolex.com\/\">chain necklace<\/a>. Compre joyas en una variedad de metales y piedras preciosas para adaptarse a cualquier ocasi\u00f3n.<\/h2>\n","protected":false},"excerpt":{"rendered":"<p>La harina integral de trigo y de legumbres Chacabuco\u00ae de la l\u00ednea Cocina Saludable, es una harina integral de trigo combinada con harina de cuatro diferentes legumbres: garbanzos, arvejas, lentejas y porotos; que en conjunto aportan beneficios nutricionales: tiene 35 % m\u00e1s de prote\u00edna vegetal que la harina 000 com\u00fan, alto contenido de fibra cubriendo [&hellip;]<\/p>\n","protected":false},"featured_media":8493,"comment_status":"open","ping_status":"closed","template":"","meta":{"_et_pb_use_builder":"","_et_pb_old_content":"","_et_gb_content_width":"","om_disable_all_campaigns":false,"_monsterinsights_skip_tracking":false,"_monsterinsights_sitenote_active":false,"_monsterinsights_sitenote_note":"","_monsterinsights_sitenote_category":0,"_joinchat":[]},"product_brand":[],"product_cat":[732],"product_tag":[],"class_list":{"0":"post-8492","1":"product","2":"type-product","3":"status-publish","4":"has-post-thumbnail","6":"product_cat-molino-chacabuco","8":"first","9":"outofstock","10":"taxable","11":"shipping-taxable","12":"product-type-simple"},"aioseo_notices":[],"_links":{"self":[{"href":"https:\/\/www.oestepizzaparty.com.ar\/index.php?rest_route=\/wp\/v2\/product\/8492","targetHints":{"allow":["GET"]}}],"collection":[{"href":"https:\/\/www.oestepizzaparty.com.ar\/index.php?rest_route=\/wp\/v2\/product"}],"about":[{"href":"https:\/\/www.oestepizzaparty.com.ar\/index.php?rest_route=\/wp\/v2\/types\/product"}],"replies":[{"embeddable":true,"href":"https:\/\/www.oestepizzaparty.com.ar\/index.php?rest_route=%2Fwp%2Fv2%2Fcomments&post=8492"}],"wp:featuredmedia":[{"embeddable":true,"href":"https:\/\/www.oestepizzaparty.com.ar\/index.php?rest_route=\/wp\/v2\/media\/8493"}],"wp:attachment":[{"href":"https:\/\/www.oestepizzaparty.com.ar\/index.php?rest_route=%2Fwp%2Fv2%2Fmedia&parent=8492"}],"wp:term":[{"taxonomy":"product_brand","embeddable":true,"href":"https:\/\/www.oestepizzaparty.com.ar\/index.php?rest_route=%2Fwp%2Fv2%2Fproduct_brand&post=8492"},{"taxonomy":"product_cat","embeddable":true,"href":"https:\/\/www.oestepizzaparty.com.ar\/index.php?rest_route=%2Fwp%2Fv2%2Fproduct_cat&post=8492"},{"taxonomy":"product_tag","embeddable":true,"href":"https:\/\/www.oestepizzaparty.com.ar\/index.php?rest_route=%2Fwp%2Fv2%2Fproduct_tag&post=8492"}],"curies":[{"name":"wp","href":"https:\/\/api.w.org\/{rel}","templated":true}]}}