{"id":8512,"date":"2022-04-08T11:05:32","date_gmt":"2022-04-08T14:05:32","guid":{"rendered":"https:\/\/www.oestepizzaparty.com.ar\/?post_type=product&#038;p=8512"},"modified":"2026-04-25T11:14:20","modified_gmt":"2026-04-25T14:14:20","slug":"harina-chacabuco-para-masa-madre-pack-10-x-1kg","status":"publish","type":"product","link":"https:\/\/www.oestepizzaparty.com.ar\/?product=harina-chacabuco-para-masa-madre-pack-10-x-1kg","title":{"rendered":"PACK 10 X 1kg FUERZA ESPECIAL PARA MASA MADRE &#8211; MOLINO CHACABUCO Venc 20\/12\/26"},"content":{"rendered":"<p>La harina de fuerza 000 Chacabuco\u00ae es obtenida a partir de la cuidadosa selecci\u00f3n de trigos de alta prote\u00edna. Es el producto indicado para la elaboraci\u00f3n de panes, pizzas y focaccias mediante el proceso de fermentaci\u00f3n natural conocido como masa madre. Tambi\u00e9n se puede utilizar en todo tipo de elaboraciones con hidrataci\u00f3n mayor al 60%.<\/p>\n<p>&nbsp;<\/p>\n","protected":false},"excerpt":{"rendered":"<p>La harina de fuerza 000 Chacabuco\u00ae es obtenida a partir de la cuidadosa selecci\u00f3n de trigos de alta prote\u00edna. Es el producto indicado para la elaboraci\u00f3n de panes, pizzas y focaccias mediante el proceso de fermentaci\u00f3n natural conocido como masa madre. Tambi\u00e9n se puede utilizar en todo tipo de elaboraciones con hidrataci\u00f3n mayor al 60%. [&hellip;]<\/p>\n","protected":false},"featured_media":12057,"comment_status":"open","ping_status":"closed","template":"","meta":{"_et_pb_use_builder":"","_et_pb_old_content":"","_et_gb_content_width":"","om_disable_all_campaigns":false,"_monsterinsights_skip_tracking":false,"_monsterinsights_sitenote_active":false,"_monsterinsights_sitenote_note":"","_monsterinsights_sitenote_category":0,"_joinchat":[]},"product_brand":[],"product_cat":[732],"product_tag":[],"class_list":{"0":"post-8512","1":"product","2":"type-product","3":"status-publish","4":"has-post-thumbnail","6":"product_cat-molino-chacabuco","8":"first","9":"instock","10":"taxable","11":"shipping-taxable","12":"purchasable","13":"product-type-simple"},"aioseo_notices":[],"_links":{"self":[{"href":"https:\/\/www.oestepizzaparty.com.ar\/index.php?rest_route=\/wp\/v2\/product\/8512","targetHints":{"allow":["GET"]}}],"collection":[{"href":"https:\/\/www.oestepizzaparty.com.ar\/index.php?rest_route=\/wp\/v2\/product"}],"about":[{"href":"https:\/\/www.oestepizzaparty.com.ar\/index.php?rest_route=\/wp\/v2\/types\/product"}],"replies":[{"embeddable":true,"href":"https:\/\/www.oestepizzaparty.com.ar\/index.php?rest_route=%2Fwp%2Fv2%2Fcomments&post=8512"}],"wp:featuredmedia":[{"embeddable":true,"href":"https:\/\/www.oestepizzaparty.com.ar\/index.php?rest_route=\/wp\/v2\/media\/12057"}],"wp:attachment":[{"href":"https:\/\/www.oestepizzaparty.com.ar\/index.php?rest_route=%2Fwp%2Fv2%2Fmedia&parent=8512"}],"wp:term":[{"taxonomy":"product_brand","embeddable":true,"href":"https:\/\/www.oestepizzaparty.com.ar\/index.php?rest_route=%2Fwp%2Fv2%2Fproduct_brand&post=8512"},{"taxonomy":"product_cat","embeddable":true,"href":"https:\/\/www.oestepizzaparty.com.ar\/index.php?rest_route=%2Fwp%2Fv2%2Fproduct_cat&post=8512"},{"taxonomy":"product_tag","embeddable":true,"href":"https:\/\/www.oestepizzaparty.com.ar\/index.php?rest_route=%2Fwp%2Fv2%2Fproduct_tag&post=8512"}],"curies":[{"name":"wp","href":"https:\/\/api.w.org\/{rel}","templated":true}]}}