{"id":8526,"date":"2022-04-09T12:02:06","date_gmt":"2022-04-09T15:02:06","guid":{"rendered":"https:\/\/www.oestepizzaparty.com.ar\/?post_type=product&#038;p=8526"},"modified":"2026-05-06T09:26:54","modified_gmt":"2026-05-06T12:26:54","slug":"10-bolas-x-25-kg-molino-chacabuco-harina-0000-pastelera","status":"publish","type":"product","link":"https:\/\/www.oestepizzaparty.com.ar\/?product=10-bolas-x-25-kg-molino-chacabuco-harina-0000-pastelera","title":{"rendered":"10 Bolsas x 25kg TIPO 0000 &#8211; MOLINO CHACABUCO Venc 10\/26"},"content":{"rendered":"<p>10 BOLAS X 25 KG<\/p>\n<p style=\"text-align: center;\">Harina de trigo 0000 enriquecida seg\u00fan<br \/>\nley 25630. Aplicaci\u00f3n: panificados,<br \/>\ngalleter\u00eda, pizzer\u00eda, pastas frescas y secas,<br \/>\npasteler\u00eda y confiter\u00eda.<\/p>\n","protected":false},"excerpt":{"rendered":"<p>10 BOLAS X 25 KG Harina de trigo 0000 enriquecida seg\u00fan ley 25630. Aplicaci\u00f3n: panificados, galleter\u00eda, pizzer\u00eda, pastas frescas y secas, pasteler\u00eda y confiter\u00eda.<\/p>\n","protected":false},"featured_media":1720,"comment_status":"open","ping_status":"closed","template":"","meta":{"_et_pb_use_builder":"","_et_pb_old_content":"","_et_gb_content_width":"","om_disable_all_campaigns":false,"_monsterinsights_skip_tracking":false,"_monsterinsights_sitenote_active":false,"_monsterinsights_sitenote_note":"","_monsterinsights_sitenote_category":0,"_joinchat":[]},"product_brand":[],"product_cat":[732],"product_tag":[],"class_list":{"0":"post-8526","1":"product","2":"type-product","3":"status-publish","4":"has-post-thumbnail","6":"product_cat-molino-chacabuco","8":"first","9":"instock","10":"taxable","11":"shipping-taxable","12":"purchasable","13":"product-type-simple"},"aioseo_notices":[],"_links":{"self":[{"href":"https:\/\/www.oestepizzaparty.com.ar\/index.php?rest_route=\/wp\/v2\/product\/8526","targetHints":{"allow":["GET"]}}],"collection":[{"href":"https:\/\/www.oestepizzaparty.com.ar\/index.php?rest_route=\/wp\/v2\/product"}],"about":[{"href":"https:\/\/www.oestepizzaparty.com.ar\/index.php?rest_route=\/wp\/v2\/types\/product"}],"replies":[{"embeddable":true,"href":"https:\/\/www.oestepizzaparty.com.ar\/index.php?rest_route=%2Fwp%2Fv2%2Fcomments&post=8526"}],"wp:featuredmedia":[{"embeddable":true,"href":"https:\/\/www.oestepizzaparty.com.ar\/index.php?rest_route=\/wp\/v2\/media\/1720"}],"wp:attachment":[{"href":"https:\/\/www.oestepizzaparty.com.ar\/index.php?rest_route=%2Fwp%2Fv2%2Fmedia&parent=8526"}],"wp:term":[{"taxonomy":"product_brand","embeddable":true,"href":"https:\/\/www.oestepizzaparty.com.ar\/index.php?rest_route=%2Fwp%2Fv2%2Fproduct_brand&post=8526"},{"taxonomy":"product_cat","embeddable":true,"href":"https:\/\/www.oestepizzaparty.com.ar\/index.php?rest_route=%2Fwp%2Fv2%2Fproduct_cat&post=8526"},{"taxonomy":"product_tag","embeddable":true,"href":"https:\/\/www.oestepizzaparty.com.ar\/index.php?rest_route=%2Fwp%2Fv2%2Fproduct_tag&post=8526"}],"curies":[{"name":"wp","href":"https:\/\/api.w.org\/{rel}","templated":true}]}}