{"id":9575,"date":"2022-07-27T11:25:53","date_gmt":"2022-07-27T14:25:53","guid":{"rendered":"https:\/\/www.oestepizzaparty.com.ar\/?post_type=product&#038;p=9575"},"modified":"2026-04-28T11:13:09","modified_gmt":"2026-04-28T14:13:09","slug":"mani-king-manteca-de-mani-original-x-350gr","status":"publish","type":"product","link":"https:\/\/www.oestepizzaparty.com.ar\/?product=mani-king-manteca-de-mani-original-x-350gr","title":{"rendered":"Mani King Manteca De Man\u00ed Original X 350gr"},"content":{"rendered":"<p>Mani King Manteca De Man\u00ed Original X 350gr<\/p>\n<h2>Tabla Nutricional<\/h2>\n<div class=\"table-wrap\">\n<table width=\"100%\" cellspacing=\"0\" cellpadding=\"0\">\n<thead>\n<tr>\n<th colspan=\"2\">Porci\u00f3n 20 g (1 cucharada de sopa)<\/th>\n<\/tr>\n<\/thead>\n<tbody>\n<tr>\n<td><\/td>\n<td>Cantidad por 100 g<\/td>\n<\/tr>\n<tr>\n<td>Valor energ\u00e9tico<\/td>\n<td>583 kcal = 2449 kJ<\/td>\n<\/tr>\n<tr>\n<td>Carbohidratos**<\/td>\n<td>17g<\/td>\n<\/tr>\n<tr>\n<td>Az\u00facares totales<\/td>\n<td>15g<\/td>\n<\/tr>\n<tr>\n<td>Prote\u00ednas<\/td>\n<td>23g<\/td>\n<\/tr>\n<tr>\n<td>Grasas totales<br \/>\n<small>de las cuales<\/small><\/td>\n<td>47 g<\/td>\n<\/tr>\n<tr>\n<td>Grasas saturadas<\/td>\n<td>7,6g<\/td>\n<\/tr>\n<tr>\n<td>Grasas trans<\/td>\n<td>0g<\/td>\n<\/tr>\n<tr>\n<td>Grasas monoinstauradas<\/td>\n<td>37g<\/td>\n<\/tr>\n<tr>\n<td>Grasas poliinsaturadas<\/td>\n<td>2,4g<\/td>\n<\/tr>\n<tr>\n<td>Colesterol<\/td>\n<td>0mg<\/td>\n<\/tr>\n<tr>\n<td>Fibra alimentaria**<\/td>\n<td>8,3g<\/td>\n<\/tr>\n<tr>\n<td>Fibra insoluble<\/td>\n<td>7g<\/td>\n<\/tr>\n<tr>\n<td>Fibra soluble<\/td>\n<td>1,3g<\/td>\n<\/tr>\n<tr>\n<td>Sodio<\/td>\n<td>196mg***<\/td>\n<\/tr>\n<\/tbody>\n<\/table>\n<\/div>\n","protected":false},"excerpt":{"rendered":"<p>Mani King Manteca De Man\u00ed Original X 350gr Tabla Nutricional Porci\u00f3n 20 g (1 cucharada de sopa) Cantidad por 100 g Valor energ\u00e9tico 583 kcal = 2449 kJ Carbohidratos** 17g Az\u00facares totales 15g Prote\u00ednas 23g Grasas totales de las cuales 47 g Grasas saturadas 7,6g Grasas trans 0g Grasas monoinstauradas 37g Grasas poliinsaturadas 2,4g Colesterol [&hellip;]<\/p>\n","protected":false},"featured_media":9576,"comment_status":"open","ping_status":"closed","template":"","meta":{"_et_pb_use_builder":"","_et_pb_old_content":"","_et_gb_content_width":"","om_disable_all_campaigns":false,"_monsterinsights_skip_tracking":false,"_monsterinsights_sitenote_active":false,"_monsterinsights_sitenote_note":"","_monsterinsights_sitenote_category":0,"_joinchat":[]},"product_brand":[],"product_cat":[704],"product_tag":[],"class_list":{"0":"post-9575","1":"product","2":"type-product","3":"status-publish","4":"has-post-thumbnail","6":"product_cat-mantecas-grasas-margarinas","8":"first","9":"instock","10":"taxable","11":"shipping-taxable","12":"purchasable","13":"product-type-simple"},"aioseo_notices":[],"_links":{"self":[{"href":"https:\/\/www.oestepizzaparty.com.ar\/index.php?rest_route=\/wp\/v2\/product\/9575","targetHints":{"allow":["GET"]}}],"collection":[{"href":"https:\/\/www.oestepizzaparty.com.ar\/index.php?rest_route=\/wp\/v2\/product"}],"about":[{"href":"https:\/\/www.oestepizzaparty.com.ar\/index.php?rest_route=\/wp\/v2\/types\/product"}],"replies":[{"embeddable":true,"href":"https:\/\/www.oestepizzaparty.com.ar\/index.php?rest_route=%2Fwp%2Fv2%2Fcomments&post=9575"}],"wp:featuredmedia":[{"embeddable":true,"href":"https:\/\/www.oestepizzaparty.com.ar\/index.php?rest_route=\/wp\/v2\/media\/9576"}],"wp:attachment":[{"href":"https:\/\/www.oestepizzaparty.com.ar\/index.php?rest_route=%2Fwp%2Fv2%2Fmedia&parent=9575"}],"wp:term":[{"taxonomy":"product_brand","embeddable":true,"href":"https:\/\/www.oestepizzaparty.com.ar\/index.php?rest_route=%2Fwp%2Fv2%2Fproduct_brand&post=9575"},{"taxonomy":"product_cat","embeddable":true,"href":"https:\/\/www.oestepizzaparty.com.ar\/index.php?rest_route=%2Fwp%2Fv2%2Fproduct_cat&post=9575"},{"taxonomy":"product_tag","embeddable":true,"href":"https:\/\/www.oestepizzaparty.com.ar\/index.php?rest_route=%2Fwp%2Fv2%2Fproduct_tag&post=9575"}],"curies":[{"name":"wp","href":"https:\/\/api.w.org\/{rel}","templated":true}]}}