{"id":9582,"date":"2022-07-27T11:40:58","date_gmt":"2022-07-27T14:40:58","guid":{"rendered":"https:\/\/www.oestepizzaparty.com.ar\/?post_type=product&#038;p=9582"},"modified":"2026-02-22T07:35:47","modified_gmt":"2026-02-22T10:35:47","slug":"mani-king-mani-salado-sin-piel-x-1kg","status":"publish","type":"product","link":"https:\/\/www.oestepizzaparty.com.ar\/?product=mani-king-mani-salado-sin-piel-x-1kg","title":{"rendered":"Mani King Mani Salado sin Piel x 1kg"},"content":{"rendered":"<h2><span class=\"has-inline-color\">Descripci\u00f3n del producto<\/span><\/h2>\n<p>Un man\u00ed crocante, tentador y sabroso. Ideal para compartir en momentos divertidos junto a tu familia y amigos.<\/p>\n<table style=\"height: 430px; width: 99.8729%;\" width=\"786\" cellspacing=\"0\" cellpadding=\"0\">\n<thead>\n<tr>\n<th colspan=\"2\">Porci\u00f3n 15 g (1 cucharada de sopa)<\/th>\n<\/tr>\n<\/thead>\n<tbody>\n<tr>\n<td><\/td>\n<td>Cantidad por 100 g<\/td>\n<\/tr>\n<tr>\n<td>Valor energ\u00e9tico<\/td>\n<td>595 kcal = 2487 kJ<\/td>\n<\/tr>\n<tr>\n<td>Carbohidratos**<\/td>\n<td>9,9g<\/td>\n<\/tr>\n<tr>\n<td>Az\u00facares totales<\/td>\n<td>3,6g<\/td>\n<\/tr>\n<tr>\n<td>Prote\u00ednas<\/td>\n<td>26g<\/td>\n<\/tr>\n<tr>\n<td>Grasas totales<br \/>\n<small>de las cuales<\/small><\/td>\n<td>50 g<\/td>\n<\/tr>\n<tr>\n<td>Grasas saturadas<\/td>\n<td>6,4g<\/td>\n<\/tr>\n<tr>\n<td>Grasas trans<\/td>\n<td>0g<\/td>\n<\/tr>\n<tr>\n<td>Grasas monoinstauradas<\/td>\n<td>42g<\/td>\n<\/tr>\n<tr>\n<td>Grasas poliinsaturadas<\/td>\n<td>2g<\/td>\n<\/tr>\n<tr>\n<td>Colesterol<\/td>\n<td>0mg<\/td>\n<\/tr>\n<tr>\n<td>Fibra alimentaria**<\/td>\n<td>8,6g<\/td>\n<\/tr>\n<tr>\n<td>Fibra insoluble<\/td>\n<td>5,6g<\/td>\n<\/tr>\n<tr>\n<td>Fibra soluble<\/td>\n<td>3g<\/td>\n<\/tr>\n<tr>\n<td>Sodio<\/td>\n<td>389mg***<\/td>\n<\/tr>\n<\/tbody>\n<\/table>\n","protected":false},"excerpt":{"rendered":"<p>Descripci\u00f3n del producto Un man\u00ed crocante, tentador y sabroso. Ideal para compartir en momentos divertidos junto a tu familia y amigos. Porci\u00f3n 15 g (1 cucharada de sopa) Cantidad por 100 g Valor energ\u00e9tico 595 kcal = 2487 kJ Carbohidratos** 9,9g Az\u00facares totales 3,6g Prote\u00ednas 26g Grasas totales de las cuales 50 g Grasas saturadas [&hellip;]<\/p>\n","protected":false},"featured_media":13134,"comment_status":"open","ping_status":"closed","template":"","meta":{"_et_pb_use_builder":"","_et_pb_old_content":"","_et_gb_content_width":"","om_disable_all_campaigns":false,"_monsterinsights_skip_tracking":false,"_monsterinsights_sitenote_active":false,"_monsterinsights_sitenote_note":"","_monsterinsights_sitenote_category":0,"_joinchat":[]},"product_brand":[],"product_cat":[749],"product_tag":[],"class_list":{"0":"post-9582","1":"product","2":"type-product","3":"status-publish","4":"has-post-thumbnail","6":"product_cat-frutos-secos","8":"first","9":"outofstock","10":"taxable","11":"shipping-taxable","12":"product-type-simple"},"aioseo_notices":[],"_links":{"self":[{"href":"https:\/\/www.oestepizzaparty.com.ar\/index.php?rest_route=\/wp\/v2\/product\/9582","targetHints":{"allow":["GET"]}}],"collection":[{"href":"https:\/\/www.oestepizzaparty.com.ar\/index.php?rest_route=\/wp\/v2\/product"}],"about":[{"href":"https:\/\/www.oestepizzaparty.com.ar\/index.php?rest_route=\/wp\/v2\/types\/product"}],"replies":[{"embeddable":true,"href":"https:\/\/www.oestepizzaparty.com.ar\/index.php?rest_route=%2Fwp%2Fv2%2Fcomments&post=9582"}],"wp:featuredmedia":[{"embeddable":true,"href":"https:\/\/www.oestepizzaparty.com.ar\/index.php?rest_route=\/wp\/v2\/media\/13134"}],"wp:attachment":[{"href":"https:\/\/www.oestepizzaparty.com.ar\/index.php?rest_route=%2Fwp%2Fv2%2Fmedia&parent=9582"}],"wp:term":[{"taxonomy":"product_brand","embeddable":true,"href":"https:\/\/www.oestepizzaparty.com.ar\/index.php?rest_route=%2Fwp%2Fv2%2Fproduct_brand&post=9582"},{"taxonomy":"product_cat","embeddable":true,"href":"https:\/\/www.oestepizzaparty.com.ar\/index.php?rest_route=%2Fwp%2Fv2%2Fproduct_cat&post=9582"},{"taxonomy":"product_tag","embeddable":true,"href":"https:\/\/www.oestepizzaparty.com.ar\/index.php?rest_route=%2Fwp%2Fv2%2Fproduct_tag&post=9582"}],"curies":[{"name":"wp","href":"https:\/\/api.w.org\/{rel}","templated":true}]}}